{"id":22592,"date":"2022-12-01T13:33:43","date_gmt":"2022-12-01T13:33:43","guid":{"rendered":"https:\/\/findit.webapp-market.com\/comparar\/"},"modified":"2024-04-08T21:03:40","modified_gmt":"2024-04-08T21:03:40","slug":"comparar","status":"publish","type":"page","link":"https:\/\/findit.webapp-market.com\/es\/comparar\/","title":{"rendered":"Comparar"},"content":{"rendered":"\t\t<div data-elementor-type=\"wp-page\" data-elementor-id=\"22592\" class=\"elementor elementor-22592 elementor-108\" data-elementor-post-type=\"page\">\n\t\t\t\t\t\t<section class=\"wd-negative-gap elementor-section elementor-top-section elementor-element elementor-element-3888c4a elementor-section-boxed elementor-section-height-default elementor-section-height-default\" data-id=\"3888c4a\" data-element_type=\"section\">\n\t\t\t\t\t\t<div class=\"elementor-container elementor-column-gap-default\">\n\t\t\t\t\t<div class=\"elementor-column elementor-col-100 elementor-top-column elementor-element elementor-element-a3b54d3\" data-id=\"a3b54d3\" data-element_type=\"column\">\n\t\t\t<div class=\"elementor-widget-wrap elementor-element-populated\">\n\t\t\t\t\t\t<div class=\"elementor-element elementor-element-4183600 elementor-widget elementor-widget-wd_compare\" data-id=\"4183600\" data-element_type=\"widget\" data-widget_type=\"wd_compare.default\">\n\t\t\t\t<div class=\"elementor-widget-container\">\n\t\t\t\t\t\t\t<p class=\"wd-empty-compare wd-empty-page\">\n\t\t\tLa lista de comparaci\u00f3n est\u00e1 vac\u00eda.\t\t<\/p>\n\t\t\t\t\t<div class=\"wd-empty-page-text\">\n\t\t\t\tNo se agregaron productos en la lista. Debes agregar algunos productos para compararlos.\nEncontrar\u00e1 muchos productos interesantes en nuestra p\u00e1gina \"Tienda\".\t\t\t<\/div>\n\t\t\t\t<p class=\"return-to-shop\">\n\t\t\t<a class=\"button\" href=\"https:\/\/findit.webapp-market.com\/es\/tienda\/\">\n\t\t\t\tVolver a la tienda\t\t\t<\/a>\n\t\t<\/p>\n\t\t\t\t\t\t<\/div>\n\t\t\t\t<\/div>\n\t\t\t\t\t<\/div>\n\t\t<\/div>\n\t\t\t\t\t<\/div>\n\t\t<\/section>\n\t\t\t\t<\/div>\n\t\t","protected":false},"excerpt":{"rendered":"<p>Remove AOC Q24P2Q \u00a3280.00 Add to cart Remove AOC AGON AG493UCX Rated 5.00 out of 5 based on 1 customer<\/p>\n","protected":false},"author":1,"featured_media":0,"parent":0,"menu_order":0,"comment_status":"closed","ping_status":"closed","template":"","meta":{"footnotes":""},"class_list":["post-22592","page","type-page","status-publish","hentry"],"_links":{"self":[{"href":"https:\/\/findit.webapp-market.com\/es\/wp-json\/wp\/v2\/pages\/22592","targetHints":{"allow":["GET"]}}],"collection":[{"href":"https:\/\/findit.webapp-market.com\/es\/wp-json\/wp\/v2\/pages"}],"about":[{"href":"https:\/\/findit.webapp-market.com\/es\/wp-json\/wp\/v2\/types\/page"}],"author":[{"embeddable":true,"href":"https:\/\/findit.webapp-market.com\/es\/wp-json\/wp\/v2\/users\/1"}],"replies":[{"embeddable":true,"href":"https:\/\/findit.webapp-market.com\/es\/wp-json\/wp\/v2\/comments?post=22592"}],"version-history":[{"count":2,"href":"https:\/\/findit.webapp-market.com\/es\/wp-json\/wp\/v2\/pages\/22592\/revisions"}],"predecessor-version":[{"id":22594,"href":"https:\/\/findit.webapp-market.com\/es\/wp-json\/wp\/v2\/pages\/22592\/revisions\/22594"}],"wp:attachment":[{"href":"https:\/\/findit.webapp-market.com\/es\/wp-json\/wp\/v2\/media?parent=22592"}],"curies":[{"name":"wp","href":"https:\/\/api.w.org\/{rel}","templated":true}]}}