{"id":22617,"date":"2024-04-07T23:12:08","date_gmt":"2024-04-07T23:12:08","guid":{"rendered":"https:\/\/findit.webapp-market.com\/product\/despigmentante-intimo-60ml-sen-intimo\/"},"modified":"2023-06-13T23:12:08","modified_gmt":"2023-06-13T23:12:08","slug":"despigmentante-intimo-60ml-sen-intimo","status":"publish","type":"product","link":"https:\/\/findit.webapp-market.com\/es\/producto\/despigmentante-intimo-60ml-sen-intimo\/","title":{"rendered":"Despigmentante Intimo 60ml | Sen Intimo"},"content":{"rendered":"<p>Desarrollado para combatir la hiperpigmentaci\u00f3n, aclarando y homogeneizando el color de la piel. Apto para todo tipo de piel. Ideal para zonas \u00edntimas, axilas, rodillas, codos, pezones, cuello y entrepierna.<\/p>\n<p><strong>MODO DE USO:<\/strong> Aplicar en la piel limpia y seca, sobre las zonas a tratar, en cantidad suficiente para cubrir de manera uniforme. Aseg\u00farese de que el producto sea absorbido antes de vestirse o usar otro producto. Puede usarse en cualquier zona del cuerpo<\/p>\n<p><strong>PRECAUCIONES:<\/strong> Si presenta irritaci\u00f3n suspenda su uso y consulte a su m\u00e9dico. Uso externo Aplicar en la noche, en el d\u00eda usar protector solar. No aplicar sobre la piel irritada. Evite el contacto con ojos y mucosas.<\/p>\n<p><strong>Confidencialidad:<\/strong> Tus pedidos se env\u00edan en una caja o sobre totalmente sellado opaco sin ning\u00fan tipo de marcas externas. Para nosotros es muy importante tu privacidad.<\/p>\n","protected":false},"excerpt":{"rendered":"<p>Desarrollado para combatir la hiperpigmentaci\u00f3n, aclarando y homogeneizando el color de la piel. Apto para todo tipo de piel. Ideal<\/p>\n","protected":false},"featured_media":16465,"comment_status":"open","ping_status":"closed","template":"","meta":[],"product_brand":[],"product_cat":[562,585],"product_tag":[611],"class_list":{"0":"post-22617","1":"product","2":"type-product","3":"status-publish","4":"has-post-thumbnail","6":"product_cat-articulos-de-cuidado-corporal","7":"product_cat-tienda-erotica","8":"product_tag-10-es","9":"product_shipping_class-1169-es","11":"first","12":"instock","13":"taxable","14":"shipping-taxable","15":"purchasable","16":"product-type-simple"},"_links":{"self":[{"href":"https:\/\/findit.webapp-market.com\/es\/wp-json\/wp\/v2\/product\/22617","targetHints":{"allow":["GET"]}}],"collection":[{"href":"https:\/\/findit.webapp-market.com\/es\/wp-json\/wp\/v2\/product"}],"about":[{"href":"https:\/\/findit.webapp-market.com\/es\/wp-json\/wp\/v2\/types\/product"}],"replies":[{"embeddable":true,"href":"https:\/\/findit.webapp-market.com\/es\/wp-json\/wp\/v2\/comments?post=22617"}],"wp:featuredmedia":[{"embeddable":true,"href":"https:\/\/findit.webapp-market.com\/es\/wp-json\/wp\/v2\/media\/16465"}],"wp:attachment":[{"href":"https:\/\/findit.webapp-market.com\/es\/wp-json\/wp\/v2\/media?parent=22617"}],"wp:term":[{"taxonomy":"product_brand","embeddable":true,"href":"https:\/\/findit.webapp-market.com\/es\/wp-json\/wp\/v2\/product_brand?post=22617"},{"taxonomy":"product_cat","embeddable":true,"href":"https:\/\/findit.webapp-market.com\/es\/wp-json\/wp\/v2\/product_cat?post=22617"},{"taxonomy":"product_tag","embeddable":true,"href":"https:\/\/findit.webapp-market.com\/es\/wp-json\/wp\/v2\/product_tag?post=22617"}],"curies":[{"name":"wp","href":"https:\/\/api.w.org\/{rel}","templated":true}]}}