{"id":22686,"date":"2024-04-08T23:00:47","date_gmt":"2024-04-08T23:00:47","guid":{"rendered":"https:\/\/findit.webapp-market.com\/product\/aretes-colibri\/"},"modified":"2024-04-08T23:00:47","modified_gmt":"2024-04-08T23:00:47","slug":"aretes-colibri","status":"publish","type":"product","link":"https:\/\/findit.webapp-market.com\/es\/producto\/aretes-colibri\/","title":{"rendered":"Aretes colibr\u00ed"},"content":{"rendered":"<p>Hermosos aretes de colibr\u00eds elaborados con mostacilla checa, en colores vivos y representativos de esta especie que abunda en Colombia.<\/p>\n<p><strong>Materiales:<\/strong><\/p>\n<p>Mostacilla checa (roja, naranjada, verde, verde claro, amarillo, azul, azul rey \u2013 transl\u00facidos) y negro. Hilo b\u00fafalo. Cierres-argollas en acero.<\/p>\n<h3>Macol es toda una historia.<\/h3>\n<p>Una marca que busca crear un nuevo concepto de bisuter\u00eda a trav\u00e9s del poder de lo artesanal y lo hecho a mano, para looks tanto casuales como elegantes; a trav\u00e9s de piezas \u00fanicas, hermosas y diversas en diferentes t\u00e9cnicas, conceptos y materiales.<\/p>\n","protected":false},"excerpt":{"rendered":"<p>Hermosos aretes de colibr\u00eds elaborados con mostacilla checa, en colores vivos y representativos de esta especie que abunda en Colombia.<\/p>\n","protected":false},"featured_media":11464,"comment_status":"open","ping_status":"closed","template":"","meta":[],"product_brand":[],"product_cat":[572],"product_tag":[632],"class_list":{"0":"post-22686","1":"product","2":"type-product","3":"status-publish","4":"has-post-thumbnail","6":"product_cat-aretes","7":"product_tag-5-es","8":"product_shipping_class-1114-es","10":"first","11":"instock","12":"taxable","13":"shipping-taxable","14":"purchasable","15":"product-type-simple"},"_links":{"self":[{"href":"https:\/\/findit.webapp-market.com\/es\/wp-json\/wp\/v2\/product\/22686","targetHints":{"allow":["GET"]}}],"collection":[{"href":"https:\/\/findit.webapp-market.com\/es\/wp-json\/wp\/v2\/product"}],"about":[{"href":"https:\/\/findit.webapp-market.com\/es\/wp-json\/wp\/v2\/types\/product"}],"replies":[{"embeddable":true,"href":"https:\/\/findit.webapp-market.com\/es\/wp-json\/wp\/v2\/comments?post=22686"}],"wp:featuredmedia":[{"embeddable":true,"href":"https:\/\/findit.webapp-market.com\/es\/wp-json\/wp\/v2\/media\/11464"}],"wp:attachment":[{"href":"https:\/\/findit.webapp-market.com\/es\/wp-json\/wp\/v2\/media?parent=22686"}],"wp:term":[{"taxonomy":"product_brand","embeddable":true,"href":"https:\/\/findit.webapp-market.com\/es\/wp-json\/wp\/v2\/product_brand?post=22686"},{"taxonomy":"product_cat","embeddable":true,"href":"https:\/\/findit.webapp-market.com\/es\/wp-json\/wp\/v2\/product_cat?post=22686"},{"taxonomy":"product_tag","embeddable":true,"href":"https:\/\/findit.webapp-market.com\/es\/wp-json\/wp\/v2\/product_tag?post=22686"}],"curies":[{"name":"wp","href":"https:\/\/api.w.org\/{rel}","templated":true}]}}