{"id":22690,"date":"2024-04-08T22:50:54","date_gmt":"2024-04-08T22:50:54","guid":{"rendered":"https:\/\/findit.webapp-market.com\/product\/conjunto-lila-en-murano\/"},"modified":"2024-04-08T22:50:54","modified_gmt":"2024-04-08T22:50:54","slug":"conjunto-lila-en-murano","status":"publish","type":"product","link":"https:\/\/findit.webapp-market.com\/es\/producto\/conjunto-lila-en-murano\/","title":{"rendered":"Conjunto Lila"},"content":{"rendered":"<p>Collar en perlas de vidrio con cristales de Murano, \u00e1gatas y broche en bronce, alambre en goldfield \u2013 Aretes en perlas de vidrio, cristales de murano y terminaciones en oro goldfield.<\/p>\n<p><strong>Materiales:<\/strong><\/p>\n<p>Collar en perlas de vidrio con cristales de Murano, agatas y broche en bronce, alambre en goldfilled \u2013 Aretes en perlas de vidrio, cristales de murano y terminaciones en oro goldfilled<\/p>\n<h3>Macol es toda una historia.<\/h3>\n<p>Una marca que busca crear un nuevo concepto de bisuter\u00eda a trav\u00e9s del poder de lo artesanal y lo hecho a mano, para looks tanto casuales como elegantes; a trav\u00e9s de piezas \u00fanicas, hermosas y diversas en diferentes t\u00e9cnicas, conceptos y materiales.<\/p>\n","protected":false},"excerpt":{"rendered":"<p>Collar en perlas de vidrio con cristales de Murano, \u00e1gatas y broche en bronce, alambre en goldfield \u2013 Aretes en<\/p>\n","protected":false},"featured_media":11616,"comment_status":"open","ping_status":"closed","template":"","meta":[],"product_brand":[],"product_cat":[572,574,573],"product_tag":[632],"class_list":{"0":"post-22690","1":"product","2":"type-product","3":"status-publish","4":"has-post-thumbnail","6":"product_cat-aretes","7":"product_cat-collares","8":"product_cat-set-de-joyeria","9":"product_tag-5-es","10":"product_shipping_class-1114-es","12":"first","13":"instock","14":"taxable","15":"shipping-taxable","16":"purchasable","17":"product-type-simple"},"_links":{"self":[{"href":"https:\/\/findit.webapp-market.com\/es\/wp-json\/wp\/v2\/product\/22690","targetHints":{"allow":["GET"]}}],"collection":[{"href":"https:\/\/findit.webapp-market.com\/es\/wp-json\/wp\/v2\/product"}],"about":[{"href":"https:\/\/findit.webapp-market.com\/es\/wp-json\/wp\/v2\/types\/product"}],"replies":[{"embeddable":true,"href":"https:\/\/findit.webapp-market.com\/es\/wp-json\/wp\/v2\/comments?post=22690"}],"wp:featuredmedia":[{"embeddable":true,"href":"https:\/\/findit.webapp-market.com\/es\/wp-json\/wp\/v2\/media\/11616"}],"wp:attachment":[{"href":"https:\/\/findit.webapp-market.com\/es\/wp-json\/wp\/v2\/media?parent=22690"}],"wp:term":[{"taxonomy":"product_brand","embeddable":true,"href":"https:\/\/findit.webapp-market.com\/es\/wp-json\/wp\/v2\/product_brand?post=22690"},{"taxonomy":"product_cat","embeddable":true,"href":"https:\/\/findit.webapp-market.com\/es\/wp-json\/wp\/v2\/product_cat?post=22690"},{"taxonomy":"product_tag","embeddable":true,"href":"https:\/\/findit.webapp-market.com\/es\/wp-json\/wp\/v2\/product_tag?post=22690"}],"curies":[{"name":"wp","href":"https:\/\/api.w.org\/{rel}","templated":true}]}}