{"id":22739,"date":"2024-03-27T19:39:02","date_gmt":"2024-03-27T19:39:02","guid":{"rendered":"https:\/\/findit.webapp-market.com\/product\/cadena-gafas\/"},"modified":"2024-03-27T19:39:02","modified_gmt":"2024-03-27T19:39:02","slug":"cadena-gafas","status":"publish","type":"product","link":"https:\/\/findit.webapp-market.com\/es\/producto\/cadena-gafas\/","title":{"rendered":"Cadena gafas"},"content":{"rendered":"<p>\u00a1Cadenita para llevar tus gafas o tapabocas con estilo!<\/p>\n<ul>\n<li><strong>Mant\u00e9ngase sano y c\u00f3modo al mismo tiempo<\/strong> Cuelgue el cord\u00f3n alrededor de su cuello, y luego cuelgue las correas de las gafas en ambos extremos del cord\u00f3n, ya no tendr\u00e1 que preocuparse por perder sus gafas.<\/li>\n<li><strong>Material de alta calidad:<\/strong> Debido a que estas cadenas de cord\u00f3n para gafas est\u00e1n hechas de perlas de vidrio de alta calidad y aleaci\u00f3n, son ligeras y duraderas, no son f\u00e1ciles de deformar y el color no es f\u00e1cil de desvanecer. F\u00e1cil de poner y quitar. No son al\u00e9rgicos para la piel, ni perjudiciales para la salud.<\/li>\n<li><strong>Limpio y respetuoso con el medio ambiente Aleaci\u00f3n y piedritas, dos opciones, diferente elecci\u00f3n para sus diferentes necesidades y diferentes conjuntos.<\/strong> Suficiente para compartir con su familia y amigos, cada uno puede ser reutilizado muchas veces.<\/li>\n<li><strong>Super ligero<\/strong> Estas cuerdas de sujeci\u00f3n no le causar\u00e1n ning\u00fan problema en su trabajo y en su vida, ya sea en el trabajo, en una llamada o para disfrutar de la comida, estas cuerdas ligeras y fiables no le causar\u00e1n ninguna carga, adecuadas para todas las personas<\/li>\n<\/ul>\n","protected":false},"excerpt":{"rendered":"<p>\u00a1Cadenita para llevar tus gafas o tapabocas con estilo! Mant\u00e9ngase sano y c\u00f3modo al mismo tiempo Cuelgue el cord\u00f3n alrededor<\/p>\n","protected":false},"featured_media":16905,"comment_status":"open","ping_status":"closed","template":"","meta":[],"product_brand":[],"product_cat":[570],"product_tag":[611],"class_list":{"0":"post-22739","1":"product","2":"type-product","3":"status-publish","4":"has-post-thumbnail","6":"product_cat-joyeria","7":"product_tag-10-es","8":"product_shipping_class-1101-es","10":"first","11":"instock","12":"taxable","13":"shipping-taxable","14":"purchasable","15":"product-type-simple"},"_links":{"self":[{"href":"https:\/\/findit.webapp-market.com\/es\/wp-json\/wp\/v2\/product\/22739","targetHints":{"allow":["GET"]}}],"collection":[{"href":"https:\/\/findit.webapp-market.com\/es\/wp-json\/wp\/v2\/product"}],"about":[{"href":"https:\/\/findit.webapp-market.com\/es\/wp-json\/wp\/v2\/types\/product"}],"replies":[{"embeddable":true,"href":"https:\/\/findit.webapp-market.com\/es\/wp-json\/wp\/v2\/comments?post=22739"}],"wp:featuredmedia":[{"embeddable":true,"href":"https:\/\/findit.webapp-market.com\/es\/wp-json\/wp\/v2\/media\/16905"}],"wp:attachment":[{"href":"https:\/\/findit.webapp-market.com\/es\/wp-json\/wp\/v2\/media?parent=22739"}],"wp:term":[{"taxonomy":"product_brand","embeddable":true,"href":"https:\/\/findit.webapp-market.com\/es\/wp-json\/wp\/v2\/product_brand?post=22739"},{"taxonomy":"product_cat","embeddable":true,"href":"https:\/\/findit.webapp-market.com\/es\/wp-json\/wp\/v2\/product_cat?post=22739"},{"taxonomy":"product_tag","embeddable":true,"href":"https:\/\/findit.webapp-market.com\/es\/wp-json\/wp\/v2\/product_tag?post=22739"}],"curies":[{"name":"wp","href":"https:\/\/api.w.org\/{rel}","templated":true}]}}