{"id":22749,"date":"2024-04-08T20:15:51","date_gmt":"2024-04-08T20:15:51","guid":{"rendered":"https:\/\/findit.webapp-market.com\/product\/cadena-celular-ojitos\/"},"modified":"2024-04-08T20:15:51","modified_gmt":"2024-04-08T20:15:51","slug":"cadena-celular-ojitos","status":"publish","type":"product","link":"https:\/\/findit.webapp-market.com\/es\/producto\/cadena-celular-ojitos\/","title":{"rendered":"Cadena Celular Ojitos"},"content":{"rendered":"<p>Cord\u00f3n para tel\u00e9fono con cuentas, correa para la mu\u00f1eca, cara sonriente, abalorio para tel\u00e9fono hecho a mano, estrella de fruta, arcilla, perla, cuentas de color arco\u00edris, correa de cadena para tel\u00e9fono m\u00f3vil, pulsera, llavero, accesorio Y2K para mujeres y ni\u00f1as<\/p>\n<ul>\n<li>Colorido, animado y super divertido, estos colgantes de tel\u00e9fono est\u00e1n hechos de coloridas cuentas de smiley, cuentas de coraz\u00f3n, cuentas de letra, cuentas de fruta, etc. Es un dise\u00f1o encantador para las mujeres y las ni\u00f1as para hacerlas m\u00e1s atractivas. Paquete: 1 x Cord\u00f3n para tel\u00e9fono con cuentas + 1 x Llavero gratis<\/li>\n<li>El per\u00edmetro del cord\u00f3n para el tel\u00e9fono tiene una circunferencia de 28cm(11\u2033)+5cm(1.97\u2033).Est\u00e1n hechos de acr\u00edlico y cuentas artificiales de cer\u00e1mica suave.Es muy adecuado para damas y ni\u00f1as.Puede pasar la correa por el agujero del bot\u00f3n de silencio u otro lado de apertura de la carcasa del tel\u00e9fono.Se puede fijar f\u00e1cilmente a cualquier carcasa de tel\u00e9fono.<\/li>\n<li>Muy especial y pr\u00e1ctico lindo tel\u00e9fono encantos regalos para los miembros de su familia, amigos y loved ones.It es un gran accesorio diario para que coincida con la est\u00e9tica y2k 90s ropa para resaltar el ambiente juvenil.<\/li>\n<li>Se puede utilizar como una decoraci\u00f3n para su bolso, llaveros, tarjetas de identificaci\u00f3n, tableta, U Disks, iPods y otros items.not s\u00f3lo para los tel\u00e9fonos m\u00f3viles, incluso puede ser utilizado como pulseras o collares, colgantes de bicicleta, marcadores, llaveros, y m\u00faltiples prop\u00f3sitos, adecuado para su vida..<\/li>\n<li>Se puede utilizar como una decoraci\u00f3n para su bolso, llaveros, tarjetas de identificaci\u00f3n, tableta, U Disks, iPods y otros items.not s\u00f3lo para los tel\u00e9fonos m\u00f3viles, incluso puede ser utilizado como pulseras o collares, colgantes de bicicleta, marcadores, llaveros, y m\u00faltiples prop\u00f3sitos, adecuado para su vida.<\/li>\n<\/ul>\n<p>Cadena para tel\u00e9fono m\u00f3vil, cord\u00f3n para mu\u00f1eca, bonita pulsera antip\u00e9rdida, llavero decorativo, accesorio est\u00e9tico Y2K<\/p>\n","protected":false},"excerpt":{"rendered":"<p>Cord\u00f3n para tel\u00e9fono con cuentas, correa para la mu\u00f1eca, cara sonriente, abalorio para tel\u00e9fono hecho a mano, estrella de fruta,<\/p>\n","protected":false},"featured_media":17004,"comment_status":"open","ping_status":"closed","template":"","meta":[],"product_brand":[],"product_cat":[570],"product_tag":[611],"class_list":{"0":"post-22749","1":"product","2":"type-product","3":"status-publish","4":"has-post-thumbnail","6":"product_cat-joyeria","7":"product_tag-10-es","8":"product_shipping_class-1101-es","10":"first","11":"instock","12":"taxable","13":"shipping-taxable","14":"purchasable","15":"product-type-simple"},"_links":{"self":[{"href":"https:\/\/findit.webapp-market.com\/es\/wp-json\/wp\/v2\/product\/22749","targetHints":{"allow":["GET"]}}],"collection":[{"href":"https:\/\/findit.webapp-market.com\/es\/wp-json\/wp\/v2\/product"}],"about":[{"href":"https:\/\/findit.webapp-market.com\/es\/wp-json\/wp\/v2\/types\/product"}],"replies":[{"embeddable":true,"href":"https:\/\/findit.webapp-market.com\/es\/wp-json\/wp\/v2\/comments?post=22749"}],"wp:featuredmedia":[{"embeddable":true,"href":"https:\/\/findit.webapp-market.com\/es\/wp-json\/wp\/v2\/media\/17004"}],"wp:attachment":[{"href":"https:\/\/findit.webapp-market.com\/es\/wp-json\/wp\/v2\/media?parent=22749"}],"wp:term":[{"taxonomy":"product_brand","embeddable":true,"href":"https:\/\/findit.webapp-market.com\/es\/wp-json\/wp\/v2\/product_brand?post=22749"},{"taxonomy":"product_cat","embeddable":true,"href":"https:\/\/findit.webapp-market.com\/es\/wp-json\/wp\/v2\/product_cat?post=22749"},{"taxonomy":"product_tag","embeddable":true,"href":"https:\/\/findit.webapp-market.com\/es\/wp-json\/wp\/v2\/product_tag?post=22749"}],"curies":[{"name":"wp","href":"https:\/\/api.w.org\/{rel}","templated":true}]}}