{"id":22796,"date":"2024-04-08T21:35:32","date_gmt":"2024-04-08T21:35:32","guid":{"rendered":"https:\/\/findit.webapp-market.com\/product\/aretes-corazon\/"},"modified":"2024-04-08T21:35:32","modified_gmt":"2024-04-08T21:35:32","slug":"aretes-corazon","status":"publish","type":"product","link":"https:\/\/findit.webapp-market.com\/es\/producto\/aretes-corazon\/","title":{"rendered":"Aretes coraz\u00f3n"},"content":{"rendered":"<p>Hemosos Aretes en forma de coraz\u00f3n<br \/>\nRecomendaciones:<\/p>\n<ul>\n<li>No te ba\u00f1es con los accesorios puestos ni en piscina o mar.<\/li>\n<li>Gu\u00e1rdalos separados.<\/li>\n<li>Evite exponerles calor, como secador de cabello.<\/li>\n<li>No apliques productos con alcohol como perfumes.<\/li>\n<\/ul>\n","protected":false},"excerpt":{"rendered":"<p>Hemosos Aretes en forma de coraz\u00f3n Recomendaciones: No te ba\u00f1es con los accesorios puestos ni en piscina o mar. Gu\u00e1rdalos<\/p>\n","protected":false},"featured_media":11514,"comment_status":"open","ping_status":"closed","template":"","meta":[],"product_brand":[],"product_cat":[572],"product_tag":[611],"class_list":{"0":"post-22796","1":"product","2":"type-product","3":"status-publish","4":"has-post-thumbnail","6":"product_cat-aretes","7":"product_tag-10-es","8":"product_shipping_class-1101-es","10":"first","11":"instock","12":"featured","13":"taxable","14":"shipping-taxable","15":"purchasable","16":"product-type-variable"},"_links":{"self":[{"href":"https:\/\/findit.webapp-market.com\/es\/wp-json\/wp\/v2\/product\/22796","targetHints":{"allow":["GET"]}}],"collection":[{"href":"https:\/\/findit.webapp-market.com\/es\/wp-json\/wp\/v2\/product"}],"about":[{"href":"https:\/\/findit.webapp-market.com\/es\/wp-json\/wp\/v2\/types\/product"}],"replies":[{"embeddable":true,"href":"https:\/\/findit.webapp-market.com\/es\/wp-json\/wp\/v2\/comments?post=22796"}],"wp:featuredmedia":[{"embeddable":true,"href":"https:\/\/findit.webapp-market.com\/es\/wp-json\/wp\/v2\/media\/11514"}],"wp:attachment":[{"href":"https:\/\/findit.webapp-market.com\/es\/wp-json\/wp\/v2\/media?parent=22796"}],"wp:term":[{"taxonomy":"product_brand","embeddable":true,"href":"https:\/\/findit.webapp-market.com\/es\/wp-json\/wp\/v2\/product_brand?post=22796"},{"taxonomy":"product_cat","embeddable":true,"href":"https:\/\/findit.webapp-market.com\/es\/wp-json\/wp\/v2\/product_cat?post=22796"},{"taxonomy":"product_tag","embeddable":true,"href":"https:\/\/findit.webapp-market.com\/es\/wp-json\/wp\/v2\/product_tag?post=22796"}],"curies":[{"name":"wp","href":"https:\/\/api.w.org\/{rel}","templated":true}]}}