{"id":22811,"date":"2024-04-08T21:45:28","date_gmt":"2024-04-08T21:45:28","guid":{"rendered":"https:\/\/findit.webapp-market.com\/product\/conjunto-burbujas-azules-pulsera-topos\/"},"modified":"2024-04-08T21:45:28","modified_gmt":"2024-04-08T21:45:28","slug":"conjunto-burbujas-azules-pulsera-topos","status":"publish","type":"product","link":"https:\/\/findit.webapp-market.com\/es\/producto\/conjunto-burbujas-azules-pulsera-topos\/","title":{"rendered":"Conjunto Burbujas Azules (Pulsera + topos)"},"content":{"rendered":"<p>Hermoso conjunto en vidrio forjado de burbujas azules. Brazalete y aretes.<\/p>\n<p><strong>Materiales:<\/strong><\/p>\n<p>Vidrio soplado a peque\u00f1a escala y acero inoxidable<\/p>\n<h3>Macol es toda una historia.<\/h3>\n<p>Una marca que busca crear un nuevo concepto de bisuter\u00eda a trav\u00e9s del poder de lo artesanal y lo hecho a mano, para looks tanto casuales como elegantes; a trav\u00e9s de piezas \u00fanicas, hermosas y diversas en diferentes t\u00e9cnicas, conceptos y materiales.<\/p>\n","protected":false},"excerpt":{"rendered":"<p>Hermoso conjunto en vidrio forjado de burbujas azules. Brazalete y aretes. Materiales: Vidrio soplado a peque\u00f1a escala y acero inoxidable<\/p>\n","protected":false},"featured_media":11754,"comment_status":"open","ping_status":"closed","template":"","meta":[],"product_brand":[],"product_cat":[572,571,573],"product_tag":[632],"class_list":{"0":"post-22811","1":"product","2":"type-product","3":"status-publish","4":"has-post-thumbnail","6":"product_cat-aretes","7":"product_cat-pulceras-y-brazaletes","8":"product_cat-set-de-joyeria","9":"product_tag-5-es","10":"product_shipping_class-1114-es","12":"first","13":"instock","14":"taxable","15":"shipping-taxable","16":"purchasable","17":"product-type-simple"},"_links":{"self":[{"href":"https:\/\/findit.webapp-market.com\/es\/wp-json\/wp\/v2\/product\/22811","targetHints":{"allow":["GET"]}}],"collection":[{"href":"https:\/\/findit.webapp-market.com\/es\/wp-json\/wp\/v2\/product"}],"about":[{"href":"https:\/\/findit.webapp-market.com\/es\/wp-json\/wp\/v2\/types\/product"}],"replies":[{"embeddable":true,"href":"https:\/\/findit.webapp-market.com\/es\/wp-json\/wp\/v2\/comments?post=22811"}],"wp:featuredmedia":[{"embeddable":true,"href":"https:\/\/findit.webapp-market.com\/es\/wp-json\/wp\/v2\/media\/11754"}],"wp:attachment":[{"href":"https:\/\/findit.webapp-market.com\/es\/wp-json\/wp\/v2\/media?parent=22811"}],"wp:term":[{"taxonomy":"product_brand","embeddable":true,"href":"https:\/\/findit.webapp-market.com\/es\/wp-json\/wp\/v2\/product_brand?post=22811"},{"taxonomy":"product_cat","embeddable":true,"href":"https:\/\/findit.webapp-market.com\/es\/wp-json\/wp\/v2\/product_cat?post=22811"},{"taxonomy":"product_tag","embeddable":true,"href":"https:\/\/findit.webapp-market.com\/es\/wp-json\/wp\/v2\/product_tag?post=22811"}],"curies":[{"name":"wp","href":"https:\/\/api.w.org\/{rel}","templated":true}]}}