{"id":22812,"date":"2024-04-08T21:50:19","date_gmt":"2024-04-08T21:50:19","guid":{"rendered":"https:\/\/findit.webapp-market.com\/product\/conjunto-5-burbujas-collar-y-topos\/"},"modified":"2024-04-08T21:50:19","modified_gmt":"2024-04-08T21:50:19","slug":"conjunto-5-burbujas-collar-y-topos","status":"publish","type":"product","link":"https:\/\/findit.webapp-market.com\/es\/producto\/conjunto-5-burbujas-collar-y-topos\/","title":{"rendered":"Conjunto 5 Burbujas (Collar + topos)"},"content":{"rendered":"<p>Hermoso conjunto en vidrio forjado de 5 burbujas de colores. Collar y aretes.<\/p>\n<p><strong>Materiales:<\/strong><\/p>\n<p>Vidrio soplado a peque\u00f1a escala y acero inoxidable<\/p>\n<h3>Macol es toda una historia.<\/h3>\n<p>Una marca que busca crear un nuevo concepto de bisuter\u00eda a trav\u00e9s del poder de lo artesanal y lo hecho a mano, para looks tanto casuales como elegantes; a trav\u00e9s de piezas \u00fanicas, hermosas y diversas en diferentes t\u00e9cnicas, conceptos y materiales.<\/p>\n","protected":false},"excerpt":{"rendered":"<p>Hermoso conjunto en vidrio forjado de 5 burbujas de colores. Collar y aretes. Materiales: Vidrio soplado a peque\u00f1a escala y<\/p>\n","protected":false},"featured_media":11739,"comment_status":"open","ping_status":"closed","template":"","meta":[],"product_brand":[],"product_cat":[572],"product_tag":[632],"class_list":{"0":"post-22812","1":"product","2":"type-product","3":"status-publish","4":"has-post-thumbnail","6":"product_cat-aretes","7":"product_tag-5-es","8":"product_shipping_class-1114-es","10":"first","11":"instock","12":"taxable","13":"shipping-taxable","14":"purchasable","15":"product-type-simple"},"_links":{"self":[{"href":"https:\/\/findit.webapp-market.com\/es\/wp-json\/wp\/v2\/product\/22812","targetHints":{"allow":["GET"]}}],"collection":[{"href":"https:\/\/findit.webapp-market.com\/es\/wp-json\/wp\/v2\/product"}],"about":[{"href":"https:\/\/findit.webapp-market.com\/es\/wp-json\/wp\/v2\/types\/product"}],"replies":[{"embeddable":true,"href":"https:\/\/findit.webapp-market.com\/es\/wp-json\/wp\/v2\/comments?post=22812"}],"wp:featuredmedia":[{"embeddable":true,"href":"https:\/\/findit.webapp-market.com\/es\/wp-json\/wp\/v2\/media\/11739"}],"wp:attachment":[{"href":"https:\/\/findit.webapp-market.com\/es\/wp-json\/wp\/v2\/media?parent=22812"}],"wp:term":[{"taxonomy":"product_brand","embeddable":true,"href":"https:\/\/findit.webapp-market.com\/es\/wp-json\/wp\/v2\/product_brand?post=22812"},{"taxonomy":"product_cat","embeddable":true,"href":"https:\/\/findit.webapp-market.com\/es\/wp-json\/wp\/v2\/product_cat?post=22812"},{"taxonomy":"product_tag","embeddable":true,"href":"https:\/\/findit.webapp-market.com\/es\/wp-json\/wp\/v2\/product_tag?post=22812"}],"curies":[{"name":"wp","href":"https:\/\/api.w.org\/{rel}","templated":true}]}}