{"id":22813,"date":"2024-04-08T21:55:16","date_gmt":"2024-04-08T21:55:16","guid":{"rendered":"https:\/\/findit.webapp-market.com\/product\/brasalete-flores-rosadas\/"},"modified":"2024-04-08T21:55:16","modified_gmt":"2024-04-08T21:55:16","slug":"brasalete-flores-rosadas","status":"publish","type":"product","link":"https:\/\/findit.webapp-market.com\/es\/producto\/brasalete-flores-rosadas\/","title":{"rendered":"Brasalete Flores Rosadas"},"content":{"rendered":"<p>Hermoso brazalete de flores rosadas inspiradas en nuestras flores colombianas.<\/p>\n<p><strong>Materiales:<\/strong><\/p>\n<p>Herraje pandora flexible, hilo celular rosado, mostacilla dorada, canutillo rosado, miyuki rosado, separador, argollas , dije en recina, hilo miyuki<\/p>\n<h3>Macol es toda una historia.<\/h3>\n<p>Una marca que busca crear un nuevo concepto de bisuter\u00eda a trav\u00e9s del poder de lo artesanal y lo hecho a mano, para looks tanto casuales como elegantes; a trav\u00e9s de piezas \u00fanicas, hermosas y diversas en diferentes t\u00e9cnicas, conceptos y materiales.<\/p>\n","protected":false},"excerpt":{"rendered":"<p>Hermoso brazalete de flores rosadas inspiradas en nuestras flores colombianas. Materiales: Herraje pandora flexible, hilo celular rosado, mostacilla dorada, canutillo<\/p>\n","protected":false},"featured_media":18173,"comment_status":"open","ping_status":"closed","template":"","meta":[],"product_brand":[],"product_cat":[571],"product_tag":[632],"class_list":{"0":"post-22813","1":"product","2":"type-product","3":"status-publish","4":"has-post-thumbnail","6":"product_cat-pulceras-y-brazaletes","7":"product_tag-5-es","8":"product_shipping_class-1114-es","10":"first","11":"instock","12":"taxable","13":"shipping-taxable","14":"purchasable","15":"product-type-simple"},"_links":{"self":[{"href":"https:\/\/findit.webapp-market.com\/es\/wp-json\/wp\/v2\/product\/22813","targetHints":{"allow":["GET"]}}],"collection":[{"href":"https:\/\/findit.webapp-market.com\/es\/wp-json\/wp\/v2\/product"}],"about":[{"href":"https:\/\/findit.webapp-market.com\/es\/wp-json\/wp\/v2\/types\/product"}],"replies":[{"embeddable":true,"href":"https:\/\/findit.webapp-market.com\/es\/wp-json\/wp\/v2\/comments?post=22813"}],"wp:featuredmedia":[{"embeddable":true,"href":"https:\/\/findit.webapp-market.com\/es\/wp-json\/wp\/v2\/media\/18173"}],"wp:attachment":[{"href":"https:\/\/findit.webapp-market.com\/es\/wp-json\/wp\/v2\/media?parent=22813"}],"wp:term":[{"taxonomy":"product_brand","embeddable":true,"href":"https:\/\/findit.webapp-market.com\/es\/wp-json\/wp\/v2\/product_brand?post=22813"},{"taxonomy":"product_cat","embeddable":true,"href":"https:\/\/findit.webapp-market.com\/es\/wp-json\/wp\/v2\/product_cat?post=22813"},{"taxonomy":"product_tag","embeddable":true,"href":"https:\/\/findit.webapp-market.com\/es\/wp-json\/wp\/v2\/product_tag?post=22813"}],"curies":[{"name":"wp","href":"https:\/\/api.w.org\/{rel}","templated":true}]}}