{"id":22821,"date":"2024-04-08T22:15:51","date_gmt":"2024-04-08T22:15:51","guid":{"rendered":"https:\/\/findit.webapp-market.com\/product\/aretes-flores-frias\/"},"modified":"2024-04-08T22:15:51","modified_gmt":"2024-04-08T22:15:51","slug":"aretes-flores-frias","status":"publish","type":"product","link":"https:\/\/findit.webapp-market.com\/es\/producto\/aretes-flores-frias\/","title":{"rendered":"Aretes Flores Fr\u00edas"},"content":{"rendered":"<p>Hermosos aretes hechos en resina con hojas org\u00e1nicas en tonalidades fr\u00edas.<\/p>\n<p><strong>Materiales:<\/strong><\/p>\n<p>Resina, flores org\u00e1nicas, herrajes exagonales y circulares oro golfi y topos en oro golfi.<\/p>\n<h3>Macol es toda una historia.<\/h3>\n<p>Una marca que busca crear un nuevo concepto de bisuter\u00eda a trav\u00e9s del poder de lo artesanal y lo hecho a mano, para looks tanto casuales como elegantes; a trav\u00e9s de piezas \u00fanicas, hermosas y diversas en diferentes t\u00e9cnicas, conceptos y materiales.<\/p>\n","protected":false},"excerpt":{"rendered":"<p>Hermosos aretes hechos en resina con hojas org\u00e1nicas en tonalidades fr\u00edas. Materiales: Resina, flores org\u00e1nicas, herrajes exagonales y circulares oro<\/p>\n","protected":false},"featured_media":11699,"comment_status":"open","ping_status":"closed","template":"","meta":[],"product_brand":[],"product_cat":[572],"product_tag":[632],"class_list":{"0":"post-22821","1":"product","2":"type-product","3":"status-publish","4":"has-post-thumbnail","6":"product_cat-aretes","7":"product_tag-5-es","8":"product_shipping_class-1114-es","10":"first","11":"instock","12":"taxable","13":"shipping-taxable","14":"purchasable","15":"product-type-simple"},"_links":{"self":[{"href":"https:\/\/findit.webapp-market.com\/es\/wp-json\/wp\/v2\/product\/22821","targetHints":{"allow":["GET"]}}],"collection":[{"href":"https:\/\/findit.webapp-market.com\/es\/wp-json\/wp\/v2\/product"}],"about":[{"href":"https:\/\/findit.webapp-market.com\/es\/wp-json\/wp\/v2\/types\/product"}],"replies":[{"embeddable":true,"href":"https:\/\/findit.webapp-market.com\/es\/wp-json\/wp\/v2\/comments?post=22821"}],"wp:featuredmedia":[{"embeddable":true,"href":"https:\/\/findit.webapp-market.com\/es\/wp-json\/wp\/v2\/media\/11699"}],"wp:attachment":[{"href":"https:\/\/findit.webapp-market.com\/es\/wp-json\/wp\/v2\/media?parent=22821"}],"wp:term":[{"taxonomy":"product_brand","embeddable":true,"href":"https:\/\/findit.webapp-market.com\/es\/wp-json\/wp\/v2\/product_brand?post=22821"},{"taxonomy":"product_cat","embeddable":true,"href":"https:\/\/findit.webapp-market.com\/es\/wp-json\/wp\/v2\/product_cat?post=22821"},{"taxonomy":"product_tag","embeddable":true,"href":"https:\/\/findit.webapp-market.com\/es\/wp-json\/wp\/v2\/product_tag?post=22821"}],"curies":[{"name":"wp","href":"https:\/\/api.w.org\/{rel}","templated":true}]}}