{"id":22825,"date":"2024-04-08T22:25:34","date_gmt":"2024-04-08T22:25:34","guid":{"rendered":"https:\/\/findit.webapp-market.com\/product\/aretes-atardecer\/"},"modified":"2024-04-08T22:25:34","modified_gmt":"2024-04-08T22:25:34","slug":"aretes-atardecer","status":"publish","type":"product","link":"https:\/\/findit.webapp-market.com\/es\/producto\/aretes-atardecer\/","title":{"rendered":"Aretes Atardecer"},"content":{"rendered":"<p>Hermosos aretes hechos en la t\u00e9cnica peyote y ladrillo combinadas, inspirados en un atardecer.<\/p>\n<p><strong>Materiales:<\/strong><\/p>\n<p>Miyuki azul rey y cielo, dorado y amarillo, alambre oro golfi, cuenca azul, topos y argollas en acero. Hilo Miyuki Hilo miyuki Hilo Miyuki<\/p>\n<h3>Macol es toda una historia.<\/h3>\n<p>Una marca que busca crear un nuevo concepto de bisuter\u00eda a trav\u00e9s del poder de lo artesanal y lo hecho a mano, para looks tanto casuales como elegantes; a trav\u00e9s de piezas \u00fanicas, hermosas y diversas en diferentes t\u00e9cnicas, conceptos y materiales.<\/p>\n","protected":false},"excerpt":{"rendered":"<p>Hermosos aretes hechos en la t\u00e9cnica peyote y ladrillo combinadas, inspirados en un atardecer. Materiales: Miyuki azul rey y cielo,<\/p>\n","protected":false},"featured_media":11675,"comment_status":"open","ping_status":"closed","template":"","meta":[],"product_brand":[],"product_cat":[572],"product_tag":[632],"class_list":{"0":"post-22825","1":"product","2":"type-product","3":"status-publish","4":"has-post-thumbnail","6":"product_cat-aretes","7":"product_tag-5-es","8":"product_shipping_class-1114-es","10":"first","11":"instock","12":"taxable","13":"shipping-taxable","14":"purchasable","15":"product-type-simple"},"_links":{"self":[{"href":"https:\/\/findit.webapp-market.com\/es\/wp-json\/wp\/v2\/product\/22825","targetHints":{"allow":["GET"]}}],"collection":[{"href":"https:\/\/findit.webapp-market.com\/es\/wp-json\/wp\/v2\/product"}],"about":[{"href":"https:\/\/findit.webapp-market.com\/es\/wp-json\/wp\/v2\/types\/product"}],"replies":[{"embeddable":true,"href":"https:\/\/findit.webapp-market.com\/es\/wp-json\/wp\/v2\/comments?post=22825"}],"wp:featuredmedia":[{"embeddable":true,"href":"https:\/\/findit.webapp-market.com\/es\/wp-json\/wp\/v2\/media\/11675"}],"wp:attachment":[{"href":"https:\/\/findit.webapp-market.com\/es\/wp-json\/wp\/v2\/media?parent=22825"}],"wp:term":[{"taxonomy":"product_brand","embeddable":true,"href":"https:\/\/findit.webapp-market.com\/es\/wp-json\/wp\/v2\/product_brand?post=22825"},{"taxonomy":"product_cat","embeddable":true,"href":"https:\/\/findit.webapp-market.com\/es\/wp-json\/wp\/v2\/product_cat?post=22825"},{"taxonomy":"product_tag","embeddable":true,"href":"https:\/\/findit.webapp-market.com\/es\/wp-json\/wp\/v2\/product_tag?post=22825"}],"curies":[{"name":"wp","href":"https:\/\/api.w.org\/{rel}","templated":true}]}}