{"id":22829,"date":"2024-04-08T22:33:51","date_gmt":"2024-04-08T22:33:51","guid":{"rendered":"https:\/\/findit.webapp-market.com\/product\/manilla-rombo-en-miyuki\/"},"modified":"2024-04-08T22:33:51","modified_gmt":"2024-04-08T22:33:51","slug":"manilla-rombo-en-miyuki","status":"publish","type":"product","link":"https:\/\/findit.webapp-market.com\/es\/producto\/manilla-rombo-en-miyuki\/","title":{"rendered":"Manilla rombo en Miyuki"},"content":{"rendered":"<p>Una hermosa pulsera en forma de rombo y formada de unas flores en miyuki de diferentes colores completadas con un cord\u00f3n negro y terminaciones en oro goldfield.<\/p>\n<p><strong>Materiales:<\/strong><\/p>\n<p>Miyuki naranjado, blanco, dorado y negro, cord\u00f3n con terminaciones en oro goldfield, argollas en acero.<\/p>\n<h3>Macol es toda una historia.<\/h3>\n<p>Una marca que busca crear un nuevo concepto de bisuter\u00eda a trav\u00e9s del poder de lo artesanal y lo hecho a mano, para looks tanto casuales como elegantes; a trav\u00e9s de piezas \u00fanicas, hermosas y diversas en diferentes t\u00e9cnicas, conceptos y materiales.<\/p>\n","protected":false},"excerpt":{"rendered":"<p>Una hermosa pulsera en forma de rombo y formada de unas flores en miyuki de diferentes colores completadas con un<\/p>\n","protected":false},"featured_media":18149,"comment_status":"open","ping_status":"closed","template":"","meta":[],"product_brand":[],"product_cat":[571],"product_tag":[632],"class_list":{"0":"post-22829","1":"product","2":"type-product","3":"status-publish","4":"has-post-thumbnail","6":"product_cat-pulceras-y-brazaletes","7":"product_tag-5-es","8":"product_shipping_class-1114-es","10":"first","11":"instock","12":"taxable","13":"shipping-taxable","14":"purchasable","15":"product-type-simple"},"_links":{"self":[{"href":"https:\/\/findit.webapp-market.com\/es\/wp-json\/wp\/v2\/product\/22829","targetHints":{"allow":["GET"]}}],"collection":[{"href":"https:\/\/findit.webapp-market.com\/es\/wp-json\/wp\/v2\/product"}],"about":[{"href":"https:\/\/findit.webapp-market.com\/es\/wp-json\/wp\/v2\/types\/product"}],"replies":[{"embeddable":true,"href":"https:\/\/findit.webapp-market.com\/es\/wp-json\/wp\/v2\/comments?post=22829"}],"wp:featuredmedia":[{"embeddable":true,"href":"https:\/\/findit.webapp-market.com\/es\/wp-json\/wp\/v2\/media\/18149"}],"wp:attachment":[{"href":"https:\/\/findit.webapp-market.com\/es\/wp-json\/wp\/v2\/media?parent=22829"}],"wp:term":[{"taxonomy":"product_brand","embeddable":true,"href":"https:\/\/findit.webapp-market.com\/es\/wp-json\/wp\/v2\/product_brand?post=22829"},{"taxonomy":"product_cat","embeddable":true,"href":"https:\/\/findit.webapp-market.com\/es\/wp-json\/wp\/v2\/product_cat?post=22829"},{"taxonomy":"product_tag","embeddable":true,"href":"https:\/\/findit.webapp-market.com\/es\/wp-json\/wp\/v2\/product_tag?post=22829"}],"curies":[{"name":"wp","href":"https:\/\/api.w.org\/{rel}","templated":true}]}}