{"id":22831,"date":"2024-04-08T22:40:36","date_gmt":"2024-04-08T22:40:36","guid":{"rendered":"https:\/\/findit.webapp-market.com\/product\/pulsera-de-perlas\/"},"modified":"2024-04-08T22:40:36","modified_gmt":"2024-04-08T22:40:36","slug":"pulsera-de-perlas","status":"publish","type":"product","link":"https:\/\/findit.webapp-market.com\/es\/producto\/pulsera-de-perlas\/","title":{"rendered":"Pulsera de perlas"},"content":{"rendered":"<p>Una pulsera ensamblada en alambrismo con alambre de oro goldfield, perlas en verde marino, argollas y broche para terminar esta hermosa pulsera.<\/p>\n<p><strong>Materiales:<\/strong><\/p>\n<p>Alambre de oro goldfield, perlas artificiales, argollas, broche<\/p>\n<h3>Macol es toda una historia.<\/h3>\n<p>Una marca que busca crear un nuevo concepto de bisuter\u00eda a trav\u00e9s del poder de lo artesanal y lo hecho a mano, para looks tanto casuales como elegantes; a trav\u00e9s de piezas \u00fanicas, hermosas y diversas en diferentes t\u00e9cnicas, conceptos y materiales.<\/p>\n","protected":false},"excerpt":{"rendered":"<p>Una pulsera ensamblada en alambrismo con alambre de oro goldfield, perlas en verde marino, argollas y broche para terminar esta<\/p>\n","protected":false},"featured_media":18136,"comment_status":"open","ping_status":"closed","template":"","meta":[],"product_brand":[],"product_cat":[571],"product_tag":[632],"class_list":{"0":"post-22831","1":"product","2":"type-product","3":"status-publish","4":"has-post-thumbnail","6":"product_cat-pulceras-y-brazaletes","7":"product_tag-5-es","8":"product_shipping_class-1114-es","10":"first","11":"instock","12":"taxable","13":"shipping-taxable","14":"purchasable","15":"product-type-simple"},"_links":{"self":[{"href":"https:\/\/findit.webapp-market.com\/es\/wp-json\/wp\/v2\/product\/22831","targetHints":{"allow":["GET"]}}],"collection":[{"href":"https:\/\/findit.webapp-market.com\/es\/wp-json\/wp\/v2\/product"}],"about":[{"href":"https:\/\/findit.webapp-market.com\/es\/wp-json\/wp\/v2\/types\/product"}],"replies":[{"embeddable":true,"href":"https:\/\/findit.webapp-market.com\/es\/wp-json\/wp\/v2\/comments?post=22831"}],"wp:featuredmedia":[{"embeddable":true,"href":"https:\/\/findit.webapp-market.com\/es\/wp-json\/wp\/v2\/media\/18136"}],"wp:attachment":[{"href":"https:\/\/findit.webapp-market.com\/es\/wp-json\/wp\/v2\/media?parent=22831"}],"wp:term":[{"taxonomy":"product_brand","embeddable":true,"href":"https:\/\/findit.webapp-market.com\/es\/wp-json\/wp\/v2\/product_brand?post=22831"},{"taxonomy":"product_cat","embeddable":true,"href":"https:\/\/findit.webapp-market.com\/es\/wp-json\/wp\/v2\/product_cat?post=22831"},{"taxonomy":"product_tag","embeddable":true,"href":"https:\/\/findit.webapp-market.com\/es\/wp-json\/wp\/v2\/product_tag?post=22831"}],"curies":[{"name":"wp","href":"https:\/\/api.w.org\/{rel}","templated":true}]}}