{"id":22876,"date":"2024-03-27T19:27:22","date_gmt":"2024-03-27T19:27:22","guid":{"rendered":"https:\/\/findit.webapp-market.com\/product\/lampara-led-recargable-portable-animalitos\/"},"modified":"2024-03-27T19:27:22","modified_gmt":"2024-03-27T19:27:22","slug":"lampara-led-recargable-portable-animalitos","status":"publish","type":"product","link":"https:\/\/findit.webapp-market.com\/es\/producto\/lampara-led-recargable-portable-animalitos\/","title":{"rendered":"Lampara LED Recargable Portable animalitos"},"content":{"rendered":"<p>L\u00e1mpara de escritorio Cute Cat \u2013 L\u00e1mpara de escritorio peque\u00f1a LED recargable Fuente de luz LED, bajo consumo de energ\u00eda. Ahorro de energ\u00eda y protecci\u00f3n del medio ambiente. Interruptor t\u00e1ctil, simple y conveniente. La l\u00e1mpara de escritorio tiene un fondo estable y antideslizante, no es f\u00e1cil de sacudir y caer, y el \u00e1ngulo se puede ajustar.<\/p>\n<h3>L\u00e1mpara de escritorio Cute Cat<\/h3>\n<ul>\n<li>L\u00e1mpara de escritorio peque\u00f1a LED recargable Ahorro de energ\u00eda y protecci\u00f3n del medio ambiente.<\/li>\n<li>Interruptor t\u00e1ctil, simple y conveniente.<\/li>\n<li>Bater\u00eda recargable incorporada, admite fuente de alimentaci\u00f3n USB, fuente de alimentaci\u00f3n del ordenador, fuente de alimentaci\u00f3n de la toma de conexi\u00f3n del cargador del tel\u00e9fono m\u00f3vil.<\/li>\n<li>El poste es libre de doblar, cuello de cisne flexible \u2013 para proporcionar la mejor iluminaci\u00f3n con un simple giro o curva.<\/li>\n<li>La bonita forma de gato puede aportar alegr\u00eda al aprendizaje y a la vida. Se puede utilizar como un accesorio de escritorio kawaii o como un regalo para amigos o ni\u00f1os.<\/li>\n<\/ul>\n<p>Caracter\u00edsticas:<br \/>\n1. La l\u00e1mpara de escritorio adopta una manguera ajustable de 360\u00b0, y el \u00e1ngulo se puede cambiar a voluntad.<br \/>\n2. La fuente de luz instant\u00e1nea LED se acerca al efecto de la luz natural, y la lectura no da\u00f1a los ojos.<br \/>\n3. No s\u00f3lo es una l\u00e1mpara, sino tambi\u00e9n un adorable dibujo animado es una buena decoraci\u00f3n<\/p>\n<p>&nbsp;<\/p>\n","protected":false},"excerpt":{"rendered":"<p>L\u00e1mpara de escritorio Cute Cat \u2013 L\u00e1mpara de escritorio peque\u00f1a LED recargable Fuente de luz LED, bajo consumo de energ\u00eda.<\/p>\n","protected":false},"featured_media":16481,"comment_status":"open","ping_status":"closed","template":"","meta":[],"product_brand":[],"product_cat":[582],"product_tag":[611],"class_list":{"0":"post-22876","1":"product","2":"type-product","3":"status-publish","4":"has-post-thumbnail","6":"product_cat-hogar-y-jardin","7":"product_tag-10-es","8":"product_shipping_class-1101-es","10":"first","11":"instock","12":"taxable","13":"shipping-taxable","14":"purchasable","15":"product-type-variable"},"_links":{"self":[{"href":"https:\/\/findit.webapp-market.com\/es\/wp-json\/wp\/v2\/product\/22876","targetHints":{"allow":["GET"]}}],"collection":[{"href":"https:\/\/findit.webapp-market.com\/es\/wp-json\/wp\/v2\/product"}],"about":[{"href":"https:\/\/findit.webapp-market.com\/es\/wp-json\/wp\/v2\/types\/product"}],"replies":[{"embeddable":true,"href":"https:\/\/findit.webapp-market.com\/es\/wp-json\/wp\/v2\/comments?post=22876"}],"wp:featuredmedia":[{"embeddable":true,"href":"https:\/\/findit.webapp-market.com\/es\/wp-json\/wp\/v2\/media\/16481"}],"wp:attachment":[{"href":"https:\/\/findit.webapp-market.com\/es\/wp-json\/wp\/v2\/media?parent=22876"}],"wp:term":[{"taxonomy":"product_brand","embeddable":true,"href":"https:\/\/findit.webapp-market.com\/es\/wp-json\/wp\/v2\/product_brand?post=22876"},{"taxonomy":"product_cat","embeddable":true,"href":"https:\/\/findit.webapp-market.com\/es\/wp-json\/wp\/v2\/product_cat?post=22876"},{"taxonomy":"product_tag","embeddable":true,"href":"https:\/\/findit.webapp-market.com\/es\/wp-json\/wp\/v2\/product_tag?post=22876"}],"curies":[{"name":"wp","href":"https:\/\/api.w.org\/{rel}","templated":true}]}}