{"id":22945,"date":"2024-03-27T19:24:38","date_gmt":"2024-03-27T19:24:38","guid":{"rendered":"https:\/\/findit.webapp-market.com\/product\/huevo-vibrador-control-remoto-kitten-fufy\/"},"modified":"2024-03-27T19:24:38","modified_gmt":"2024-03-27T19:24:38","slug":"huevo-vibrador-control-remoto-kitten-fufy","status":"publish","type":"product","link":"https:\/\/findit.webapp-market.com\/es\/producto\/huevo-vibrador-control-remoto-kitten-fufy\/","title":{"rendered":"Huevo vibrador control remoto Kitten Fufy"},"content":{"rendered":"<p>Peque\u00f1o estimulador clitorial en forma de gatito con 10 frecuencias de vibraci\u00f3n y manejado por medio de control remoto.<\/p>\n<p>Caracter\u00edsticas:<\/p>\n<p><strong>Color:<\/strong> Rosa<br \/>\n<strong>Material:<\/strong> silicona + ABS<br \/>\n<strong>Largo total:<\/strong> 20 cm<br \/>\n<strong>Longitud insertable:<\/strong> 7.5 cm<br \/>\n<strong>Diametero:<\/strong> 3.4 cm<br \/>\n<strong>Resistente a salpicaduras de agua<\/strong><br \/>\n<strong>Puerto pin a trav\u00e9s de USB.<\/strong><br \/>\n<strong>Control remoto:<\/strong> Pila CR2032<\/p>\n<p><strong>Confidencialidad:<\/strong> Tus pedidos se env\u00edan en una caja o sobre totalmente sellado opaco sin ning\u00fan tipo de marcas externas. Tu privacidad es muy importante para nosotros.<\/p>\n","protected":false},"excerpt":{"rendered":"<p>Peque\u00f1o estimulador clitorial en forma de gatito con 10 frecuencias de vibraci\u00f3n y manejado por medio de control remoto. Caracter\u00edsticas:<\/p>\n","protected":false},"featured_media":16425,"comment_status":"open","ping_status":"closed","template":"","meta":[],"product_brand":[],"product_cat":[590],"product_tag":[611],"class_list":{"0":"post-22945","1":"product","2":"type-product","3":"status-publish","4":"has-post-thumbnail","6":"product_cat-vibradores","7":"product_tag-10-es","8":"product_shipping_class-1169-es","10":"first","11":"instock","12":"taxable","13":"shipping-taxable","14":"purchasable","15":"product-type-simple"},"_links":{"self":[{"href":"https:\/\/findit.webapp-market.com\/es\/wp-json\/wp\/v2\/product\/22945","targetHints":{"allow":["GET"]}}],"collection":[{"href":"https:\/\/findit.webapp-market.com\/es\/wp-json\/wp\/v2\/product"}],"about":[{"href":"https:\/\/findit.webapp-market.com\/es\/wp-json\/wp\/v2\/types\/product"}],"replies":[{"embeddable":true,"href":"https:\/\/findit.webapp-market.com\/es\/wp-json\/wp\/v2\/comments?post=22945"}],"wp:featuredmedia":[{"embeddable":true,"href":"https:\/\/findit.webapp-market.com\/es\/wp-json\/wp\/v2\/media\/16425"}],"wp:attachment":[{"href":"https:\/\/findit.webapp-market.com\/es\/wp-json\/wp\/v2\/media?parent=22945"}],"wp:term":[{"taxonomy":"product_brand","embeddable":true,"href":"https:\/\/findit.webapp-market.com\/es\/wp-json\/wp\/v2\/product_brand?post=22945"},{"taxonomy":"product_cat","embeddable":true,"href":"https:\/\/findit.webapp-market.com\/es\/wp-json\/wp\/v2\/product_cat?post=22945"},{"taxonomy":"product_tag","embeddable":true,"href":"https:\/\/findit.webapp-market.com\/es\/wp-json\/wp\/v2\/product_tag?post=22945"}],"curies":[{"name":"wp","href":"https:\/\/api.w.org\/{rel}","templated":true}]}}