{"id":22951,"date":"2024-03-27T19:24:34","date_gmt":"2024-03-27T19:24:34","guid":{"rendered":"https:\/\/findit.webapp-market.com\/product\/bala-vibradora-sen-intimo\/"},"modified":"2024-03-27T19:24:34","modified_gmt":"2024-03-27T19:24:34","slug":"bala-vibradora-sen-intimo","status":"publish","type":"product","link":"https:\/\/findit.webapp-market.com\/es\/producto\/bala-vibradora-sen-intimo\/","title":{"rendered":"Bala Vibradora |Sen Intimo"},"content":{"rendered":"<p>Si est\u00e1s buscando un vibrador que te ayude a cumplir todas tus fantas\u00edas, y que adem\u00e1s sea discreto para que puedas llevarlo en tu bolsillo, \u00a1no busques m\u00e1s! El Mini Vibrator Bullet es el acompa\u00f1ante ideal para ti.<\/p>\n<p>Descubre por ti misma por qu\u00e9 este vibrador ha sido uno de los productos m\u00e1s vendidos en el mundo, y se ha convertido en el amante ideal para miles de mujeres. Adem\u00e1s, es ideal para la diversi\u00f3n y los juegos sexuales con tu amante, o para que puedas disfrutar de tu juego a solas. \u00a1Disfr\u00fatalo!<\/p>\n<p><strong>Caracter\u00edsticas:<\/strong><\/p>\n<p><strong>Material:<\/strong> ABS<br \/>\n<strong>Tama\u00f1o<\/strong><br \/>\n<strong>Largo:<\/strong> 7 cms<br \/>\n<strong>Di\u00e1metro:<\/strong> 2 cm<br \/>\n<strong>Bater\u00edas:<\/strong> 3 pilas LR44<\/p>\n<p><strong>Confidencialidad:<\/strong> Tus pedidos se env\u00edan en una caja o sobre totalmente sellado opaco sin ning\u00fan tipo de marcas externas. Tu privacidad es muy importante para nosotros.<\/p>\n","protected":false},"excerpt":{"rendered":"<p>Bala Vibradora |Sen Intimo<\/p>\n<p>&nbsp;<\/p>\n","protected":false},"featured_media":16419,"comment_status":"open","ping_status":"closed","template":"","meta":[],"product_brand":[],"product_cat":[590],"product_tag":[611],"class_list":{"0":"post-22951","1":"product","2":"type-product","3":"status-publish","4":"has-post-thumbnail","6":"product_cat-vibradores","7":"product_tag-10-es","8":"product_shipping_class-1169-es","10":"first","11":"instock","12":"taxable","13":"shipping-taxable","14":"purchasable","15":"product-type-simple"},"_links":{"self":[{"href":"https:\/\/findit.webapp-market.com\/es\/wp-json\/wp\/v2\/product\/22951","targetHints":{"allow":["GET"]}}],"collection":[{"href":"https:\/\/findit.webapp-market.com\/es\/wp-json\/wp\/v2\/product"}],"about":[{"href":"https:\/\/findit.webapp-market.com\/es\/wp-json\/wp\/v2\/types\/product"}],"replies":[{"embeddable":true,"href":"https:\/\/findit.webapp-market.com\/es\/wp-json\/wp\/v2\/comments?post=22951"}],"wp:featuredmedia":[{"embeddable":true,"href":"https:\/\/findit.webapp-market.com\/es\/wp-json\/wp\/v2\/media\/16419"}],"wp:attachment":[{"href":"https:\/\/findit.webapp-market.com\/es\/wp-json\/wp\/v2\/media?parent=22951"}],"wp:term":[{"taxonomy":"product_brand","embeddable":true,"href":"https:\/\/findit.webapp-market.com\/es\/wp-json\/wp\/v2\/product_brand?post=22951"},{"taxonomy":"product_cat","embeddable":true,"href":"https:\/\/findit.webapp-market.com\/es\/wp-json\/wp\/v2\/product_cat?post=22951"},{"taxonomy":"product_tag","embeddable":true,"href":"https:\/\/findit.webapp-market.com\/es\/wp-json\/wp\/v2\/product_tag?post=22951"}],"curies":[{"name":"wp","href":"https:\/\/api.w.org\/{rel}","templated":true}]}}