{"id":22953,"date":"2024-03-27T19:24:30","date_gmt":"2024-03-27T19:24:30","guid":{"rendered":"https:\/\/findit.webapp-market.com\/product\/anillo-vibrador-sen-intimo\/"},"modified":"2024-03-27T19:24:30","modified_gmt":"2024-03-27T19:24:30","slug":"anillo-vibrador-sen-intimo","status":"publish","type":"product","link":"https:\/\/findit.webapp-market.com\/es\/producto\/anillo-vibrador-sen-intimo\/","title":{"rendered":"Anillo Vibrador | Sen Intimo"},"content":{"rendered":"<p>Anillo vibrador que le dar\u00e1 m\u00e1ximo placer a t\u00ed a tu pareja.<\/p>\n<p>Ponlo en la base del pene, sentir\u00e1s una delicada presi\u00f3n que mantendr\u00e1 tu erecci\u00f3n durante m\u00e1s tiempo y tendr\u00e1s m\u00e1s control en el momento de eyacular.<\/p>\n<p>Su poderosa bala vibradora puede ser usada de dos maneras: Si apunta para abajo, estimula de una forma incre\u00edble los test\u00edculos. Si apunta para arriba, estimular\u00e1 el cl\u00edtoris, llev\u00e1ndola al \u00e9xtasis en el momento de la penetraci\u00f3n.<\/p>\n<p>Es reutilizable.<\/p>\n<p>Caracter\u00edsticas:<\/p>\n<p><strong>Baterias:<\/strong> 2 Pilas AG3<br \/>\n<strong>Diametro:<\/strong> 2.2 cms<br \/>\n<strong>Largo:<\/strong> 4.5 cms<br \/>\n<strong>Material:<\/strong> Silicona<\/p>\n<p><strong>Confidencialidad:<\/strong> Tus pedidos se env\u00edan en una caja o sobre totalmente sellado opaco sin ning\u00fan tipo de marcas externas. Tu privacidad es muy importante para nosotros.<\/p>\n","protected":false},"excerpt":{"rendered":"<p>Anillo vibrador que le dar\u00e1 m\u00e1ximo placer a t\u00ed a tu pareja.<\/p>\n<p>&nbsp;<\/p>\n","protected":false},"featured_media":16414,"comment_status":"open","ping_status":"closed","template":"","meta":[],"product_brand":[],"product_cat":[590],"product_tag":[611],"class_list":{"0":"post-22953","1":"product","2":"type-product","3":"status-publish","4":"has-post-thumbnail","6":"product_cat-vibradores","7":"product_tag-10-es","8":"product_shipping_class-1169-es","10":"first","11":"instock","12":"taxable","13":"shipping-taxable","14":"purchasable","15":"product-type-simple"},"_links":{"self":[{"href":"https:\/\/findit.webapp-market.com\/es\/wp-json\/wp\/v2\/product\/22953","targetHints":{"allow":["GET"]}}],"collection":[{"href":"https:\/\/findit.webapp-market.com\/es\/wp-json\/wp\/v2\/product"}],"about":[{"href":"https:\/\/findit.webapp-market.com\/es\/wp-json\/wp\/v2\/types\/product"}],"replies":[{"embeddable":true,"href":"https:\/\/findit.webapp-market.com\/es\/wp-json\/wp\/v2\/comments?post=22953"}],"wp:featuredmedia":[{"embeddable":true,"href":"https:\/\/findit.webapp-market.com\/es\/wp-json\/wp\/v2\/media\/16414"}],"wp:attachment":[{"href":"https:\/\/findit.webapp-market.com\/es\/wp-json\/wp\/v2\/media?parent=22953"}],"wp:term":[{"taxonomy":"product_brand","embeddable":true,"href":"https:\/\/findit.webapp-market.com\/es\/wp-json\/wp\/v2\/product_brand?post=22953"},{"taxonomy":"product_cat","embeddable":true,"href":"https:\/\/findit.webapp-market.com\/es\/wp-json\/wp\/v2\/product_cat?post=22953"},{"taxonomy":"product_tag","embeddable":true,"href":"https:\/\/findit.webapp-market.com\/es\/wp-json\/wp\/v2\/product_tag?post=22953"}],"curies":[{"name":"wp","href":"https:\/\/api.w.org\/{rel}","templated":true}]}}