{"id":22958,"date":"2024-03-27T19:24:25","date_gmt":"2024-03-27T19:24:25","guid":{"rendered":"https:\/\/findit.webapp-market.com\/product\/lubricante-stud-spray-15ml-black-power\/"},"modified":"2024-03-27T19:24:25","modified_gmt":"2024-03-27T19:24:25","slug":"lubricante-stud-spray-15ml-black-power","status":"publish","type":"product","link":"https:\/\/findit.webapp-market.com\/es\/producto\/lubricante-stud-spray-15ml-black-power\/","title":{"rendered":"Lubricante Stud Spray 15ml | Black Power"},"content":{"rendered":"<p>Lubricante \u00edntimo dise\u00f1ado para prolongar los momentos de placer y retardar la eyaculaci\u00f3n.<\/p>\n<p>Se aplica 15 minutos antes del encuentro \u00edntimo, alrededor del pene desde la base hasta la cabeza, inicialmente de tres a cuatro sprays, si quieres mejorar los resultados puedes aumentar la cantidad paulatinamente. No requiere enjuague.<\/p>\n<p>Es 100% seguro con la zona \u00edntima y los preservativos, pero se debe esperar a que se absorba primero para evitar riesgos.<\/p>\n<p><strong>Confidencialidad:<\/strong> Tus pedidos se env\u00edan en una caja o sobre totalmente sellado opaco sin ning\u00fan tipo de marcas externas. Tu privacidad es muy importante para nosotros.<\/p>\n","protected":false},"excerpt":{"rendered":"<p>Lubricante \u00edntimo dise\u00f1ado para prolongar los momentos de placer y retardar la eyaculaci\u00f3n. Se aplica 15 minutos antes del encuentro<\/p>\n","protected":false},"featured_media":16406,"comment_status":"open","ping_status":"closed","template":"","meta":[],"product_brand":[],"product_cat":[587],"product_tag":[611],"class_list":{"0":"post-22958","1":"product","2":"type-product","3":"status-publish","4":"has-post-thumbnail","6":"product_cat-lubricantes","7":"product_tag-10-es","8":"product_shipping_class-1169-es","10":"first","11":"instock","12":"taxable","13":"shipping-taxable","14":"purchasable","15":"product-type-simple"},"_links":{"self":[{"href":"https:\/\/findit.webapp-market.com\/es\/wp-json\/wp\/v2\/product\/22958","targetHints":{"allow":["GET"]}}],"collection":[{"href":"https:\/\/findit.webapp-market.com\/es\/wp-json\/wp\/v2\/product"}],"about":[{"href":"https:\/\/findit.webapp-market.com\/es\/wp-json\/wp\/v2\/types\/product"}],"replies":[{"embeddable":true,"href":"https:\/\/findit.webapp-market.com\/es\/wp-json\/wp\/v2\/comments?post=22958"}],"wp:featuredmedia":[{"embeddable":true,"href":"https:\/\/findit.webapp-market.com\/es\/wp-json\/wp\/v2\/media\/16406"}],"wp:attachment":[{"href":"https:\/\/findit.webapp-market.com\/es\/wp-json\/wp\/v2\/media?parent=22958"}],"wp:term":[{"taxonomy":"product_brand","embeddable":true,"href":"https:\/\/findit.webapp-market.com\/es\/wp-json\/wp\/v2\/product_brand?post=22958"},{"taxonomy":"product_cat","embeddable":true,"href":"https:\/\/findit.webapp-market.com\/es\/wp-json\/wp\/v2\/product_cat?post=22958"},{"taxonomy":"product_tag","embeddable":true,"href":"https:\/\/findit.webapp-market.com\/es\/wp-json\/wp\/v2\/product_tag?post=22958"}],"curies":[{"name":"wp","href":"https:\/\/api.w.org\/{rel}","templated":true}]}}