{"id":22960,"date":"2024-03-27T19:24:19","date_gmt":"2024-03-27T19:24:19","guid":{"rendered":"https:\/\/findit.webapp-market.com\/product\/lubricante-retardante-dynamo-ultra-spray-15ml-black-power\/"},"modified":"2024-03-27T19:24:19","modified_gmt":"2024-03-27T19:24:19","slug":"lubricante-retardante-dynamo-ultra-spray-15ml-black-power","status":"publish","type":"product","link":"https:\/\/findit.webapp-market.com\/es\/producto\/lubricante-retardante-dynamo-ultra-spray-15ml-black-power\/","title":{"rendered":"Lubricante retardante Dynamo Ultra Spray 15ml| Black Power"},"content":{"rendered":"<p>Lubricante \u00edntimo para casos avanzados de eyaculaci\u00f3n precoz..<\/p>\n<p>Este producto tiene una alta concentraci\u00f3n de retardante. Se usa para casos de eyaculaci\u00f3n muy dif\u00edcil de controlar o quienes eyaculan una vez logran la erecci\u00f3n.<\/p>\n<p>Se aplica alrededor del pene desde la base hasta la cabeza, 15 minutos antes del encuentro \u00edntimo. Dynamo Ultra es seguro con la piel y los preservativos, pero se debe esperar a que se absorba primero para evitar riesgos.<\/p>\n<p>Se recomienda aplicar de 3 a 4 dosis con el spray. Si persiste la hipersensibilidad, se puede subir la cantidad gradualmente.<\/p>\n<p><strong>Cantidad:<\/strong> 15 Ml<\/p>\n<p><strong>Confidencialidad:<\/strong> Tus pedidos se env\u00edan en una caja o sobre totalmente sellado y opaco sin ning\u00fan tipo de marcas externas. Tu privacidad es muy importante para nosotros.<\/p>\n","protected":false},"excerpt":{"rendered":"<p>Lubricante \u00edntimo para casos avanzados de eyaculaci\u00f3n precoz.. Este producto tiene una alta concentraci\u00f3n de retardante. Se usa para casos<\/p>\n","protected":false},"featured_media":16399,"comment_status":"open","ping_status":"closed","template":"","meta":[],"product_brand":[],"product_cat":[587],"product_tag":[611],"class_list":{"0":"post-22960","1":"product","2":"type-product","3":"status-publish","4":"has-post-thumbnail","6":"product_cat-lubricantes","7":"product_tag-10-es","8":"product_shipping_class-1169-es","10":"first","11":"instock","12":"taxable","13":"shipping-taxable","14":"purchasable","15":"product-type-simple"},"_links":{"self":[{"href":"https:\/\/findit.webapp-market.com\/es\/wp-json\/wp\/v2\/product\/22960","targetHints":{"allow":["GET"]}}],"collection":[{"href":"https:\/\/findit.webapp-market.com\/es\/wp-json\/wp\/v2\/product"}],"about":[{"href":"https:\/\/findit.webapp-market.com\/es\/wp-json\/wp\/v2\/types\/product"}],"replies":[{"embeddable":true,"href":"https:\/\/findit.webapp-market.com\/es\/wp-json\/wp\/v2\/comments?post=22960"}],"wp:featuredmedia":[{"embeddable":true,"href":"https:\/\/findit.webapp-market.com\/es\/wp-json\/wp\/v2\/media\/16399"}],"wp:attachment":[{"href":"https:\/\/findit.webapp-market.com\/es\/wp-json\/wp\/v2\/media?parent=22960"}],"wp:term":[{"taxonomy":"product_brand","embeddable":true,"href":"https:\/\/findit.webapp-market.com\/es\/wp-json\/wp\/v2\/product_brand?post=22960"},{"taxonomy":"product_cat","embeddable":true,"href":"https:\/\/findit.webapp-market.com\/es\/wp-json\/wp\/v2\/product_cat?post=22960"},{"taxonomy":"product_tag","embeddable":true,"href":"https:\/\/findit.webapp-market.com\/es\/wp-json\/wp\/v2\/product_tag?post=22960"}],"curies":[{"name":"wp","href":"https:\/\/api.w.org\/{rel}","templated":true}]}}