{"id":22962,"date":"2024-03-27T19:24:13","date_gmt":"2024-03-27T19:24:13","guid":{"rendered":"https:\/\/findit.webapp-market.com\/product\/retardante-ejaculation-delay-15-ml-sen-intimo\/"},"modified":"2024-03-27T19:24:13","modified_gmt":"2024-03-27T19:24:13","slug":"retardante-ejaculation-delay-15-ml-sen-intimo","status":"publish","type":"product","link":"https:\/\/findit.webapp-market.com\/es\/producto\/retardante-ejaculation-delay-15-ml-sen-intimo\/","title":{"rendered":"Retardante Ejaculation Delay 15ml |Sen Intimo"},"content":{"rendered":"<p>Prolonga tus momentos de placer. Sus ingredientes te ayudan a prolongar tu relaci\u00f3n con su efecto desensibilizante, tendr\u00e1s m\u00e1s duraci\u00f3n y tu pareja disfrutar\u00e1 de mucho m\u00e1s placer.<\/p>\n<p>F\u00f3rmula de m\u00e1xima potencia para prolongar el placer sexual.<\/p>\n<p><strong>Modo de uso:<\/strong> Aplica en el pene desde la base hasta la cabeza 10 minutos antes de la penetraci\u00f3n.<\/p>\n<p><strong>Confidencialidad:<\/strong> Tus pedidos se env\u00edan en una caja o sobre totalmente sellado y opaco sin ning\u00fan tipo de marcas externas. Tu privacidad es muy importante para nosotros.<\/p>\n","protected":false},"excerpt":{"rendered":"<p>Prolonga tus momentos de placer. Sus ingredientes te ayudan a prolongar tu relaci\u00f3n con su efecto desensibilizante, tendr\u00e1s m\u00e1s duraci\u00f3n<\/p>\n","protected":false},"featured_media":16394,"comment_status":"open","ping_status":"closed","template":"","meta":[],"product_brand":[],"product_cat":[587],"product_tag":[611],"class_list":{"0":"post-22962","1":"product","2":"type-product","3":"status-publish","4":"has-post-thumbnail","6":"product_cat-lubricantes","7":"product_tag-10-es","8":"product_shipping_class-1169-es","10":"first","11":"instock","12":"taxable","13":"shipping-taxable","14":"purchasable","15":"product-type-simple"},"_links":{"self":[{"href":"https:\/\/findit.webapp-market.com\/es\/wp-json\/wp\/v2\/product\/22962","targetHints":{"allow":["GET"]}}],"collection":[{"href":"https:\/\/findit.webapp-market.com\/es\/wp-json\/wp\/v2\/product"}],"about":[{"href":"https:\/\/findit.webapp-market.com\/es\/wp-json\/wp\/v2\/types\/product"}],"replies":[{"embeddable":true,"href":"https:\/\/findit.webapp-market.com\/es\/wp-json\/wp\/v2\/comments?post=22962"}],"wp:featuredmedia":[{"embeddable":true,"href":"https:\/\/findit.webapp-market.com\/es\/wp-json\/wp\/v2\/media\/16394"}],"wp:attachment":[{"href":"https:\/\/findit.webapp-market.com\/es\/wp-json\/wp\/v2\/media?parent=22962"}],"wp:term":[{"taxonomy":"product_brand","embeddable":true,"href":"https:\/\/findit.webapp-market.com\/es\/wp-json\/wp\/v2\/product_brand?post=22962"},{"taxonomy":"product_cat","embeddable":true,"href":"https:\/\/findit.webapp-market.com\/es\/wp-json\/wp\/v2\/product_cat?post=22962"},{"taxonomy":"product_tag","embeddable":true,"href":"https:\/\/findit.webapp-market.com\/es\/wp-json\/wp\/v2\/product_tag?post=22962"}],"curies":[{"name":"wp","href":"https:\/\/api.w.org\/{rel}","templated":true}]}}