{"id":22974,"date":"2024-03-27T19:20:14","date_gmt":"2024-03-27T19:20:14","guid":{"rendered":"https:\/\/findit.webapp-market.com\/product\/lubricante-multiorgasmos-frio-calor-30ml\/"},"modified":"2024-03-27T19:20:14","modified_gmt":"2024-03-27T19:20:14","slug":"lubricante-multiorgasmos-frio-calor-30ml","status":"publish","type":"product","link":"https:\/\/findit.webapp-market.com\/es\/producto\/lubricante-multiorgasmos-frio-calor-30ml\/","title":{"rendered":"Lubricante multiorgasmos Frio\/Calor 30ml"},"content":{"rendered":"<p>\u00a1Vive nuevas sensaciones con cambios de temperatura! Su f\u00f3rmula te permite experimentar cambios sensoriales de temperatura, mejora el flujo sangu\u00edneo e incrementa la sensibilidad en tu zona \u00edntima para que alcances mayores niveles de placer.<\/p>\n<p>Modo de uso: Masajea suavemente y en c\u00edrculos alrededor del cl\u00edtoris y los labios vaginales hasta conseguir mayor placer.<\/p>\n<p><strong>Confidencialidad :<\/strong> Tus pedidos se env\u00edan en una caja o sobre totalmente sellado opaco sin ning\u00fan tipo de marcas externas. Para nosotros es muy importante tu privacidad. Para nosotros, es muy importante tu privacidad.<\/p>\n<p><strong>Precauciones y advertencias:<\/strong> Solo para uso externo. No aplicar sobre la piel irritada o lastimada. En caso de alguna reacci\u00f3n desfavorable suspenda inmediatamente su uso. Mantener fuera del alcance de los ni\u00f1os. Mantener en un lugar fresco y seco.<\/p>\n<p>Las im\u00e1genes representan el producto real, el color puede variar dependiendo del dispositivo en el que se est\u00e9n viendo.<\/p>\n","protected":false},"excerpt":{"rendered":"<p>\u00a1Vive nuevas sensaciones con cambios de temperatura! Su f\u00f3rmula te permite experimentar cambios sensoriales de temperatura, mejora el flujo sangu\u00edneo<\/p>\n","protected":false},"featured_media":16135,"comment_status":"open","ping_status":"closed","template":"","meta":[],"product_brand":[],"product_cat":[587],"product_tag":[611],"class_list":{"0":"post-22974","1":"product","2":"type-product","3":"status-publish","4":"has-post-thumbnail","6":"product_cat-lubricantes","7":"product_tag-10-es","8":"product_shipping_class-1169-es","10":"first","11":"instock","12":"taxable","13":"shipping-taxable","14":"purchasable","15":"product-type-simple"},"_links":{"self":[{"href":"https:\/\/findit.webapp-market.com\/es\/wp-json\/wp\/v2\/product\/22974","targetHints":{"allow":["GET"]}}],"collection":[{"href":"https:\/\/findit.webapp-market.com\/es\/wp-json\/wp\/v2\/product"}],"about":[{"href":"https:\/\/findit.webapp-market.com\/es\/wp-json\/wp\/v2\/types\/product"}],"replies":[{"embeddable":true,"href":"https:\/\/findit.webapp-market.com\/es\/wp-json\/wp\/v2\/comments?post=22974"}],"wp:featuredmedia":[{"embeddable":true,"href":"https:\/\/findit.webapp-market.com\/es\/wp-json\/wp\/v2\/media\/16135"}],"wp:attachment":[{"href":"https:\/\/findit.webapp-market.com\/es\/wp-json\/wp\/v2\/media?parent=22974"}],"wp:term":[{"taxonomy":"product_brand","embeddable":true,"href":"https:\/\/findit.webapp-market.com\/es\/wp-json\/wp\/v2\/product_brand?post=22974"},{"taxonomy":"product_cat","embeddable":true,"href":"https:\/\/findit.webapp-market.com\/es\/wp-json\/wp\/v2\/product_cat?post=22974"},{"taxonomy":"product_tag","embeddable":true,"href":"https:\/\/findit.webapp-market.com\/es\/wp-json\/wp\/v2\/product_tag?post=22974"}],"curies":[{"name":"wp","href":"https:\/\/api.w.org\/{rel}","templated":true}]}}