{"id":22981,"date":"2024-03-27T19:19:38","date_gmt":"2024-03-27T19:19:38","guid":{"rendered":"https:\/\/findit.webapp-market.com\/product\/multiorgasmos-electrizante-x-5-ml-sen-intimo\/"},"modified":"2024-03-27T19:19:38","modified_gmt":"2024-03-27T19:19:38","slug":"multiorgasmos-electrizante-x-5-ml-sen-intimo","status":"publish","type":"product","link":"https:\/\/findit.webapp-market.com\/es\/producto\/multiorgasmos-electrizante-x-5-ml-sen-intimo\/","title":{"rendered":"Multiorgasmos electrizante 5ml"},"content":{"rendered":"<p>\u00a1Eleva tu capacidad de sentir placer! Dise\u00f1ado para mejorar la sensibilidad y la excitaci\u00f3n, creando una intensa sensaci\u00f3n electrizante y de hormigueo, que incrementa el flujo sangu\u00edneo y puede llevarte al orgasmo con mayor facilidad.<\/p>\n<p><strong>Modo de uso:<\/strong> Aplica una o dos gotas en el cl\u00edtoris, estimula, genera fricci\u00f3n o sopla para experimentar mayor sensaci\u00f3n de placer. Apto para sexo oral. Despu\u00e9s de la aplicaci\u00f3n comenzar\u00e1s a sentir una sensaci\u00f3n electrizante, c\u00e1lida y estimulante. Esta sensaci\u00f3n alcanza su punto m\u00e1s alto alrededor de los dos minutos y puede permanecer hasta 45 minutos. Puedes usarlo en las zonas er\u00f3genas y en los labios. Apl\u00edcalo antes de usar cualquier otro lubricante \u00edntimo. Debe complementarse con estimulaci\u00f3n.<\/p>\n<p><strong>Confidencialidad :<\/strong> Tus pedidos se env\u00edan en una caja o sobre totalmente sellado opaco sin ning\u00fan tipo de marcas externas. Para nosotros es muy importante tu privacidad. Tu privacidad es muy importante para nosotros.<\/p>\n<p><strong>Precauciones y advertencias:<\/strong> Solo para uso externo. No aplicar sobre la piel irritada o lastimada. En caso de alguna reacci\u00f3n desfavorable suspenda inmediatamente su uso. Mantener fuera del alcance de los ni\u00f1os. Mantener en un lugar fresco y seco.<\/p>\n<p>Las im\u00e1genes representan el producto real, el color puede variar dependiendo del dispositivo en el que se est\u00e9n viendo.<\/p>\n","protected":false},"excerpt":{"rendered":"<p>\u00a1Eleva tu capacidad de sentir placer! Dise\u00f1ado para mejorar la sensibilidad y la excitaci\u00f3n, creando una intensa sensaci\u00f3n electrizante y<\/p>\n","protected":false},"featured_media":16099,"comment_status":"open","ping_status":"closed","template":"","meta":[],"product_brand":[],"product_cat":[587,585],"product_tag":[611],"class_list":{"0":"post-22981","1":"product","2":"type-product","3":"status-publish","4":"has-post-thumbnail","6":"product_cat-lubricantes","7":"product_cat-tienda-erotica","8":"product_tag-10-es","9":"product_shipping_class-1169-es","11":"first","12":"instock","13":"taxable","14":"shipping-taxable","15":"purchasable","16":"product-type-simple"},"_links":{"self":[{"href":"https:\/\/findit.webapp-market.com\/es\/wp-json\/wp\/v2\/product\/22981","targetHints":{"allow":["GET"]}}],"collection":[{"href":"https:\/\/findit.webapp-market.com\/es\/wp-json\/wp\/v2\/product"}],"about":[{"href":"https:\/\/findit.webapp-market.com\/es\/wp-json\/wp\/v2\/types\/product"}],"replies":[{"embeddable":true,"href":"https:\/\/findit.webapp-market.com\/es\/wp-json\/wp\/v2\/comments?post=22981"}],"wp:featuredmedia":[{"embeddable":true,"href":"https:\/\/findit.webapp-market.com\/es\/wp-json\/wp\/v2\/media\/16099"}],"wp:attachment":[{"href":"https:\/\/findit.webapp-market.com\/es\/wp-json\/wp\/v2\/media?parent=22981"}],"wp:term":[{"taxonomy":"product_brand","embeddable":true,"href":"https:\/\/findit.webapp-market.com\/es\/wp-json\/wp\/v2\/product_brand?post=22981"},{"taxonomy":"product_cat","embeddable":true,"href":"https:\/\/findit.webapp-market.com\/es\/wp-json\/wp\/v2\/product_cat?post=22981"},{"taxonomy":"product_tag","embeddable":true,"href":"https:\/\/findit.webapp-market.com\/es\/wp-json\/wp\/v2\/product_tag?post=22981"}],"curies":[{"name":"wp","href":"https:\/\/api.w.org\/{rel}","templated":true}]}}