{"id":22983,"date":"2024-03-27T19:20:47","date_gmt":"2024-03-27T19:20:47","guid":{"rendered":"https:\/\/findit.webapp-market.com\/product\/lubricante-intimo-multiorgasmos-euforia-30ml\/"},"modified":"2024-03-27T19:20:47","modified_gmt":"2024-03-27T19:20:47","slug":"lubricante-intimo-multiorgasmos-euforia-30ml","status":"publish","type":"product","link":"https:\/\/findit.webapp-market.com\/es\/producto\/lubricante-intimo-multiorgasmos-euforia-30ml\/","title":{"rendered":"Lubricante \u00edntimo multiorgasmos Euforia 30ml"},"content":{"rendered":"<p>\u00a1Renueva tu relaci\u00f3n con sensaciones intensas!<\/p>\n<p>Con Extracto de cannabis sativa, te permitir\u00e1 mejorar la lubricaci\u00f3n y experimentar intensas sensaciones de placer.<\/p>\n<p><strong>Modo de uso:<\/strong> Aplicar sobre la zona \u00edntima o sobre el preservativo. Apto para sexo oral y penetraci\u00f3n.<\/p>\n<p><strong>Confidencialidad :<\/strong> Tus pedidos se env\u00edan en una caja o sobre totalmente sellado opaco sin ning\u00fan tipo de marcas externas. Para nosotros es muy importante tu privacidad. Tu privacidad es muy importante para nosotros.<\/p>\n<p><strong>Precauciones y advertencias:<\/strong> Solo para uso externo. No aplicar sobre la piel irritada o lastimada. En caso de alguna reacci\u00f3n desfavorable suspenda inmediatamente su uso. Mantener fuera del alcance de los ni\u00f1os. Mantener en un lugar fresco y seco.<\/p>\n<p>Las im\u00e1genes representan el producto real, el color puede variar dependiendo del dispositivo en el que se est\u00e9n viendo.<\/p>\n<p>&nbsp;<\/p>\n","protected":false},"excerpt":{"rendered":"<p>\u00a1Renueva tu relaci\u00f3n con sensaciones intensas! Con Extracto de cannabis sativa, te permitir\u00e1 mejorar la lubricaci\u00f3n y experimentar intensas sensaciones<\/p>\n","protected":false},"featured_media":16173,"comment_status":"open","ping_status":"closed","template":"","meta":[],"product_brand":[],"product_cat":[587],"product_tag":[611],"class_list":{"0":"post-22983","1":"product","2":"type-product","3":"status-publish","4":"has-post-thumbnail","6":"product_cat-lubricantes","7":"product_tag-10-es","8":"product_shipping_class-1169-es","10":"first","11":"instock","12":"taxable","13":"shipping-taxable","14":"purchasable","15":"product-type-simple"},"_links":{"self":[{"href":"https:\/\/findit.webapp-market.com\/es\/wp-json\/wp\/v2\/product\/22983","targetHints":{"allow":["GET"]}}],"collection":[{"href":"https:\/\/findit.webapp-market.com\/es\/wp-json\/wp\/v2\/product"}],"about":[{"href":"https:\/\/findit.webapp-market.com\/es\/wp-json\/wp\/v2\/types\/product"}],"replies":[{"embeddable":true,"href":"https:\/\/findit.webapp-market.com\/es\/wp-json\/wp\/v2\/comments?post=22983"}],"wp:featuredmedia":[{"embeddable":true,"href":"https:\/\/findit.webapp-market.com\/es\/wp-json\/wp\/v2\/media\/16173"}],"wp:attachment":[{"href":"https:\/\/findit.webapp-market.com\/es\/wp-json\/wp\/v2\/media?parent=22983"}],"wp:term":[{"taxonomy":"product_brand","embeddable":true,"href":"https:\/\/findit.webapp-market.com\/es\/wp-json\/wp\/v2\/product_brand?post=22983"},{"taxonomy":"product_cat","embeddable":true,"href":"https:\/\/findit.webapp-market.com\/es\/wp-json\/wp\/v2\/product_cat?post=22983"},{"taxonomy":"product_tag","embeddable":true,"href":"https:\/\/findit.webapp-market.com\/es\/wp-json\/wp\/v2\/product_tag?post=22983"}],"curies":[{"name":"wp","href":"https:\/\/api.w.org\/{rel}","templated":true}]}}