{"id":22991,"date":"2024-03-27T19:20:19","date_gmt":"2024-03-27T19:20:19","guid":{"rendered":"https:\/\/findit.webapp-market.com\/product\/desensibilizante-anal-30-ml-sen-intimo\/"},"modified":"2024-03-27T19:20:19","modified_gmt":"2024-03-27T19:20:19","slug":"desensibilizante-anal-30-ml-sen-intimo","status":"publish","type":"product","link":"https:\/\/findit.webapp-market.com\/es\/producto\/desensibilizante-anal-30-ml-sen-intimo\/","title":{"rendered":"Desensibilizante anal 30ml |Sen Intimo"},"content":{"rendered":"<p>\u00a1Sexo anal placentero y sin dolor! Nuestro nuevo Lubricante Anal Sen \u00cdntimo desensibilizante con anest\u00e9sico, que garantiza una relajaci\u00f3n de la zona y una \u00f3ptima lubricaci\u00f3n.<\/p>\n<h3>Caracter\u00edsticas:<\/h3>\n<ul>\n<li>Elimina el dolor, molestias o incomodidad.<\/li>\n<li>A base de agua<\/li>\n<li>Sedoso y suave al tacto.<\/li>\n<li>Lubricaci\u00f3n de larga duraci\u00f3n.<\/li>\n<li>F\u00e1cil de limpiar: utiliza agua o jab\u00f3n para lavarlo en cuesti\u00f3n de segundos.<\/li>\n<li>No deja residuos ni es pegajoso.<\/li>\n<li>Seguro con preservativos.<\/li>\n<li>Modo de uso: Apl\u00edcalo sobre el \u00e1rea a estimular de 5 a 10 min antes de la penetraci\u00f3n, \u00a1y a disfrutar!<\/li>\n<\/ul>\n<h3>Precauciones:<\/h3>\n<p>Si presenta irritaci\u00f3n, suspenda su uso y consulte a su m\u00e9dico<br \/>\n<strong>Contenido:<\/strong> 30ml<br \/>\n<strong>Ingrediente activo:<\/strong> Lidoca\u00edna.<br \/>\nLibre de parabeno.<br \/>\nLibre de aceite.<br \/>\nNo testeado en animales.<\/p>\n<p><strong>Confidencialidad :<\/strong> Tus pedidos se env\u00edan en una caja o sobre totalmente sellado opaco sin ning\u00fan tipo de marcas externas. Para nosotros es muy importante tu privacidad. Para nosotros, es muy importante tu privacidad.<\/p>\n","protected":false},"excerpt":{"rendered":"<p>\u00a1Sexo anal placentero y sin dolor! Nuestro nuevo Lubricante Anal Sen \u00cdntimo desensibilizante con anest\u00e9sico, que garantiza una relajaci\u00f3n de<\/p>\n","protected":false},"featured_media":16138,"comment_status":"open","ping_status":"closed","template":"","meta":[],"product_brand":[],"product_cat":[587],"product_tag":[611],"class_list":{"0":"post-22991","1":"product","2":"type-product","3":"status-publish","4":"has-post-thumbnail","6":"product_cat-lubricantes","7":"product_tag-10-es","8":"product_shipping_class-1169-es","10":"first","11":"instock","12":"taxable","13":"shipping-taxable","14":"purchasable","15":"product-type-simple"},"_links":{"self":[{"href":"https:\/\/findit.webapp-market.com\/es\/wp-json\/wp\/v2\/product\/22991","targetHints":{"allow":["GET"]}}],"collection":[{"href":"https:\/\/findit.webapp-market.com\/es\/wp-json\/wp\/v2\/product"}],"about":[{"href":"https:\/\/findit.webapp-market.com\/es\/wp-json\/wp\/v2\/types\/product"}],"replies":[{"embeddable":true,"href":"https:\/\/findit.webapp-market.com\/es\/wp-json\/wp\/v2\/comments?post=22991"}],"wp:featuredmedia":[{"embeddable":true,"href":"https:\/\/findit.webapp-market.com\/es\/wp-json\/wp\/v2\/media\/16138"}],"wp:attachment":[{"href":"https:\/\/findit.webapp-market.com\/es\/wp-json\/wp\/v2\/media?parent=22991"}],"wp:term":[{"taxonomy":"product_brand","embeddable":true,"href":"https:\/\/findit.webapp-market.com\/es\/wp-json\/wp\/v2\/product_brand?post=22991"},{"taxonomy":"product_cat","embeddable":true,"href":"https:\/\/findit.webapp-market.com\/es\/wp-json\/wp\/v2\/product_cat?post=22991"},{"taxonomy":"product_tag","embeddable":true,"href":"https:\/\/findit.webapp-market.com\/es\/wp-json\/wp\/v2\/product_tag?post=22991"}],"curies":[{"name":"wp","href":"https:\/\/api.w.org\/{rel}","templated":true}]}}