{"id":22993,"date":"2024-03-27T19:24:05","date_gmt":"2024-03-27T19:24:05","guid":{"rendered":"https:\/\/findit.webapp-market.com\/product\/lubricante-anal-500ml-sen-intimo\/"},"modified":"2024-03-27T19:24:05","modified_gmt":"2024-03-27T19:24:05","slug":"lubricante-anal-500ml-sen-intimo","status":"publish","type":"product","link":"https:\/\/findit.webapp-market.com\/es\/producto\/lubricante-anal-500ml-sen-intimo\/","title":{"rendered":"Lubricante anal 500ml |Sen Intimo"},"content":{"rendered":"","protected":false},"excerpt":{"rendered":"<p>Lubricante \u00edntimo anal, \u00a1para sexo anal placentero y sin dolor!<\/p>\n<p>Disfruta la penetraci\u00f3n anal plenamente, gracias a sus extractos naturales que facilitan la penetraci\u00f3n y reducen la sensibilidad, ayudando a relajar y disfrutar sin dolor, su f\u00f3rmula a base de agua brinda prolongada lubricaci\u00f3n y es compatible con juguetes y preservativo. El lubricante anal perfecto.<\/p>\n<p><strong>Precauciones:<\/strong><\/p>\n<p>No es un anticonceptivo, no contiene espermicidas. Si presenta irritaci\u00f3n, suspenda su uso y consulte a su m\u00e9dico<\/p>\n<p><strong>Confidencialidad:<\/strong> Tus pedidos se env\u00edan en una caja o sobre totalmente sellado y opaco sin ning\u00fan tipo de marcas externas. Tu privacidad es muy importante para nosotros.<\/p>\n","protected":false},"featured_media":16383,"comment_status":"open","ping_status":"closed","template":"","meta":[],"product_brand":[],"product_cat":[587,584],"product_tag":[611],"class_list":{"0":"post-22993","1":"product","2":"type-product","3":"status-publish","4":"has-post-thumbnail","6":"product_cat-lubricantes","7":"product_cat-outlet-es","8":"product_tag-10-es","9":"product_shipping_class-1169-es","11":"first","12":"instock","13":"sale","14":"taxable","15":"shipping-taxable","16":"purchasable","17":"product-type-simple"},"_links":{"self":[{"href":"https:\/\/findit.webapp-market.com\/es\/wp-json\/wp\/v2\/product\/22993","targetHints":{"allow":["GET"]}}],"collection":[{"href":"https:\/\/findit.webapp-market.com\/es\/wp-json\/wp\/v2\/product"}],"about":[{"href":"https:\/\/findit.webapp-market.com\/es\/wp-json\/wp\/v2\/types\/product"}],"replies":[{"embeddable":true,"href":"https:\/\/findit.webapp-market.com\/es\/wp-json\/wp\/v2\/comments?post=22993"}],"wp:featuredmedia":[{"embeddable":true,"href":"https:\/\/findit.webapp-market.com\/es\/wp-json\/wp\/v2\/media\/16383"}],"wp:attachment":[{"href":"https:\/\/findit.webapp-market.com\/es\/wp-json\/wp\/v2\/media?parent=22993"}],"wp:term":[{"taxonomy":"product_brand","embeddable":true,"href":"https:\/\/findit.webapp-market.com\/es\/wp-json\/wp\/v2\/product_brand?post=22993"},{"taxonomy":"product_cat","embeddable":true,"href":"https:\/\/findit.webapp-market.com\/es\/wp-json\/wp\/v2\/product_cat?post=22993"},{"taxonomy":"product_tag","embeddable":true,"href":"https:\/\/findit.webapp-market.com\/es\/wp-json\/wp\/v2\/product_tag?post=22993"}],"curies":[{"name":"wp","href":"https:\/\/api.w.org\/{rel}","templated":true}]}}