{"id":23000,"date":"2024-03-27T19:21:07","date_gmt":"2024-03-27T19:21:07","guid":{"rendered":"https:\/\/findit.webapp-market.com\/product\/lubricante-trio-placer-x-75-ml-sen-intimo\/"},"modified":"2024-04-11T22:53:08","modified_gmt":"2024-04-11T22:53:08","slug":"lubricante-trio-placer-x-75-ml-sen-intimo","status":"publish","type":"product","link":"https:\/\/findit.webapp-market.com\/es\/producto\/lubricante-trio-placer-x-75-ml-sen-intimo\/","title":{"rendered":"Lubricante trio placer 75 ml |Sen Intimo"},"content":{"rendered":"<h3><strong>Lubricante trio placer 75 ml |Sen Intimo<\/strong><\/h3>\n<p>Una de las fantas\u00edas m\u00e1s comunes: un tr\u00edo. Pero a falta de personas voluntarias para hacerla realidad\u2026<\/p>\n<p>Te presentamos: Lubricante \u00cdntimo Trio. Lubricante con sensaci\u00f3n tibia, funciona como loci\u00f3n para masajes con aroma y delicioso sabor para el sexo oral. Podr\u00e1s experimentar con tu pareja m\u00faltiples sensaciones usando un solo producto.<\/p>\n<p>Nuestro Tr\u00edo est\u00e1 dise\u00f1ado para que le saques partido de 3 formas. Disfruta cada parte del cuerpo de tu pareja d\u00e1ndole un masaje c\u00e1lido que propicie el aumento del deseo. Ve m\u00e1s all\u00e1 y no uses solo tus manos, comienza a besar y disfrutar de su delicioso sabor y avanza hac\u00eda un buen sexo oral. Suena prometedor, \u00bfno? \u00a1y lo es! Porque las sensaciones que te proporcionar\u00e1 ir\u00e1n hac\u00eda lo m\u00e1s exquisito.<\/p>\n<p>Finalmente haz un cierre llevando al m\u00e1ximo el nivel de estimulaci\u00f3n para un encuentro que finalice con broche de oro.<\/p>\n<h3>Caracter\u00edsticas:<\/h3>\n<ul>\n<li>Lubricante \u00edntimo 3 funciones en 1.<\/li>\n<li>Ideal para masajes.<\/li>\n<li>Se puede utilizar como lubricante \u00edntimo.<\/li>\n<li>Comestible y con un delicioso sabor, es ideal para juegos previos.<\/li>\n<li>Lubricante a base de agua con ph balanceado.<\/li>\n<li>Seguro con preservativos y juguetes.<\/li>\n<li>Aumenta tu capacidad de sentir en la intimidad<\/li>\n<li>Evita el dolor durante la actividad \u00edntima<\/li>\n<li>Es de muy f\u00e1cil aplicaci\u00f3n.<\/li>\n<li>Comestible<\/li>\n<li>No grasoso, no mancha ni deja residuos en tu cuerpo. No requiere jab\u00f3n para enjuagar<\/li>\n<\/ul>\n<p><strong>M\u00e9todo de uso:<\/strong> Aplicar sobre la zona deseada o sobre el preservativo, en caso de usarlo.<\/p>\n<p><strong>Importante:<\/strong> No es un anticonceptivo, no contiene espermicidas. Mant\u00e9ngase en un lugar fresco y seco, fuera del alcance de los ni\u00f1os.<\/p>\n<p><strong>Confidencialidad :<\/strong> Tus pedidos se env\u00edan en una caja o sobre totalmente sellado opaco sin ning\u00fan tipo de marcas externas. Para nosotros es muy importante tu privacidad. Tu privacidad es muy importante para nosotros.<\/p>\n<p><strong>Precauciones y advertencias:<\/strong> Solo para uso externo. No aplicar sobre la piel irritada o lastimada. En caso de alguna reacci\u00f3n desfavorable suspenda inmediatamente su uso. Mantener fuera del alcance de los ni\u00f1os. Mantener en un lugar fresco y seco.<\/p>\n<p>Las im\u00e1genes representan el producto real, el color puede variar dependiendo del dispositivo en el que se est\u00e9n viendo.<\/p>\n","protected":false},"excerpt":{"rendered":"<p>Lubricante trio placer 75 ml |Sen Intimo Una de las fantas\u00edas m\u00e1s comunes: un tr\u00edo. Pero a falta de personas<\/p>\n","protected":false},"featured_media":16191,"comment_status":"open","ping_status":"closed","template":"","meta":[],"product_brand":[],"product_cat":[587],"product_tag":[611],"class_list":{"0":"post-23000","1":"product","2":"type-product","3":"status-publish","4":"has-post-thumbnail","6":"product_cat-lubricantes","7":"product_tag-10-es","8":"product_shipping_class-1169-es","10":"first","11":"instock","12":"featured","13":"taxable","14":"shipping-taxable","15":"purchasable","16":"product-type-simple"},"_links":{"self":[{"href":"https:\/\/findit.webapp-market.com\/es\/wp-json\/wp\/v2\/product\/23000","targetHints":{"allow":["GET"]}}],"collection":[{"href":"https:\/\/findit.webapp-market.com\/es\/wp-json\/wp\/v2\/product"}],"about":[{"href":"https:\/\/findit.webapp-market.com\/es\/wp-json\/wp\/v2\/types\/product"}],"replies":[{"embeddable":true,"href":"https:\/\/findit.webapp-market.com\/es\/wp-json\/wp\/v2\/comments?post=23000"}],"wp:featuredmedia":[{"embeddable":true,"href":"https:\/\/findit.webapp-market.com\/es\/wp-json\/wp\/v2\/media\/16191"}],"wp:attachment":[{"href":"https:\/\/findit.webapp-market.com\/es\/wp-json\/wp\/v2\/media?parent=23000"}],"wp:term":[{"taxonomy":"product_brand","embeddable":true,"href":"https:\/\/findit.webapp-market.com\/es\/wp-json\/wp\/v2\/product_brand?post=23000"},{"taxonomy":"product_cat","embeddable":true,"href":"https:\/\/findit.webapp-market.com\/es\/wp-json\/wp\/v2\/product_cat?post=23000"},{"taxonomy":"product_tag","embeddable":true,"href":"https:\/\/findit.webapp-market.com\/es\/wp-json\/wp\/v2\/product_tag?post=23000"}],"curies":[{"name":"wp","href":"https:\/\/api.w.org\/{rel}","templated":true}]}}