{"id":23005,"date":"2024-03-27T19:23:50","date_gmt":"2024-03-27T19:23:50","guid":{"rendered":"https:\/\/findit.webapp-market.com\/product\/body-paint-chocolate-30-ml-sen-intimo\/"},"modified":"2024-03-27T19:23:50","modified_gmt":"2024-03-27T19:23:50","slug":"body-paint-chocolate-30-ml-sen-intimo","status":"publish","type":"product","link":"https:\/\/findit.webapp-market.com\/es\/producto\/body-paint-chocolate-30-ml-sen-intimo\/","title":{"rendered":"Body Paint Chocolate 30 Ml | Sen Intimo"},"content":{"rendered":"","protected":false},"excerpt":{"rendered":"<p>Pintura corporal con sabor y aroma a chocolate.<\/p>\n<p><strong>Modo de uso:<\/strong><\/p>\n<p>Apl\u00edquelo en el \u00e1rea deseada, dibujando una figura en el cuerpo, luego bese suavemente hasta desaparecer.<\/p>\n<p><strong>Precauciones:<\/strong><\/p>\n<p>Para uso externo. Evite el contacto con los ojos. Si esto ocurre, enjuague con abundante agua. Si presenta una reacci\u00f3n desfavorable suspenda su uso y consulte a su m\u00e9dico. Mant\u00e9ngase fuera del alcance de los ni\u00f1os.<\/p>\n<p><strong>Confidencialidad:<\/strong> Tus pedidos se env\u00edan en una caja o sobre totalmente sellado y opaco sin ning\u00fan tipo de marcas externas. Tu privacidad es muy importante para nosotros.<\/p>\n","protected":false},"featured_media":16369,"comment_status":"open","ping_status":"closed","template":"","meta":[],"product_brand":[],"product_cat":[587],"product_tag":[611],"class_list":{"0":"post-23005","1":"product","2":"type-product","3":"status-publish","4":"has-post-thumbnail","6":"product_cat-lubricantes","7":"product_tag-10-es","8":"product_shipping_class-1169-es","10":"first","11":"instock","12":"taxable","13":"shipping-taxable","14":"purchasable","15":"product-type-simple"},"_links":{"self":[{"href":"https:\/\/findit.webapp-market.com\/es\/wp-json\/wp\/v2\/product\/23005","targetHints":{"allow":["GET"]}}],"collection":[{"href":"https:\/\/findit.webapp-market.com\/es\/wp-json\/wp\/v2\/product"}],"about":[{"href":"https:\/\/findit.webapp-market.com\/es\/wp-json\/wp\/v2\/types\/product"}],"replies":[{"embeddable":true,"href":"https:\/\/findit.webapp-market.com\/es\/wp-json\/wp\/v2\/comments?post=23005"}],"wp:featuredmedia":[{"embeddable":true,"href":"https:\/\/findit.webapp-market.com\/es\/wp-json\/wp\/v2\/media\/16369"}],"wp:attachment":[{"href":"https:\/\/findit.webapp-market.com\/es\/wp-json\/wp\/v2\/media?parent=23005"}],"wp:term":[{"taxonomy":"product_brand","embeddable":true,"href":"https:\/\/findit.webapp-market.com\/es\/wp-json\/wp\/v2\/product_brand?post=23005"},{"taxonomy":"product_cat","embeddable":true,"href":"https:\/\/findit.webapp-market.com\/es\/wp-json\/wp\/v2\/product_cat?post=23005"},{"taxonomy":"product_tag","embeddable":true,"href":"https:\/\/findit.webapp-market.com\/es\/wp-json\/wp\/v2\/product_tag?post=23005"}],"curies":[{"name":"wp","href":"https:\/\/api.w.org\/{rel}","templated":true}]}}