{"id":23022,"date":"2024-03-27T19:20:51","date_gmt":"2024-03-27T19:20:51","guid":{"rendered":"https:\/\/findit.webapp-market.com\/product\/lubricante-intimo-cum-250-ml-sen-intimo\/"},"modified":"2024-03-27T19:20:51","modified_gmt":"2024-03-27T19:20:51","slug":"lubricante-intimo-cum-250-ml-sen-intimo","status":"publish","type":"product","link":"https:\/\/findit.webapp-market.com\/es\/producto\/lubricante-intimo-cum-250-ml-sen-intimo\/","title":{"rendered":"Lubricante \u00edntimo Cum 250ml | Sen Intimo"},"content":{"rendered":"","protected":false},"excerpt":{"rendered":"<p>Lubricante \u00edntimo que simula la eyaculaci\u00f3n femenina.<\/p>\n<p><strong>Modo de uso:<\/strong> Apl\u00edquese sobre el \u00e1rea deseada o sobre el preservativo.<\/p>\n<p><strong>Confidencialidad :<\/strong> Tus pedidos se env\u00edan en una caja o sobre totalmente sellado opaco sin ning\u00fan tipo de marcas externas. Para nosotros es muy importante tu privacidad. Tu privacidad es muy importante para nosotros.<\/p>\n","protected":false},"featured_media":16178,"comment_status":"open","ping_status":"closed","template":"","meta":[],"product_brand":[],"product_cat":[587],"product_tag":[611],"class_list":{"0":"post-23022","1":"product","2":"type-product","3":"status-publish","4":"has-post-thumbnail","6":"product_cat-lubricantes","7":"product_tag-10-es","8":"product_shipping_class-1169-es","10":"first","11":"instock","12":"taxable","13":"shipping-taxable","14":"purchasable","15":"product-type-simple"},"_links":{"self":[{"href":"https:\/\/findit.webapp-market.com\/es\/wp-json\/wp\/v2\/product\/23022","targetHints":{"allow":["GET"]}}],"collection":[{"href":"https:\/\/findit.webapp-market.com\/es\/wp-json\/wp\/v2\/product"}],"about":[{"href":"https:\/\/findit.webapp-market.com\/es\/wp-json\/wp\/v2\/types\/product"}],"replies":[{"embeddable":true,"href":"https:\/\/findit.webapp-market.com\/es\/wp-json\/wp\/v2\/comments?post=23022"}],"wp:featuredmedia":[{"embeddable":true,"href":"https:\/\/findit.webapp-market.com\/es\/wp-json\/wp\/v2\/media\/16178"}],"wp:attachment":[{"href":"https:\/\/findit.webapp-market.com\/es\/wp-json\/wp\/v2\/media?parent=23022"}],"wp:term":[{"taxonomy":"product_brand","embeddable":true,"href":"https:\/\/findit.webapp-market.com\/es\/wp-json\/wp\/v2\/product_brand?post=23022"},{"taxonomy":"product_cat","embeddable":true,"href":"https:\/\/findit.webapp-market.com\/es\/wp-json\/wp\/v2\/product_cat?post=23022"},{"taxonomy":"product_tag","embeddable":true,"href":"https:\/\/findit.webapp-market.com\/es\/wp-json\/wp\/v2\/product_tag?post=23022"}],"curies":[{"name":"wp","href":"https:\/\/api.w.org\/{rel}","templated":true}]}}