{"id":23026,"date":"2024-03-27T19:19:27","date_gmt":"2024-03-27T19:19:27","guid":{"rendered":"https:\/\/findit.webapp-market.com\/product\/lubricante-caliente-chocolate-x-30ml-sen-intimo\/"},"modified":"2024-03-27T19:19:27","modified_gmt":"2024-03-27T19:19:27","slug":"lubricante-caliente-chocolate-x-30ml-sen-intimo","status":"publish","type":"product","link":"https:\/\/findit.webapp-market.com\/es\/producto\/lubricante-caliente-chocolate-x-30ml-sen-intimo\/","title":{"rendered":"Lubricante caliente chocolate x 30 ml"},"content":{"rendered":"","protected":false},"excerpt":{"rendered":"<p>\u00a1Juega con tus sentidos y haz m\u00e1s divertida tu vida \u00edntima! Sentir\u00e1s un calor emocionante y podr\u00e1s disfrutar de su delicioso sabor.<\/p>\n<ul>\n<li>Cantidad : 30ml<\/li>\n<li>Grosor : 2,8 cm<\/li>\n<li>Largo Total : 7.8 cms<\/li>\n<li>Peso : 45 gramos<\/li>\n<\/ul>\n<p><strong>Confidencialidad :<\/strong> Tus pedidos se env\u00edan en una caja o sobre totalmente sellado opaco sin ning\u00fan tipo de marcas externas. Para nosotros es muy importante tu privacidad. Tu privacidad es muy importante para nosotros.<\/p>\n","protected":false},"featured_media":16085,"comment_status":"open","ping_status":"closed","template":"","meta":[],"product_brand":[],"product_cat":[587],"product_tag":[611],"class_list":{"0":"post-23026","1":"product","2":"type-product","3":"status-publish","4":"has-post-thumbnail","6":"product_cat-lubricantes","7":"product_tag-10-es","8":"product_shipping_class-1169-es","10":"first","11":"instock","12":"taxable","13":"shipping-taxable","14":"purchasable","15":"product-type-simple"},"_links":{"self":[{"href":"https:\/\/findit.webapp-market.com\/es\/wp-json\/wp\/v2\/product\/23026","targetHints":{"allow":["GET"]}}],"collection":[{"href":"https:\/\/findit.webapp-market.com\/es\/wp-json\/wp\/v2\/product"}],"about":[{"href":"https:\/\/findit.webapp-market.com\/es\/wp-json\/wp\/v2\/types\/product"}],"replies":[{"embeddable":true,"href":"https:\/\/findit.webapp-market.com\/es\/wp-json\/wp\/v2\/comments?post=23026"}],"wp:featuredmedia":[{"embeddable":true,"href":"https:\/\/findit.webapp-market.com\/es\/wp-json\/wp\/v2\/media\/16085"}],"wp:attachment":[{"href":"https:\/\/findit.webapp-market.com\/es\/wp-json\/wp\/v2\/media?parent=23026"}],"wp:term":[{"taxonomy":"product_brand","embeddable":true,"href":"https:\/\/findit.webapp-market.com\/es\/wp-json\/wp\/v2\/product_brand?post=23026"},{"taxonomy":"product_cat","embeddable":true,"href":"https:\/\/findit.webapp-market.com\/es\/wp-json\/wp\/v2\/product_cat?post=23026"},{"taxonomy":"product_tag","embeddable":true,"href":"https:\/\/findit.webapp-market.com\/es\/wp-json\/wp\/v2\/product_tag?post=23026"}],"curies":[{"name":"wp","href":"https:\/\/api.w.org\/{rel}","templated":true}]}}