{"id":23030,"date":"2024-03-27T19:23:08","date_gmt":"2024-03-27T19:23:08","guid":{"rendered":"https:\/\/findit.webapp-market.com\/product\/semen-artificial-milk-250ml-sen-intimo\/"},"modified":"2024-03-27T19:23:08","modified_gmt":"2024-03-27T19:23:08","slug":"semen-artificial-milk-250ml-sen-intimo","status":"publish","type":"product","link":"https:\/\/findit.webapp-market.com\/es\/producto\/semen-artificial-milk-250ml-sen-intimo\/","title":{"rendered":"Semen artificial milk 250ml |Sen Intimo"},"content":{"rendered":"<p>Lubricante a base de agua, seguro con preservativos y juguetes, ideal para usar en el d\u00eda a d\u00eda, combatir la resequedad vaginal y prevenir el dolor causado por la fricci\u00f3n en las relaciones sexuales. Apto para mujeres embarazadas, en post-parto y menopausia. ideal para el uso con juguetes.<\/p>\n<p><strong>Modo de uso:<\/strong> Apl\u00edquese sobre el \u00e1rea deseada o sobre el preservativo.<\/p>\n<p><strong>Confidencialidad :<\/strong> Tus pedidos se env\u00edan en una caja o sobre totalmente sellado opaco sin ning\u00fan tipo de marcas externas. Para nosotros es muy importante tu privacidad. Tu privacidad es muy importante para nosotros.<\/p>\n<p>&nbsp;<\/p>\n","protected":false},"excerpt":{"rendered":"<p>Lubricante a base de agua, seguro con preservativos y juguetes, ideal para usar en el d\u00eda a d\u00eda, combatir la<\/p>\n","protected":false},"featured_media":16323,"comment_status":"open","ping_status":"closed","template":"","meta":[],"product_brand":[],"product_cat":[587],"product_tag":[611],"class_list":{"0":"post-23030","1":"product","2":"type-product","3":"status-publish","4":"has-post-thumbnail","6":"product_cat-lubricantes","7":"product_tag-10-es","8":"product_shipping_class-1169-es","10":"first","11":"instock","12":"featured","13":"taxable","14":"shipping-taxable","15":"purchasable","16":"product-type-simple"},"_links":{"self":[{"href":"https:\/\/findit.webapp-market.com\/es\/wp-json\/wp\/v2\/product\/23030","targetHints":{"allow":["GET"]}}],"collection":[{"href":"https:\/\/findit.webapp-market.com\/es\/wp-json\/wp\/v2\/product"}],"about":[{"href":"https:\/\/findit.webapp-market.com\/es\/wp-json\/wp\/v2\/types\/product"}],"replies":[{"embeddable":true,"href":"https:\/\/findit.webapp-market.com\/es\/wp-json\/wp\/v2\/comments?post=23030"}],"wp:featuredmedia":[{"embeddable":true,"href":"https:\/\/findit.webapp-market.com\/es\/wp-json\/wp\/v2\/media\/16323"}],"wp:attachment":[{"href":"https:\/\/findit.webapp-market.com\/es\/wp-json\/wp\/v2\/media?parent=23030"}],"wp:term":[{"taxonomy":"product_brand","embeddable":true,"href":"https:\/\/findit.webapp-market.com\/es\/wp-json\/wp\/v2\/product_brand?post=23030"},{"taxonomy":"product_cat","embeddable":true,"href":"https:\/\/findit.webapp-market.com\/es\/wp-json\/wp\/v2\/product_cat?post=23030"},{"taxonomy":"product_tag","embeddable":true,"href":"https:\/\/findit.webapp-market.com\/es\/wp-json\/wp\/v2\/product_tag?post=23030"}],"curies":[{"name":"wp","href":"https:\/\/api.w.org\/{rel}","templated":true}]}}