{"id":23036,"date":"2024-03-27T19:19:42","date_gmt":"2024-03-27T19:19:42","guid":{"rendered":"https:\/\/findit.webapp-market.com\/product\/lubricante-de-lychee-sensacion-caliente-electrizante\/"},"modified":"2024-03-27T19:19:42","modified_gmt":"2024-03-27T19:19:42","slug":"lubricante-de-lychee-sensacion-caliente-electrizante","status":"publish","type":"product","link":"https:\/\/findit.webapp-market.com\/es\/producto\/lubricante-de-lychee-sensacion-caliente-electrizante\/","title":{"rendered":"Lubricante Lychee sensaci\u00f3n caliente electrizante"},"content":{"rendered":"<h3>Lubricante de lychee sensaci\u00f3n caliente electrizante edicion especial!<\/h3>\n<p>Qu\u00e9 tal una tarde de playa c\u00f3ctel en mano \u00bfTe suena rico? Con nuestro Lubricante con sabor a Lychee y sensaci\u00f3n caliente Electrizante, potenciar\u00e1s el placer de tus relaciones \u00edntimas y adem\u00e1s con un toque especial: el sabor que m\u00e1s te gusta y una sensaci\u00f3n de cosquilleo inolvidable. Perfecto para usar en pareja y hacer del sexo oral toda una experiencia inigualable. Tiene un efecto de larga duraci\u00f3n y no es graso, por lo que su utilizaci\u00f3n te resultar\u00e1 muy c\u00f3moda.<\/p>\n<h3>\u00bfC\u00f3mo lo aplico y cu\u00e1nto necesito?<\/h3>\n<p>Realmente no hay reglas. Lo mejor que puedes hacer es relajarte, disfrutar y experimentar. Si est\u00e1s probando por primera vez un lubricante simplemente pon un poco en la punta de los dedos y aplica suavemente en las zonas \u00edntimas. El lubricante se puede usar con o sin cond\u00f3n. Siempre puedes aplicar m\u00e1s si lo necesitas. Sopla si deseas activar mucho m\u00e1s el calor. Sentir\u00e1s un hormigueo cosquilleo. \u00a1S\u00f3lo disfruta!<\/p>\n<h3><strong>Caracter\u00edsticas:<\/strong><\/h3>\n<ul>\n<li>A base de agua<\/li>\n<li>Seguro con preservativos y juguetes<\/li>\n<li>Libre de parabenos<\/li>\n<li>No tiene az\u00facar<\/li>\n<li>F\u00e1cil de limpiar<\/li>\n<li>No mancha y no es pegajoso<\/li>\n<li>Textura ultra suave, agradable al tacto<\/li>\n<li>Apto para todo tipo de pieles<\/li>\n<li>No testado en animales<\/li>\n<\/ul>\n<p><strong>Confidencialidad:<\/strong> Tus pedidos se env\u00edan en una caja o sobre totalmente sellado opaco sin nig\u00fan tipo de marcas externas. Para nosotros es muy importante tu privacidad.<\/p>\n","protected":false},"excerpt":{"rendered":"<p>Lubricante de lychee sensaci\u00f3n caliente electrizante edicion especial!<\/p>\n<p>&nbsp;<\/p>\n","protected":false},"featured_media":16104,"comment_status":"open","ping_status":"closed","template":"","meta":[],"product_brand":[],"product_cat":[587],"product_tag":[611],"class_list":{"0":"post-23036","1":"product","2":"type-product","3":"status-publish","4":"has-post-thumbnail","6":"product_cat-lubricantes","7":"product_tag-10-es","8":"product_shipping_class-1169-es","10":"first","11":"instock","12":"taxable","13":"shipping-taxable","14":"purchasable","15":"product-type-simple"},"_links":{"self":[{"href":"https:\/\/findit.webapp-market.com\/es\/wp-json\/wp\/v2\/product\/23036","targetHints":{"allow":["GET"]}}],"collection":[{"href":"https:\/\/findit.webapp-market.com\/es\/wp-json\/wp\/v2\/product"}],"about":[{"href":"https:\/\/findit.webapp-market.com\/es\/wp-json\/wp\/v2\/types\/product"}],"replies":[{"embeddable":true,"href":"https:\/\/findit.webapp-market.com\/es\/wp-json\/wp\/v2\/comments?post=23036"}],"wp:featuredmedia":[{"embeddable":true,"href":"https:\/\/findit.webapp-market.com\/es\/wp-json\/wp\/v2\/media\/16104"}],"wp:attachment":[{"href":"https:\/\/findit.webapp-market.com\/es\/wp-json\/wp\/v2\/media?parent=23036"}],"wp:term":[{"taxonomy":"product_brand","embeddable":true,"href":"https:\/\/findit.webapp-market.com\/es\/wp-json\/wp\/v2\/product_brand?post=23036"},{"taxonomy":"product_cat","embeddable":true,"href":"https:\/\/findit.webapp-market.com\/es\/wp-json\/wp\/v2\/product_cat?post=23036"},{"taxonomy":"product_tag","embeddable":true,"href":"https:\/\/findit.webapp-market.com\/es\/wp-json\/wp\/v2\/product_tag?post=23036"}],"curies":[{"name":"wp","href":"https:\/\/api.w.org\/{rel}","templated":true}]}}