{"id":23039,"date":"2024-03-27T19:20:27","date_gmt":"2024-03-27T19:20:27","guid":{"rendered":"https:\/\/findit.webapp-market.com\/product\/lubricante-electrizante-crema-de-whisky-edicion-especial-30-ml\/"},"modified":"2024-03-27T19:20:27","modified_gmt":"2024-03-27T19:20:27","slug":"lubricante-electrizante-crema-de-whisky-edicion-especial-30-ml","status":"publish","type":"product","link":"https:\/\/findit.webapp-market.com\/es\/producto\/lubricante-electrizante-crema-de-whisky-edicion-especial-30-ml\/","title":{"rendered":"Lubricante electrizante crema de Whisky edicion especial 30 ML"},"content":{"rendered":"<p><strong>Lubricante Crema de Whisky sensaci\u00f3n caliente Electrizante Edici\u00f3n especial<\/strong><\/p>\n<p>\u00a1Una nueva forma de brindar en la cama con el m\u00e1s delicioso de los sabores y una sensaci\u00f3n que no deja inm\u00f3vil a nadie! Aumenta tu sensibilidad intensificando tus sensaciones con nuestro exquisito y provocativo Lubricante \u00edntimo con sabor a Crema de Whisky y sus sensaci\u00f3n caliente y Electrizante. Perfecto para usar en pareja y hacer del sexo oral toda una experiencia inigualable. Tiene un efecto de larga duraci\u00f3n y no es graso, por lo que su utilizaci\u00f3n te resultar\u00e1 muy c\u00f3moda.<\/p>\n<p><strong>\u00bfC\u00f3mo lo aplico y cu\u00e1nto necesito?<\/strong><\/p>\n<p>Realmente no hay reglas. Lo mejor que puedes hacer es relajarte, disfrutar y experimentar. Si est\u00e1s probando por primera vez un lubricante simplemente pon un poco en la punta de los dedos y aplica suavemente en las zonas \u00edntimas. El lubricante se puede usar con o sin cond\u00f3n. Siempre puedes aplicar m\u00e1s si lo necesitas. Sopla si deseas activar mucho m\u00e1s el calor. Sentir\u00e1s un hormigueo cosquilleo. \u00a1S\u00f3lo disfruta!<\/p>\n<p><strong>Caracter\u00edsticas:<\/strong><\/p>\n<ul>\n<li>A base de agua<\/li>\n<li>Seguro con preservativos y juguetes<\/li>\n<li>Libre de parabenos<\/li>\n<li>No tiene az\u00facar<\/li>\n<li>F\u00e1cil de limpiar<\/li>\n<li>No mancha y no es pegajoso<\/li>\n<li>Textura ultra suave, agradable al tacto<\/li>\n<li>Apto para todo tipo de pieles<\/li>\n<li>No testado en animales<\/li>\n<li>Si presenta irritaci\u00f3n, suspenda su uso y consulte a su m\u00e9dico<\/li>\n<\/ul>\n<p><strong>Precautions:<\/strong> No es un anticonceptivo, no contiene espermicidas. Si presenta irritaci\u00f3n, suspenda su uso y consulte a su m\u00e9dico<\/p>\n<p><strong>Confidencialidad :<\/strong> Tus pedidos se env\u00edan en una caja o sobre totalmente sellado opaco sin ning\u00fan tipo de marcas externas. Para nosotros es muy importante tu privacidad. Tu privacidad es muy importante para nosotros.<\/p>\n<p>&nbsp;<\/p>\n","protected":false},"excerpt":{"rendered":"<p>Lubricante Crema de Whisky sensaci\u00f3n caliente Electrizante Edici\u00f3n especial \u00a1Una nueva forma de brindar en la cama con el m\u00e1s<\/p>\n","protected":false},"featured_media":16148,"comment_status":"open","ping_status":"closed","template":"","meta":[],"product_brand":[],"product_cat":[587,585],"product_tag":[611],"class_list":{"0":"post-23039","1":"product","2":"type-product","3":"status-publish","4":"has-post-thumbnail","6":"product_cat-lubricantes","7":"product_cat-tienda-erotica","8":"product_tag-10-es","9":"product_shipping_class-1169-es","11":"first","12":"instock","13":"taxable","14":"shipping-taxable","15":"purchasable","16":"product-type-simple"},"_links":{"self":[{"href":"https:\/\/findit.webapp-market.com\/es\/wp-json\/wp\/v2\/product\/23039","targetHints":{"allow":["GET"]}}],"collection":[{"href":"https:\/\/findit.webapp-market.com\/es\/wp-json\/wp\/v2\/product"}],"about":[{"href":"https:\/\/findit.webapp-market.com\/es\/wp-json\/wp\/v2\/types\/product"}],"replies":[{"embeddable":true,"href":"https:\/\/findit.webapp-market.com\/es\/wp-json\/wp\/v2\/comments?post=23039"}],"wp:featuredmedia":[{"embeddable":true,"href":"https:\/\/findit.webapp-market.com\/es\/wp-json\/wp\/v2\/media\/16148"}],"wp:attachment":[{"href":"https:\/\/findit.webapp-market.com\/es\/wp-json\/wp\/v2\/media?parent=23039"}],"wp:term":[{"taxonomy":"product_brand","embeddable":true,"href":"https:\/\/findit.webapp-market.com\/es\/wp-json\/wp\/v2\/product_brand?post=23039"},{"taxonomy":"product_cat","embeddable":true,"href":"https:\/\/findit.webapp-market.com\/es\/wp-json\/wp\/v2\/product_cat?post=23039"},{"taxonomy":"product_tag","embeddable":true,"href":"https:\/\/findit.webapp-market.com\/es\/wp-json\/wp\/v2\/product_tag?post=23039"}],"curies":[{"name":"wp","href":"https:\/\/api.w.org\/{rel}","templated":true}]}}