{"id":23044,"date":"2024-03-27T19:20:31","date_gmt":"2024-03-27T19:20:31","guid":{"rendered":"https:\/\/findit.webapp-market.com\/product\/lubricante-electrizante-x-30-ml-mango-sen-intimo\/"},"modified":"2024-03-27T19:20:31","modified_gmt":"2024-03-27T19:20:31","slug":"lubricante-electrizante-x-30-ml-mango-sen-intimo","status":"publish","type":"product","link":"https:\/\/findit.webapp-market.com\/es\/producto\/lubricante-electrizante-x-30-ml-mango-sen-intimo\/","title":{"rendered":"Lubricante electrizante 30 ml Mango | Sen Intimo"},"content":{"rendered":"<p><strong>Lubricante de Mango sensaci\u00f3n caliente Electrizante \/Edici\u00f3n especial<\/strong><\/p>\n<p>Que ex\u00f3tico y er\u00f3tico se pone el sexo cuando se incluyen nuevos sabores y sensaciones \u00bfO no? Nuestro Lubricante caliente electrizante con sabor a mango, potenciar\u00e1 el placer de tus relaciones de forma natural y con un toque tropical. Perfecto para usar en pareja y hacer del sexo oral toda una experiencia inigualable. Tiene un efecto de larga duraci\u00f3n y no es graso, por lo que su utilizaci\u00f3n te resultar\u00e1 muy c\u00f3moda.<\/p>\n<p><strong>\u00bfC\u00f3mo lo aplico y cu\u00e1nto necesito?<\/strong><\/p>\n<p>Realmente no hay reglas. Lo mejor que puedes hacer es relajarte, disfrutar y experimentar. Si est\u00e1s probando por primera vez un lubricante simplemente pon un poco en la punta de los dedos y aplica suavemente en las zonas \u00edntimas. El lubricante se puede usar con o sin cond\u00f3n. Siempre puedes aplicar m\u00e1s si lo necesitas. Sopla si deseas activar mucho m\u00e1s el calor. Sentir\u00e1s un hormigueo cosquilleo. \u00a1S\u00f3lo disfruta!<\/p>\n<p><strong>Caracter\u00edsticas:<\/strong><\/p>\n<ul>\n<li>A base de agua<\/li>\n<li>Seguro con preservativos y juguetes<\/li>\n<li>Libre de parabenos<\/li>\n<li>No tiene az\u00facar<\/li>\n<li>F\u00e1cil de limpiar<\/li>\n<li>No mancha y no es pegajoso<\/li>\n<li>Textura ultra suave, agradable al tacto<\/li>\n<li>Apto para todo tipo de pieles<\/li>\n<li>No testado en animales<\/li>\n<li>Si presenta irritaci\u00f3n, suspenda su uso y consulte a su m\u00e9dico<\/li>\n<\/ul>\n<p><strong>Precautions:<\/strong> No es un anticonceptivo, no contiene espermicidas. Si presenta irritaci\u00f3n, suspenda su uso y consulte a su m\u00e9dico<\/p>\n<p><strong>Confidencialidad :<\/strong> Tus pedidos se env\u00edan en una caja o sobre totalmente sellado opaco sin ning\u00fan tipo de marcas externas. Para nosotros es muy importante tu privacidad. Tu privacidad es muy importante para nosotros.<\/p>\n","protected":false},"excerpt":{"rendered":"<p>Lubricante de Mango sensaci\u00f3n caliente Electrizante \/Edici\u00f3n especial Que ex\u00f3tico y er\u00f3tico se pone el sexo cuando se incluyen nuevos<\/p>\n","protected":false},"featured_media":16153,"comment_status":"open","ping_status":"closed","template":"","meta":[],"product_brand":[],"product_cat":[587],"product_tag":[611],"class_list":{"0":"post-23044","1":"product","2":"type-product","3":"status-publish","4":"has-post-thumbnail","6":"product_cat-lubricantes","7":"product_tag-10-es","8":"product_shipping_class-1169-es","10":"first","11":"instock","12":"taxable","13":"shipping-taxable","14":"purchasable","15":"product-type-simple"},"_links":{"self":[{"href":"https:\/\/findit.webapp-market.com\/es\/wp-json\/wp\/v2\/product\/23044","targetHints":{"allow":["GET"]}}],"collection":[{"href":"https:\/\/findit.webapp-market.com\/es\/wp-json\/wp\/v2\/product"}],"about":[{"href":"https:\/\/findit.webapp-market.com\/es\/wp-json\/wp\/v2\/types\/product"}],"replies":[{"embeddable":true,"href":"https:\/\/findit.webapp-market.com\/es\/wp-json\/wp\/v2\/comments?post=23044"}],"wp:featuredmedia":[{"embeddable":true,"href":"https:\/\/findit.webapp-market.com\/es\/wp-json\/wp\/v2\/media\/16153"}],"wp:attachment":[{"href":"https:\/\/findit.webapp-market.com\/es\/wp-json\/wp\/v2\/media?parent=23044"}],"wp:term":[{"taxonomy":"product_brand","embeddable":true,"href":"https:\/\/findit.webapp-market.com\/es\/wp-json\/wp\/v2\/product_brand?post=23044"},{"taxonomy":"product_cat","embeddable":true,"href":"https:\/\/findit.webapp-market.com\/es\/wp-json\/wp\/v2\/product_cat?post=23044"},{"taxonomy":"product_tag","embeddable":true,"href":"https:\/\/findit.webapp-market.com\/es\/wp-json\/wp\/v2\/product_tag?post=23044"}],"curies":[{"name":"wp","href":"https:\/\/api.w.org\/{rel}","templated":true}]}}