{"id":23047,"date":"2024-03-27T19:23:06","date_gmt":"2024-03-27T19:23:06","guid":{"rendered":"https:\/\/findit.webapp-market.com\/product\/lubricante-cum-sensitive-250ml-sen-intimo\/"},"modified":"2024-03-27T19:23:06","modified_gmt":"2024-03-27T19:23:06","slug":"lubricante-cum-sensitive-250ml-sen-intimo","status":"publish","type":"product","link":"https:\/\/findit.webapp-market.com\/es\/producto\/lubricante-cum-sensitive-250ml-sen-intimo\/","title":{"rendered":"Lubricante cum sensitive 250ml | Sen Intimo"},"content":{"rendered":"<p>Lubricante cum sensitive 250ml | Sen Intimo<\/p>\n<p>Todos los cuerpos son diferentes y eso es algo que tenemos muy en cuenta a la hora de desarrollar nuevas f\u00f3rmulas y productos. Por eso hemos creado el nuevo lubricante \u00edntimo CUM Sensitive, pensado para aquellas mujeres que son mucho m\u00e1s sensibles en sus zonas \u00edntimas y que trabajan en el mundo WEBCAM.<\/p>\n<p>El nuevo CUM Sensitive de Sen \u00cdntimo, es especialmente respetuoso con la zona \u00edntima por sus componentes naturales como \u00c1loe vera y karit\u00e9, que humectan, calman y cuidan la zona \u00edntima. Su pH balanceado, suave textura y rico sabor, lo convierten en el complemento ideal para shows webcam y por supuesto para prevenir problemas de irritaci\u00f3n.<\/p>\n<p>Sus propiedades hidratantes y calmantes proporcionan m\u00e1s comodidad con el uso de juguetes y ayudan a disminuir la irritaci\u00f3n vaginal a causa de largas horas de transmisi\u00f3n.<\/p>\n<p>Al tacto es ultra sedoso y cambia de color al frotarlo, haciendo m\u00e1s emotivos los shows y adem\u00e1s tiene un rico sabor para complacer a los tippers.<\/p>\n<p>Es un producto aprobado por Invima y no contiene parabenos. Los Parabenos son conservantes qu\u00edmicos que pueden provocar alergias y no son recomendados en las zonas \u00edntimas, adem\u00e1s han sido relacionados en algunos estudios cl\u00ednicos con problemas graves de salud como la aparici\u00f3n de c\u00e1ncer.<\/p>\n<p>Nuestro CUM Sensitive es compatible con preservativos y juguetes sexuales.<\/p>\n<p><strong>Precautions:<\/strong> No es un anticonceptivo, no contiene espermicidas. Si presenta irritaci\u00f3n, suspenda su uso y consulte a su m\u00e9dico<\/p>\n<p><strong>Confidencialidad:<\/strong> Tus pedidos se env\u00edan en una caja o sobre totalmente sellado y opaco, sin ning\u00fan tipo de marcas externas. Tu privacidad es muy importante para nosotros.<\/p>\n","protected":false},"excerpt":{"rendered":"<p>Todos los cuerpos son diferentes y eso es algo que tenemos muy en cuenta a la hora de desarrollar nuevas f\u00f3rmulas y productos. Por eso hemos creado el nuevo lubricante \u00edntimo CUM Sensitive, pensado para aquellas mujeres que son mucho m\u00e1s sensibles en sus zonas \u00edntimas y que trabajan en el mundo WEBCAM.<\/p>\n","protected":false},"featured_media":16320,"comment_status":"open","ping_status":"closed","template":"","meta":[],"product_brand":[],"product_cat":[587],"product_tag":[611],"class_list":{"0":"post-23047","1":"product","2":"type-product","3":"status-publish","4":"has-post-thumbnail","6":"product_cat-lubricantes","7":"product_tag-10-es","8":"product_shipping_class-1169-es","10":"first","11":"instock","12":"taxable","13":"shipping-taxable","14":"purchasable","15":"product-type-simple"},"_links":{"self":[{"href":"https:\/\/findit.webapp-market.com\/es\/wp-json\/wp\/v2\/product\/23047","targetHints":{"allow":["GET"]}}],"collection":[{"href":"https:\/\/findit.webapp-market.com\/es\/wp-json\/wp\/v2\/product"}],"about":[{"href":"https:\/\/findit.webapp-market.com\/es\/wp-json\/wp\/v2\/types\/product"}],"replies":[{"embeddable":true,"href":"https:\/\/findit.webapp-market.com\/es\/wp-json\/wp\/v2\/comments?post=23047"}],"wp:featuredmedia":[{"embeddable":true,"href":"https:\/\/findit.webapp-market.com\/es\/wp-json\/wp\/v2\/media\/16320"}],"wp:attachment":[{"href":"https:\/\/findit.webapp-market.com\/es\/wp-json\/wp\/v2\/media?parent=23047"}],"wp:term":[{"taxonomy":"product_brand","embeddable":true,"href":"https:\/\/findit.webapp-market.com\/es\/wp-json\/wp\/v2\/product_brand?post=23047"},{"taxonomy":"product_cat","embeddable":true,"href":"https:\/\/findit.webapp-market.com\/es\/wp-json\/wp\/v2\/product_cat?post=23047"},{"taxonomy":"product_tag","embeddable":true,"href":"https:\/\/findit.webapp-market.com\/es\/wp-json\/wp\/v2\/product_tag?post=23047"}],"curies":[{"name":"wp","href":"https:\/\/api.w.org\/{rel}","templated":true}]}}