{"id":23049,"date":"2024-03-27T19:23:00","date_gmt":"2024-03-27T19:23:00","guid":{"rendered":"https:\/\/findit.webapp-market.com\/product\/lubricante-hidratante-vaginal-75ml-sen-intimo\/"},"modified":"2024-03-27T19:23:00","modified_gmt":"2024-03-27T19:23:00","slug":"lubricante-hidratante-vaginal-75ml-sen-intimo","status":"publish","type":"product","link":"https:\/\/findit.webapp-market.com\/es\/producto\/lubricante-hidratante-vaginal-75ml-sen-intimo\/","title":{"rendered":"Lubricante hidratante vaginal 75ml | Sen Intimo"},"content":{"rendered":"<p>El Hidratante Vaginal Sen \u00cdntimo, favorece la recuperaci\u00f3n y la elasticidad de la mucosa vaginal, ideal para la resequedad que ocurre en la menopausia, embarazo, post parto, uso de pastillas, tratamientos m\u00e9dicos, diabetes, hipertensi\u00f3n, entre otros.<\/p>\n<p><strong>Puede usarse<\/strong><\/p>\n<ul>\n<li>En la menopausia<\/li>\n<li>Postparto<\/li>\n<li>Lactancia<\/li>\n<li>Durante el \u00faltimo periodo del ciclo menstrual.<\/li>\n<li>Luego de intervenciones quir\u00fargicas en la zona<\/li>\n<li>Uso de anticonceptivos<\/li>\n<li>Medicamentos que alteren la humectaci\u00f3n vaginal<\/li>\n<\/ul>\n<p><strong>Ideal para:<\/strong><\/p>\n<ul>\n<li>Tiempos de estr\u00e9s<\/li>\n<li>Uso de productos no adecuados para las zonas \u00edntimas (desodorantes, perfumes o jabones que alteran el pH.)<\/li>\n<li>Uso de tampones<\/li>\n<li>Ropa interior sint\u00e9tica o que genere exceso de calor en la zona<\/li>\n<\/ul>\n<p><strong>Textura cremosaa base de agua, contiene extractos naturales de:<\/strong><\/p>\n<ul>\n<li>Cal\u00e9ndula<\/li>\n<li>Aloe Vera<\/li>\n<li>Romero<\/li>\n<li>Manzanilla<\/li>\n<li>Hamamelis<\/li>\n<li>Bisabodol natural<\/li>\n<li>\u00c1cido l\u00e1ctico<\/li>\n<\/ul>\n<p>Este es un lubricante \u00edntimo desarrollado con el apoyo, supervisi\u00f3n y an\u00e1lisis nuestro director cient\u00edfico (Md. Sex\u00f3logo, Fernando Rosero), se hicieron pruebas de uso en pacientes con muy buenos resultados. Uso diario, una o dos veces al d\u00eda.<\/p>\n<p>Mantiene el equilibrio de la flora vaginal, inhibe la proliferaci\u00f3n de microorganismos pat\u00f3genos.<\/p>\n<ul>\n<li>Evita que la mucosa se deshidrate.<\/li>\n<li>Ayuda a proteger, mantener la humedad y el pH en la zona vaginal y vulvar.<\/li>\n<li>Ayuda a recuperar la barrera natural de la piel.<\/li>\n<li>No contiene estr\u00f3genos (es seguro para pacientes con c\u00e1ncer de mama).<\/li>\n<li>Contiene preservantes de origen natural.<\/li>\n<\/ul>\n<p><strong>Modo de uso:<\/strong> Aplicar en el canal vaginal una o dos veces al d\u00eda, o cuando se requiera. No requiere f\u00f3rmula m\u00e9dica.<\/p>\n<p><strong>Precautions:<\/strong> No es un anticonceptivo, no contiene espermicidas. Si presenta irritaci\u00f3n, suspenda su uso y consulte a su m\u00e9dico<\/p>\n<p><strong>Confidencialidad:<\/strong> Tus pedidos se env\u00edan en una caja o sobre totalmente sellado y opaco, sin ning\u00fan tipo de marcas externas. Tu privacidad es muy importante para nosotros.<\/p>\n","protected":false},"excerpt":{"rendered":"<p>El Hidratante Vaginal Sen \u00cdntimo, favorece la recuperaci\u00f3n y la elasticidad de la mucosa vaginal, ideal para la resequedad que ocurre en la menopausia, embarazo, post parto, uso de pastillas, tratamientos m\u00e9dicos, diabetes, hipertensi\u00f3n, entre otros.<\/p>\n","protected":false},"featured_media":16315,"comment_status":"open","ping_status":"closed","template":"","meta":[],"product_brand":[],"product_cat":[587],"product_tag":[611],"class_list":{"0":"post-23049","1":"product","2":"type-product","3":"status-publish","4":"has-post-thumbnail","6":"product_cat-lubricantes","7":"product_tag-10-es","8":"product_shipping_class-1169-es","10":"first","11":"instock","12":"featured","13":"taxable","14":"shipping-taxable","15":"purchasable","16":"product-type-simple"},"_links":{"self":[{"href":"https:\/\/findit.webapp-market.com\/es\/wp-json\/wp\/v2\/product\/23049","targetHints":{"allow":["GET"]}}],"collection":[{"href":"https:\/\/findit.webapp-market.com\/es\/wp-json\/wp\/v2\/product"}],"about":[{"href":"https:\/\/findit.webapp-market.com\/es\/wp-json\/wp\/v2\/types\/product"}],"replies":[{"embeddable":true,"href":"https:\/\/findit.webapp-market.com\/es\/wp-json\/wp\/v2\/comments?post=23049"}],"wp:featuredmedia":[{"embeddable":true,"href":"https:\/\/findit.webapp-market.com\/es\/wp-json\/wp\/v2\/media\/16315"}],"wp:attachment":[{"href":"https:\/\/findit.webapp-market.com\/es\/wp-json\/wp\/v2\/media?parent=23049"}],"wp:term":[{"taxonomy":"product_brand","embeddable":true,"href":"https:\/\/findit.webapp-market.com\/es\/wp-json\/wp\/v2\/product_brand?post=23049"},{"taxonomy":"product_cat","embeddable":true,"href":"https:\/\/findit.webapp-market.com\/es\/wp-json\/wp\/v2\/product_cat?post=23049"},{"taxonomy":"product_tag","embeddable":true,"href":"https:\/\/findit.webapp-market.com\/es\/wp-json\/wp\/v2\/product_tag?post=23049"}],"curies":[{"name":"wp","href":"https:\/\/api.w.org\/{rel}","templated":true}]}}