{"id":23052,"date":"2024-03-27T19:22:56","date_gmt":"2024-03-27T19:22:56","guid":{"rendered":"https:\/\/findit.webapp-market.com\/product\/lubricante-after-sex-75ml-sen-intimo\/"},"modified":"2024-03-27T19:22:56","modified_gmt":"2024-03-27T19:22:56","slug":"lubricante-after-sex-75ml-sen-intimo","status":"publish","type":"product","link":"https:\/\/findit.webapp-market.com\/es\/producto\/lubricante-after-sex-75ml-sen-intimo\/","title":{"rendered":"Lubricante after sex 75ml | Sen Intimo"},"content":{"rendered":"<p>Lubricante After Sex es recomendado para utilizar despu\u00e9s el acto sexual. Sirve para equilibrar el pH, regula las molestias causadas por la falta de lubricaci\u00f3n. Se aplica un poco en la entrada del canal vaginal generando una sensaci\u00f3n de frescura y bienestar.<\/p>\n<p>Su exclusiva f\u00f3rmula a base de ingredientes naturales, regenera la mucosa, ayuda en la cicatrizaci\u00f3n, equilibra el pH vaginal, suaviza la piel. Sus ingredientes proveen una mejor humectaci\u00f3n, reducen la irritaci\u00f3n.<\/p>\n<p><strong>Contiene:<\/strong><\/p>\n<p>Propanediol (certificado como natural y org\u00e1nico por la NPA- Asociaci\u00f3n de productos naturales, seg\u00fan norma ISO16128-1)<br \/>\nAcido l\u00e1ctico para proteger la flora vaginal,<br \/>\nExtractos naturales calmantes y regenerativos como Aloe Vera, Manzanilla, Cal\u00e9ndula, Romero, Hamamelis y Bisabodol natural.<br \/>\nA base de agua, no contiene alcohol, libre de parabenos y fragancias. No contiene estr\u00f3genos (es seguro para pacientes con c\u00e1ncer de mama). Vegano, no contiene ingredientes de origen animal.<\/p>\n<p><strong>Precautions:<\/strong> No es un anticonceptivo, no contiene espermicidas. Si presenta irritaci\u00f3n, suspenda su uso y consulte a su m\u00e9dico<\/p>\n<p><strong>Confidencialidad:<\/strong> Tus pedidos se env\u00edan en una caja o sobre totalmente sellado y opaco, sin ning\u00fan tipo de marcas externas. Tu privacidad es muy importante para nosotros.<\/p>\n","protected":false},"excerpt":{"rendered":"<p>Lubricante After Sex es recomendado para utilizar despu\u00e9s el acto sexual. Sirve para equilibrar el pH, regula las molestias causadas por la falta de lubricaci\u00f3n. Se aplica un poco en la entrada del canal vaginal generando una sensaci\u00f3n de frescura y bienestar.<\/p>\n","protected":false},"featured_media":16310,"comment_status":"open","ping_status":"closed","template":"","meta":[],"product_brand":[],"product_cat":[587],"product_tag":[611],"class_list":{"0":"post-23052","1":"product","2":"type-product","3":"status-publish","4":"has-post-thumbnail","6":"product_cat-lubricantes","7":"product_tag-10-es","8":"product_shipping_class-1169-es","10":"first","11":"instock","12":"taxable","13":"shipping-taxable","14":"purchasable","15":"product-type-simple"},"_links":{"self":[{"href":"https:\/\/findit.webapp-market.com\/es\/wp-json\/wp\/v2\/product\/23052","targetHints":{"allow":["GET"]}}],"collection":[{"href":"https:\/\/findit.webapp-market.com\/es\/wp-json\/wp\/v2\/product"}],"about":[{"href":"https:\/\/findit.webapp-market.com\/es\/wp-json\/wp\/v2\/types\/product"}],"replies":[{"embeddable":true,"href":"https:\/\/findit.webapp-market.com\/es\/wp-json\/wp\/v2\/comments?post=23052"}],"wp:featuredmedia":[{"embeddable":true,"href":"https:\/\/findit.webapp-market.com\/es\/wp-json\/wp\/v2\/media\/16310"}],"wp:attachment":[{"href":"https:\/\/findit.webapp-market.com\/es\/wp-json\/wp\/v2\/media?parent=23052"}],"wp:term":[{"taxonomy":"product_brand","embeddable":true,"href":"https:\/\/findit.webapp-market.com\/es\/wp-json\/wp\/v2\/product_brand?post=23052"},{"taxonomy":"product_cat","embeddable":true,"href":"https:\/\/findit.webapp-market.com\/es\/wp-json\/wp\/v2\/product_cat?post=23052"},{"taxonomy":"product_tag","embeddable":true,"href":"https:\/\/findit.webapp-market.com\/es\/wp-json\/wp\/v2\/product_tag?post=23052"}],"curies":[{"name":"wp","href":"https:\/\/api.w.org\/{rel}","templated":true}]}}