{"id":23057,"date":"2024-03-27T19:22:50","date_gmt":"2024-03-27T19:22:50","guid":{"rendered":"https:\/\/findit.webapp-market.com\/product\/lubricante-menta-30ml-sen-intimo\/"},"modified":"2024-03-27T19:22:50","modified_gmt":"2024-03-27T19:22:50","slug":"lubricante-menta-30ml-sen-intimo","status":"publish","type":"product","link":"https:\/\/findit.webapp-market.com\/es\/producto\/lubricante-menta-30ml-sen-intimo\/","title":{"rendered":"Lubricante menta 30ml | Sen Intimo"},"content":{"rendered":"","protected":false},"excerpt":{"rendered":"<p>Incrementa tu placer y te brinda una \u00f3ptima lubricaci\u00f3n, su pH balanceado evita la irritaci\u00f3n y la resequedad.<\/p>\n<p><strong>Modo de uso:<\/strong> Apl\u00edquese sobre el \u00e1rea deseada o sobre el preservativo.<\/p>\n<p><strong>Precautions:<\/strong> No es un anticonceptivo, no contiene espermicidas. Si presenta irritaci\u00f3n, suspenda su uso y consulte a su m\u00e9dico<\/p>\n<ul>\n<li>No mancha<\/li>\n<li>A base de agua<\/li>\n<li>No altera el pH natural<\/li>\n<\/ul>\n<p><strong>Confidencialidad :<\/strong> Tus pedidos se env\u00edan en una caja o sobre totalmente sellado opaco sin ning\u00fan tipo de marcas externas. Para nosotros es muy importante tu privacidad. Para nosotros, es muy importante tu privacidad.<\/p>\n","protected":false},"featured_media":16302,"comment_status":"open","ping_status":"closed","template":"","meta":[],"product_brand":[],"product_cat":[587],"product_tag":[611],"class_list":{"0":"post-23057","1":"product","2":"type-product","3":"status-publish","4":"has-post-thumbnail","6":"product_cat-lubricantes","7":"product_tag-10-es","8":"product_shipping_class-1169-es","10":"first","11":"instock","12":"featured","13":"taxable","14":"shipping-taxable","15":"purchasable","16":"product-type-simple"},"_links":{"self":[{"href":"https:\/\/findit.webapp-market.com\/es\/wp-json\/wp\/v2\/product\/23057","targetHints":{"allow":["GET"]}}],"collection":[{"href":"https:\/\/findit.webapp-market.com\/es\/wp-json\/wp\/v2\/product"}],"about":[{"href":"https:\/\/findit.webapp-market.com\/es\/wp-json\/wp\/v2\/types\/product"}],"replies":[{"embeddable":true,"href":"https:\/\/findit.webapp-market.com\/es\/wp-json\/wp\/v2\/comments?post=23057"}],"wp:featuredmedia":[{"embeddable":true,"href":"https:\/\/findit.webapp-market.com\/es\/wp-json\/wp\/v2\/media\/16302"}],"wp:attachment":[{"href":"https:\/\/findit.webapp-market.com\/es\/wp-json\/wp\/v2\/media?parent=23057"}],"wp:term":[{"taxonomy":"product_brand","embeddable":true,"href":"https:\/\/findit.webapp-market.com\/es\/wp-json\/wp\/v2\/product_brand?post=23057"},{"taxonomy":"product_cat","embeddable":true,"href":"https:\/\/findit.webapp-market.com\/es\/wp-json\/wp\/v2\/product_cat?post=23057"},{"taxonomy":"product_tag","embeddable":true,"href":"https:\/\/findit.webapp-market.com\/es\/wp-json\/wp\/v2\/product_tag?post=23057"}],"curies":[{"name":"wp","href":"https:\/\/api.w.org\/{rel}","templated":true}]}}