{"id":23061,"date":"2024-03-27T19:22:44","date_gmt":"2024-03-27T19:22:44","guid":{"rendered":"https:\/\/findit.webapp-market.com\/product\/lubricante-silicona-30ml-sen-intimo\/"},"modified":"2024-03-27T19:22:44","modified_gmt":"2024-03-27T19:22:44","slug":"lubricante-silicona-30ml-sen-intimo","status":"publish","type":"product","link":"https:\/\/findit.webapp-market.com\/es\/producto\/lubricante-silicona-30ml-sen-intimo\/","title":{"rendered":"Lubricante silicona 30ml | Sen Intimo"},"content":{"rendered":"<p>Lubricante personal para complementar los fluidos naturales del cuerpo y mejorar la comodidad de la actividad sexual \u00edntima, proporcionando larga duraci\u00f3n en la lubricaci\u00f3n.<\/p>\n<p>Lubricante Base silicona 100% a prueba de agua, ideal para masturbaci\u00f3n, sexo anal o sesiones Sexuales de alta exigencia. Puedes usarlo en tus encuentros \u00edntimos en el agua. Este lubricante es especial para usar en la ducha, piscina y el jacuzzi.<\/p>\n<p>Perfecto para la masturbaci\u00f3n y el sexo anal. No tiene olor ni sabor, no altera el pH. Compatible con preservativos con l\u00e1tex.<\/p>\n<p><strong>Modo de uso:<\/strong> Facilita y da comodidad en las relaciones sexuales. Aplicar sobre el \u00e1rea deseada, zonas intimas o en el preservativo, en caso de usarlo.<\/p>\n<p><strong>Confidencialidad :<\/strong> Tus pedidos se env\u00edan en una caja o sobre totalmente sellado opaco sin ning\u00fan tipo de marcas externas. Para nosotros es muy importante tu privacidad. Tu privacidad es muy importante para nosotros.<\/p>\n<p><strong>Precauciones y advertencias:<\/strong> Solo para uso externo. No aplicar sobre la piel irritada o lastimada. En caso de alguna reacci\u00f3n desfavorable suspenda inmediatamente su uso. Mantener fuera del alcance de los ni\u00f1os. Mantener en un lugar fresco y seco.<\/p>\n<p><strong>Las im\u00e1genes representan el producto real, el color puede variar dependiendo del dispositivo en el que se est\u00e9n viendo.<\/strong><\/p>\n","protected":false},"excerpt":{"rendered":"<p>Lubricante personal para complementar los fluidos naturales del cuerpo y mejorar la comodidad de la actividad sexual \u00edntima, proporcionando larga<\/p>\n","protected":false},"featured_media":16294,"comment_status":"open","ping_status":"closed","template":"","meta":[],"product_brand":[],"product_cat":[587,585],"product_tag":[611],"class_list":{"0":"post-23061","1":"product","2":"type-product","3":"status-publish","4":"has-post-thumbnail","6":"product_cat-lubricantes","7":"product_cat-tienda-erotica","8":"product_tag-10-es","9":"product_shipping_class-1169-es","11":"first","12":"instock","13":"taxable","14":"shipping-taxable","15":"purchasable","16":"product-type-simple"},"_links":{"self":[{"href":"https:\/\/findit.webapp-market.com\/es\/wp-json\/wp\/v2\/product\/23061","targetHints":{"allow":["GET"]}}],"collection":[{"href":"https:\/\/findit.webapp-market.com\/es\/wp-json\/wp\/v2\/product"}],"about":[{"href":"https:\/\/findit.webapp-market.com\/es\/wp-json\/wp\/v2\/types\/product"}],"replies":[{"embeddable":true,"href":"https:\/\/findit.webapp-market.com\/es\/wp-json\/wp\/v2\/comments?post=23061"}],"wp:featuredmedia":[{"embeddable":true,"href":"https:\/\/findit.webapp-market.com\/es\/wp-json\/wp\/v2\/media\/16294"}],"wp:attachment":[{"href":"https:\/\/findit.webapp-market.com\/es\/wp-json\/wp\/v2\/media?parent=23061"}],"wp:term":[{"taxonomy":"product_brand","embeddable":true,"href":"https:\/\/findit.webapp-market.com\/es\/wp-json\/wp\/v2\/product_brand?post=23061"},{"taxonomy":"product_cat","embeddable":true,"href":"https:\/\/findit.webapp-market.com\/es\/wp-json\/wp\/v2\/product_cat?post=23061"},{"taxonomy":"product_tag","embeddable":true,"href":"https:\/\/findit.webapp-market.com\/es\/wp-json\/wp\/v2\/product_tag?post=23061"}],"curies":[{"name":"wp","href":"https:\/\/api.w.org\/{rel}","templated":true}]}}