{"id":23070,"date":"2024-03-27T19:21:20","date_gmt":"2024-03-27T19:21:20","guid":{"rendered":"https:\/\/findit.webapp-market.com\/product\/vela-sensual-para-masajes-25-ml-sen-intimo\/"},"modified":"2024-03-27T19:21:20","modified_gmt":"2024-03-27T19:21:20","slug":"vela-sensual-para-masajes-25-ml-sen-intimo","status":"publish","type":"product","link":"https:\/\/findit.webapp-market.com\/es\/producto\/vela-sensual-para-masajes-25-ml-sen-intimo\/","title":{"rendered":"Vela sensual para masajes 25 ml | Sen Intimo"},"content":{"rendered":"<p>Enciende la pasi\u00f3n con un sensual masaje y el delicioso aroma de esta exquisita vela, que al encenderse se convierte en un sedoso aceite para masajes, combinando aceites naturales y vitaminas con un sutil toque de pheromonas, que incitar\u00e1n a la pasi\u00f3n y el deseo.<\/p>\n<p>Vela que se convierte en aceite para masajes cuando se funde: No requiere Jab\u00f3n, humecta y suaviza la piel, NO mancha. Fragancia Fresa Salvaje.<\/p>\n<p>Esta vela est\u00e1 creada con delicadas feromonas que llenar\u00e1n el ambiente de sensuales aromas que invitan a la fantas\u00eda. Convierte un ambiente tradicional en un momento inolvidable, con estas velas arom\u00e1ticas. Perfectas para un encuentro con tu pareja.<\/p>\n<p><strong>Cantidad:<\/strong> 25ml<br \/>\n<strong>Grosor:<\/strong> 4.5 cm<br \/>\n<strong>Largo Total:<\/strong> 6 cm<br \/>\n<strong>Peso:<\/strong> 103 grams<\/p>\n<p><strong>Confidencialidad :<\/strong> Tus pedidos se env\u00edan en una caja o sobre totalmente sellado opaco sin ning\u00fan tipo de marcas externas. Para nosotros es muy importante tu privacidad. Tu privacidad es muy importante para nosotros.<\/p>\n<p><strong>Precauciones y advertencias:<\/strong> Solo para uso externo. No aplicar sobre la piel irritada o lastimada. En caso de alguna reacci\u00f3n desfavorable suspenda inmediatamente su uso. Mantener fuera del alcance de los ni\u00f1os. Mantener en un lugar fresco y seco.<\/p>\n<p><strong>Las im\u00e1genes representan el producto real, el color puede variar dependiendo del dispositivo en el que se est\u00e9n viendo.<\/strong><\/p>\n","protected":false},"excerpt":{"rendered":"<p>Enciende la pasi\u00f3n con un sensual masaje y el delicioso aroma de esta exquisita vela, que al encenderse se convierte<\/p>\n","protected":false},"featured_media":16206,"comment_status":"open","ping_status":"closed","template":"","meta":[],"product_brand":[],"product_cat":[588],"product_tag":[611],"class_list":{"0":"post-23070","1":"product","2":"type-product","3":"status-publish","4":"has-post-thumbnail","6":"product_cat-aceites-para-masajes-sensuales","7":"product_tag-10-es","8":"product_shipping_class-1169-es","10":"first","11":"instock","12":"taxable","13":"shipping-taxable","14":"purchasable","15":"product-type-simple"},"_links":{"self":[{"href":"https:\/\/findit.webapp-market.com\/es\/wp-json\/wp\/v2\/product\/23070","targetHints":{"allow":["GET"]}}],"collection":[{"href":"https:\/\/findit.webapp-market.com\/es\/wp-json\/wp\/v2\/product"}],"about":[{"href":"https:\/\/findit.webapp-market.com\/es\/wp-json\/wp\/v2\/types\/product"}],"replies":[{"embeddable":true,"href":"https:\/\/findit.webapp-market.com\/es\/wp-json\/wp\/v2\/comments?post=23070"}],"wp:featuredmedia":[{"embeddable":true,"href":"https:\/\/findit.webapp-market.com\/es\/wp-json\/wp\/v2\/media\/16206"}],"wp:attachment":[{"href":"https:\/\/findit.webapp-market.com\/es\/wp-json\/wp\/v2\/media?parent=23070"}],"wp:term":[{"taxonomy":"product_brand","embeddable":true,"href":"https:\/\/findit.webapp-market.com\/es\/wp-json\/wp\/v2\/product_brand?post=23070"},{"taxonomy":"product_cat","embeddable":true,"href":"https:\/\/findit.webapp-market.com\/es\/wp-json\/wp\/v2\/product_cat?post=23070"},{"taxonomy":"product_tag","embeddable":true,"href":"https:\/\/findit.webapp-market.com\/es\/wp-json\/wp\/v2\/product_tag?post=23070"}],"curies":[{"name":"wp","href":"https:\/\/api.w.org\/{rel}","templated":true}]}}