{"id":23073,"date":"2024-03-27T19:21:49","date_gmt":"2024-03-27T19:21:49","guid":{"rendered":"https:\/\/findit.webapp-market.com\/product\/aceite-euforia-30ml-sen-intimo\/"},"modified":"2024-04-12T01:39:05","modified_gmt":"2024-04-12T01:39:05","slug":"aceite-euforia-30ml-sen-intimo","status":"publish","type":"product","link":"https:\/\/findit.webapp-market.com\/es\/producto\/aceite-euforia-30ml-sen-intimo\/","title":{"rendered":"Aceite euforia 30ml | Sen Intimo"},"content":{"rendered":"<p>Aceite-euforia-30ml-Sen-Intimo Aceite para masajes a base de Cannabis. Disfruta de un relajante masaje con extractos naturales. Su sensaci\u00f3n caliente permitir\u00e1 relajar los m\u00fasculos y disfrutar de un delicioso masaje con tu pareja.<\/p>\n<p>\u00a1Que tus momentos \u00edntimos sean de otro planeta!<\/p>\n<p><strong>Ingredientes:<\/strong> Incluye aceite de c\u00e1\u00f1amo y extractos de ginseng, damiana, ra\u00edz maca, aloe vera y l-arginina.<\/p>\n<p><strong>Advertencia: PRODUCTO PARA ADULTOS<\/strong><\/p>\n<p><strong>Cantidad:<\/strong> 30ml<\/p>\n<p><strong>Confidencialidad :<\/strong> Tus pedidos se env\u00edan en una caja o sobre totalmente sellado opaco sin ning\u00fan tipo de marcas externas. Para nosotros es muy importante tu privacidad. Tu privacidad es muy importante para nosotros.<\/p>\n<p><strong>Precauciones y advertencias:<\/strong> Solo para uso externo. No aplicar sobre la piel irritada o lastimada. En caso de alguna reacci\u00f3n desfavorable suspenda inmediatamente su uso. Mantener fuera del alcance de los ni\u00f1os. Mantener en un lugar fresco y seco.<\/p>\n<p><strong>Las im\u00e1genes representan el producto real, el color puede variar dependiendo del dispositivo en el que se est\u00e9n viendo.<\/strong><\/p>\n","protected":false},"excerpt":{"rendered":"<p>Aceite-euforia-30ml-Sen-Intimo Aceite para masajes a base de Cannabis. Disfruta de un relajante masaje con extractos naturales. Su sensaci\u00f3n caliente permitir\u00e1<\/p>\n","protected":false},"featured_media":16238,"comment_status":"open","ping_status":"closed","template":"","meta":[],"product_brand":[],"product_cat":[588],"product_tag":[611],"class_list":{"0":"post-23073","1":"product","2":"type-product","3":"status-publish","4":"has-post-thumbnail","6":"product_cat-aceites-para-masajes-sensuales","7":"product_tag-10-es","8":"product_shipping_class-1169-es","10":"first","11":"instock","12":"taxable","13":"shipping-taxable","14":"purchasable","15":"product-type-simple"},"_links":{"self":[{"href":"https:\/\/findit.webapp-market.com\/es\/wp-json\/wp\/v2\/product\/23073","targetHints":{"allow":["GET"]}}],"collection":[{"href":"https:\/\/findit.webapp-market.com\/es\/wp-json\/wp\/v2\/product"}],"about":[{"href":"https:\/\/findit.webapp-market.com\/es\/wp-json\/wp\/v2\/types\/product"}],"replies":[{"embeddable":true,"href":"https:\/\/findit.webapp-market.com\/es\/wp-json\/wp\/v2\/comments?post=23073"}],"wp:featuredmedia":[{"embeddable":true,"href":"https:\/\/findit.webapp-market.com\/es\/wp-json\/wp\/v2\/media\/16238"}],"wp:attachment":[{"href":"https:\/\/findit.webapp-market.com\/es\/wp-json\/wp\/v2\/media?parent=23073"}],"wp:term":[{"taxonomy":"product_brand","embeddable":true,"href":"https:\/\/findit.webapp-market.com\/es\/wp-json\/wp\/v2\/product_brand?post=23073"},{"taxonomy":"product_cat","embeddable":true,"href":"https:\/\/findit.webapp-market.com\/es\/wp-json\/wp\/v2\/product_cat?post=23073"},{"taxonomy":"product_tag","embeddable":true,"href":"https:\/\/findit.webapp-market.com\/es\/wp-json\/wp\/v2\/product_tag?post=23073"}],"curies":[{"name":"wp","href":"https:\/\/api.w.org\/{rel}","templated":true}]}}