{"id":23078,"date":"2024-03-27T19:21:40","date_gmt":"2024-03-27T19:21:40","guid":{"rendered":"https:\/\/findit.webapp-market.com\/product\/aceite-para-masajes-30ml-guiacereza\/"},"modified":"2024-11-21T02:29:37","modified_gmt":"2024-11-21T02:29:37","slug":"aceite-para-masajes-30ml-guiacereza","status":"publish","type":"product","link":"https:\/\/findit.webapp-market.com\/es\/producto\/aceite-para-masajes-30ml-guiacereza\/","title":{"rendered":"Aceite para masajes 30ml Gu\u00eda Cereza"},"content":{"rendered":"<p>El aceite corporal para masajes GuiaCereza es la mejor opci\u00f3n para una piel hidratada y suave sin sensaci\u00f3n grasosa. Ideal para aquellos momentos rom\u00e1nticos en que un buen masaje despierta la pasi\u00f3n.<\/p>\n<p>La mezcla de aceites enriquecidos con vitamina E y aromatizados con suaves fragancias inspiradas en la naturaleza: cereza y melocot\u00f3n. Puede ser usado para masajes durante y despu\u00e9s del ba\u00f1o, para momentos \u00edntimos de placer.<\/p>\n<p>Composici\u00f3n: Mezcla de aceites minerales y vegetales, vitamina E, Fragancias y colorantes.<\/p>\n<p><strong>Cantidad:<\/strong> 30ml<br \/>\n<strong>Grosor:<\/strong> 3 cm<br \/>\n<strong>Largo Total:<\/strong> 9.3 cm<br \/>\n<strong>Peso:<\/strong> 41 gramos<\/p>\n<p><strong>Confidencialidad :<\/strong> Tus pedidos se env\u00edan en una caja o sobre totalmente sellado opaco sin ning\u00fan tipo de marcas externas. Para nosotros es muy importante tu privacidad. Tu privacidad es muy importante para nosotros.<\/p>\n<p><strong>Precauciones y advertencias:<\/strong> Solo para uso externo. No aplicar sobre la piel irritada o lastimada. En caso de alguna reacci\u00f3n desfavorable suspenda inmediatamente su uso. Mantener fuera del alcance de los ni\u00f1os. Mantener en un lugar fresco y seco.<\/p>\n<p><strong>Las im\u00e1genes representan el producto real, el color puede variar dependiendo del dispositivo en el que se est\u00e9n viendo.<\/strong><\/p>\n<p>&nbsp;<\/p>\n","protected":false},"excerpt":{"rendered":"<p>El aceite corporal para masajes GuiaCereza es la mejor opci\u00f3n para una piel hidratada y suave sin sensaci\u00f3n grasosa. Ideal<\/p>\n","protected":false},"featured_media":16226,"comment_status":"open","ping_status":"closed","template":"","meta":[],"product_brand":[],"product_cat":[588],"product_tag":[611],"class_list":{"0":"post-23078","1":"product","2":"type-product","3":"status-publish","4":"has-post-thumbnail","6":"product_cat-aceites-para-masajes-sensuales","7":"product_tag-10-es","8":"product_shipping_class-1169-es","10":"first","11":"instock","12":"sale","13":"taxable","14":"shipping-taxable","15":"purchasable","16":"product-type-simple"},"_links":{"self":[{"href":"https:\/\/findit.webapp-market.com\/es\/wp-json\/wp\/v2\/product\/23078","targetHints":{"allow":["GET"]}}],"collection":[{"href":"https:\/\/findit.webapp-market.com\/es\/wp-json\/wp\/v2\/product"}],"about":[{"href":"https:\/\/findit.webapp-market.com\/es\/wp-json\/wp\/v2\/types\/product"}],"replies":[{"embeddable":true,"href":"https:\/\/findit.webapp-market.com\/es\/wp-json\/wp\/v2\/comments?post=23078"}],"wp:featuredmedia":[{"embeddable":true,"href":"https:\/\/findit.webapp-market.com\/es\/wp-json\/wp\/v2\/media\/16226"}],"wp:attachment":[{"href":"https:\/\/findit.webapp-market.com\/es\/wp-json\/wp\/v2\/media?parent=23078"}],"wp:term":[{"taxonomy":"product_brand","embeddable":true,"href":"https:\/\/findit.webapp-market.com\/es\/wp-json\/wp\/v2\/product_brand?post=23078"},{"taxonomy":"product_cat","embeddable":true,"href":"https:\/\/findit.webapp-market.com\/es\/wp-json\/wp\/v2\/product_cat?post=23078"},{"taxonomy":"product_tag","embeddable":true,"href":"https:\/\/findit.webapp-market.com\/es\/wp-json\/wp\/v2\/product_tag?post=23078"}],"curies":[{"name":"wp","href":"https:\/\/api.w.org\/{rel}","templated":true}]}}