{"id":23084,"date":"2024-03-27T19:22:31","date_gmt":"2024-03-27T19:22:31","guid":{"rendered":"https:\/\/findit.webapp-market.com\/product\/pheromona-concentradas-woman-20ml\/"},"modified":"2024-03-27T19:22:31","modified_gmt":"2024-03-27T19:22:31","slug":"pheromona-concentradas-woman-20ml","status":"publish","type":"product","link":"https:\/\/findit.webapp-market.com\/es\/producto\/pheromona-concentradas-woman-20ml\/","title":{"rendered":"Pheromona concentradas woman 20ml"},"content":{"rendered":"<p>Tus feromonas favoritas, \u00a1m\u00e9zclalas como quieras! Totalmente sin olor y concentradas, perfectas para combinarlas con tu locion preferida<\/p>\n<p>Las feromonas son sustancias qu\u00edmicas naturales segregadas por el cuerpo a trav\u00e9s de la transpiraci\u00f3n (sudor), cuyo olor se desprende encarg\u00e1ndose de atraer al sexo opuesto.<\/p>\n<p>Este producto inoloro se acciona por el calor de tu propio cuerpo, incrementando la segreci\u00f3n normal de feromonas, haci\u00e9ndote m\u00e1s irresistible al sexo opuesto.<\/p>\n<p><strong>Cantidad:<\/strong> 20 ML<\/p>\n<p><strong>Confidencialidad :<\/strong> Tus pedidos se env\u00edan en una caja o sobre totalmente sellado opaco sin ning\u00fan tipo de marcas externas. Para nosotros es muy importante tu privacidad. Tu privacidad es muy importante para nosotros.<\/p>\n<p><strong>Precauciones y advertencias:<\/strong> Solo para uso externo. No aplicar sobre la piel irritada o lastimada. En caso de alguna reacci\u00f3n desfavorable suspenda inmediatamente su uso. Mantener fuera del alcance de los ni\u00f1os. Mantener en un lugar fresco y seco.<\/p>\n<p><strong>Las im\u00e1genes representan el producto real, el color puede variar dependiendo del dispositivo en el que se est\u00e9n viendo.<\/strong><\/p>\n","protected":false},"excerpt":{"rendered":"<p>Tus feromonas favoritas, \u00a1m\u00e9zclalas como quieras! Totalmente sin olor y concentradas, perfectas para combinarlas con tu locion preferida<\/p>\n","protected":false},"featured_media":16283,"comment_status":"open","ping_status":"closed","template":"","meta":[],"product_brand":[],"product_cat":[587,585],"product_tag":[611],"class_list":{"0":"post-23084","1":"product","2":"type-product","3":"status-publish","4":"has-post-thumbnail","6":"product_cat-lubricantes","7":"product_cat-tienda-erotica","8":"product_tag-10-es","9":"product_shipping_class-1169-es","11":"first","12":"instock","13":"taxable","14":"shipping-taxable","15":"purchasable","16":"product-type-simple"},"_links":{"self":[{"href":"https:\/\/findit.webapp-market.com\/es\/wp-json\/wp\/v2\/product\/23084","targetHints":{"allow":["GET"]}}],"collection":[{"href":"https:\/\/findit.webapp-market.com\/es\/wp-json\/wp\/v2\/product"}],"about":[{"href":"https:\/\/findit.webapp-market.com\/es\/wp-json\/wp\/v2\/types\/product"}],"replies":[{"embeddable":true,"href":"https:\/\/findit.webapp-market.com\/es\/wp-json\/wp\/v2\/comments?post=23084"}],"wp:featuredmedia":[{"embeddable":true,"href":"https:\/\/findit.webapp-market.com\/es\/wp-json\/wp\/v2\/media\/16283"}],"wp:attachment":[{"href":"https:\/\/findit.webapp-market.com\/es\/wp-json\/wp\/v2\/media?parent=23084"}],"wp:term":[{"taxonomy":"product_brand","embeddable":true,"href":"https:\/\/findit.webapp-market.com\/es\/wp-json\/wp\/v2\/product_brand?post=23084"},{"taxonomy":"product_cat","embeddable":true,"href":"https:\/\/findit.webapp-market.com\/es\/wp-json\/wp\/v2\/product_cat?post=23084"},{"taxonomy":"product_tag","embeddable":true,"href":"https:\/\/findit.webapp-market.com\/es\/wp-json\/wp\/v2\/product_tag?post=23084"}],"curies":[{"name":"wp","href":"https:\/\/api.w.org\/{rel}","templated":true}]}}