{"id":23496,"date":"2024-03-27T20:17:05","date_gmt":"2024-03-27T20:17:05","guid":{"rendered":"https:\/\/findit.webapp-market.com\/product\/crema-antiarrugas-60-ml-amakii\/"},"modified":"2024-03-27T20:17:05","modified_gmt":"2024-03-27T20:17:05","slug":"crema-antiarrugas-60-ml-amakii","status":"publish","type":"product","link":"https:\/\/findit.webapp-market.com\/es\/producto\/crema-antiarrugas-60-ml-amakii\/","title":{"rendered":"Crema Antiarrugas 60 ml"},"content":{"rendered":"<p>Crema Antiarrugas<\/p>\n<p>Nuestra exclusiva mezcla de extractos naturales, tensan la piel con efecto de b\u00f3tox natural, proporciona alta hidrataci\u00f3n y humectaci\u00f3n, tienen propiedades antioxidantes, calmantes y nutritivas, elimina toxinas, grasas y ayuda al equilibrio de la piel.<\/p>\n<h4><strong>Con extractos de:<\/strong><\/h4>\n<ul>\n<li>Aloe vera.<\/li>\n<li>Cal\u00e9ndula.<\/li>\n<li>Caf\u00e9.<\/li>\n<li>Manzanilla.<\/li>\n<li>Vitamina E.<\/li>\n<li>Espilantes.<\/li>\n<li>Uchuva.<\/li>\n<li>Lim\u00f3n.<\/li>\n<li>Romero.<\/li>\n<li>Aguacate.<\/li>\n<\/ul>\n<h4><strong>Modo de uso:<\/strong><\/h4>\n<p>Aplicar en la piel limpia y seca, sobre las zonas a tratar, en cantidad suficiente para cubrir de manera uniforme. Se puede usar en cualquier zona del cuerpo y rostro durante las noches. Si la aplicas en el d\u00eda debes usar protector solar.<\/p>\n<p>Las cremas antiarrugas generalmente son hidratantes con ingredientes activos que ofrecen beneficios adicionales. Estos ingredientes a\u00f1adidos est\u00e1n destinados a mejorar el tono, la textura, las l\u00edneas finas y las arrugas de la piel.<\/p>\n<h5><strong>Precausi\u00f3n:<\/strong><\/h5>\n<ul>\n<li>Uso externo<\/li>\n<li>No aplicar sobre la piel irritada o lastimada.<\/li>\n<li>En caso de alguna reacci\u00f3n desfavorable suspenda inmediatamente su uso.<\/li>\n<li>Mant\u00e9ngase siempre bien cerrado, protegido de la luz y el calor, y fuera del alcance de los ni\u00f1os.<\/li>\n<\/ul>\n<p><strong>Las im\u00e1genes representan el producto real, el color puede variar dependiendo del dispositivo en el que se est\u00e9n viendo.<\/strong><\/p>\n<h5><strong>Ingredientes frecuentes en la crema antiarrugas<\/strong><\/h5>\n<p><strong>Retinoides. <\/strong> Este t\u00e9rmino se utiliza para los compuestos de vitamina A, como el retinol y el \u00e1cido retinoico. Estos ingredientes se han utilizado durante mucho tiempo para ayudar a reparar la piel da\u00f1ada por el sol, y reducir las l\u00edneas finas y las arrugas.<\/p>\n<p><strong>Vitamina C (\u00e1cido asc\u00f3rbico). <\/strong> La vitamina C puede ayudar a proteger la piel del da\u00f1o solar, y reducir las l\u00edneas finas y las arrugas. Antes de usarse, y entre cada uso, las cremas antiarrugas que contienen vitamina C deben guardarse en lugares donde no est\u00e9n expuestas al aire y la luz solar<\/p>\n<p><strong>Coenzima Q10.<\/strong> Este ingrediente puede ayudar a reducir las arrugas finas alrededor de los ojos y proteger la piel del da\u00f1o causado por el sol.<br \/>P\u00e9ptidos. Estas mol\u00e9culas se encuentran de forma natural en los organismos vivos. Ciertos p\u00e9ptidos son capaces de estimular la producci\u00f3n de col\u00e1geno, y se ha demostrado que mejoran la textura y las arrugas de la piel.<\/p>\n<p><strong>Extractos de t\u00e9. <\/strong> El t\u00e9 verde, negro y oolong contienen compuestos con propiedades antioxidantes y antiinflamatorias. En las cremas antiarrugas, por lo general se usan extractos de t\u00e9 verde.<\/p>\n<p><strong>Extracto de semillas de uva<\/strong>. Adem\u00e1s de sus propiedades antioxidantes y antiinflamatorias, el extracto de semillas de uva favorece la producci\u00f3n de col\u00e1geno.<\/p>\n<p><strong>Niacinamida. <\/strong>Un potente antioxidante, esta sustancia est\u00e1 relacionada con la vitamina B-3 (niacina). Ayuda a reducir la p\u00e9rdida de agua en la piel y puede mejorar su elasticidad.<\/p>\n","protected":false},"excerpt":{"rendered":"<p>Crema Antiarrugas<\/p>\n<p>Nuestra exclusiva mezcla de extractos naturales, tensan la piel con efecto de b\u00f3tox natural, proporciona alta hidrataci\u00f3n y humectaci\u00f3n, tienen propiedades antioxidantes, calmantes y nutritivas, elimina toxinas, grasas y ayuda al equilibrio de la piel.<\/p>\n","protected":false},"featured_media":20095,"comment_status":"open","ping_status":"closed","template":"","meta":[],"product_brand":[],"product_cat":[565],"product_tag":[611],"class_list":{"0":"post-23496","1":"product","2":"type-product","3":"status-publish","4":"has-post-thumbnail","6":"product_cat-articulos-de-cuidado-de-la-piel","7":"product_tag-10-es","8":"product_shipping_class-1169-es","10":"first","11":"instock","12":"taxable","13":"shipping-taxable","14":"purchasable","15":"product-type-simple"},"_links":{"self":[{"href":"https:\/\/findit.webapp-market.com\/es\/wp-json\/wp\/v2\/product\/23496","targetHints":{"allow":["GET"]}}],"collection":[{"href":"https:\/\/findit.webapp-market.com\/es\/wp-json\/wp\/v2\/product"}],"about":[{"href":"https:\/\/findit.webapp-market.com\/es\/wp-json\/wp\/v2\/types\/product"}],"replies":[{"embeddable":true,"href":"https:\/\/findit.webapp-market.com\/es\/wp-json\/wp\/v2\/comments?post=23496"}],"wp:featuredmedia":[{"embeddable":true,"href":"https:\/\/findit.webapp-market.com\/es\/wp-json\/wp\/v2\/media\/20095"}],"wp:attachment":[{"href":"https:\/\/findit.webapp-market.com\/es\/wp-json\/wp\/v2\/media?parent=23496"}],"wp:term":[{"taxonomy":"product_brand","embeddable":true,"href":"https:\/\/findit.webapp-market.com\/es\/wp-json\/wp\/v2\/product_brand?post=23496"},{"taxonomy":"product_cat","embeddable":true,"href":"https:\/\/findit.webapp-market.com\/es\/wp-json\/wp\/v2\/product_cat?post=23496"},{"taxonomy":"product_tag","embeddable":true,"href":"https:\/\/findit.webapp-market.com\/es\/wp-json\/wp\/v2\/product_tag?post=23496"}],"curies":[{"name":"wp","href":"https:\/\/api.w.org\/{rel}","templated":true}]}}