{"id":23497,"date":"2024-03-27T20:16:59","date_gmt":"2024-03-27T20:16:59","guid":{"rendered":"https:\/\/findit.webapp-market.com\/product\/espuma-facial-210ml-nice\/"},"modified":"2024-03-27T20:16:59","modified_gmt":"2024-03-27T20:16:59","slug":"espuma-facial-210ml-nice","status":"publish","type":"product","link":"https:\/\/findit.webapp-market.com\/es\/producto\/espuma-facial-210ml-nice\/","title":{"rendered":"Espuma Facial 210Ml | Nice"},"content":{"rendered":"<p>\u00a1Esta espuma es todo lo que est\u00e1 bien en el mundo!<\/p>\n<p>\u00bfQu\u00e9 har\u00e1? Limpiar la piel, eliminar el exceso de grasa, maquillaje e impurezas. Tiene un textura s\u00faper agradable, es ideal para la higiene del cutis graso. Su exclusiva f\u00f3rmula con extractos naturales ayuda a normalizar la secreci\u00f3n seb\u00e1cea restableciendo el adecuado equilibrio de la flora de la superficie de la piel Posee ph 5,50, ideal para la limpieza diaria en lugar de jab\u00f3n. Deja la piel suave, luminosa e hidrata.<\/p>\n<p><strong>Principios Activos:<\/strong> Extracto de Cal\u00e9ndula, Romero y Tea tree Oil. Las propiedades antibacterianas del Tea Tree Oil, eliminan las bacterias causantes del acn\u00e9, sin obstruir los poros.<\/p>\n<p>Limpia sin agredir ni alterar el pH cut\u00e1neo, controlando el exceso de secreci\u00f3n seb\u00e1cea y desarrollo del acn\u00e9.<\/p>\n<p><strong>Tipo de piel: <\/strong> Todo tipo de piel, especialmente pieles grasas.<\/p>\n<p><strong>Modo de uso:<\/strong><\/p>\n<p>Aplicar diariamente cantidad suficiente, esparcir y masajear suavemente con movimientos circulares. Repetir la operaci\u00f3n y retirar lavando con agua. Ingredientes limpios y seguros, adecuados para pieles sensibles. Sin parabenos, SLS o colorantes artificiales. Envase: X 210 ML<\/p>\n<h5><strong>Precausi\u00f3n:<\/strong><\/h5>\n<ul>\n<li>Uso externo<\/li>\n<li>No aplicar sobre la piel irritada o lastimada.<\/li>\n<li>En caso de alguna reacci\u00f3n desfavorable suspenda inmediatamente su uso.<\/li>\n<li>Mant\u00e9ngase siempre bien cerrado, protegido de la luz y el calor, y fuera del alcance de los ni\u00f1os.<\/li>\n<\/ul>\n<p><strong>Las im\u00e1genes representan el producto real, el color puede variar dependiendo del dispositivo en el que se est\u00e9n viendo.<\/strong><\/p>\n","protected":false},"excerpt":{"rendered":"<p>\u00a1Esta espuma es todo lo que est\u00e1 bien en el mundo!<\/p>\n<p>\u00bfQu\u00e9 har\u00e1? Limpiar la piel, eliminar el exceso de grasa, maquillaje e impurezas. Tiene un textura s\u00faper agradable, es ideal para la higiene del cutis graso. Su exclusiva f\u00f3rmula con extractos naturales ayuda a normalizar la secreci\u00f3n seb\u00e1cea restableciendo el adecuado equilibrio de la flora de la superficie de la piel Posee ph 5,50, ideal para la limpieza diaria en lugar de jab\u00f3n. Deja la piel suave, luminosa e hidrata.<\/p>\n","protected":false},"featured_media":20090,"comment_status":"open","ping_status":"closed","template":"","meta":[],"product_brand":[],"product_cat":[565],"product_tag":[611],"class_list":{"0":"post-23497","1":"product","2":"type-product","3":"status-publish","4":"has-post-thumbnail","6":"product_cat-articulos-de-cuidado-de-la-piel","7":"product_tag-10-es","8":"product_shipping_class-1169-es","10":"first","11":"instock","12":"taxable","13":"shipping-taxable","14":"purchasable","15":"product-type-simple"},"_links":{"self":[{"href":"https:\/\/findit.webapp-market.com\/es\/wp-json\/wp\/v2\/product\/23497","targetHints":{"allow":["GET"]}}],"collection":[{"href":"https:\/\/findit.webapp-market.com\/es\/wp-json\/wp\/v2\/product"}],"about":[{"href":"https:\/\/findit.webapp-market.com\/es\/wp-json\/wp\/v2\/types\/product"}],"replies":[{"embeddable":true,"href":"https:\/\/findit.webapp-market.com\/es\/wp-json\/wp\/v2\/comments?post=23497"}],"wp:featuredmedia":[{"embeddable":true,"href":"https:\/\/findit.webapp-market.com\/es\/wp-json\/wp\/v2\/media\/20090"}],"wp:attachment":[{"href":"https:\/\/findit.webapp-market.com\/es\/wp-json\/wp\/v2\/media?parent=23497"}],"wp:term":[{"taxonomy":"product_brand","embeddable":true,"href":"https:\/\/findit.webapp-market.com\/es\/wp-json\/wp\/v2\/product_brand?post=23497"},{"taxonomy":"product_cat","embeddable":true,"href":"https:\/\/findit.webapp-market.com\/es\/wp-json\/wp\/v2\/product_cat?post=23497"},{"taxonomy":"product_tag","embeddable":true,"href":"https:\/\/findit.webapp-market.com\/es\/wp-json\/wp\/v2\/product_tag?post=23497"}],"curies":[{"name":"wp","href":"https:\/\/api.w.org\/{rel}","templated":true}]}}