{"id":23555,"date":"2024-03-27T20:16:52","date_gmt":"2024-03-27T20:16:52","guid":{"rendered":"https:\/\/findit.webapp-market.com\/product\/acne-removal-face-gel-control-anti-acne-gel-treatment-acne-20-ml-nice\/"},"modified":"2024-03-27T20:16:52","modified_gmt":"2024-03-27T20:16:52","slug":"acne-removal-face-gel-control-anti-acne-gel-treatment-acne-20-ml-nice","status":"publish","type":"product","link":"https:\/\/findit.webapp-market.com\/es\/producto\/acne-removal-face-gel-control-anti-acne-gel-treatment-acne-20-ml-nice\/","title":{"rendered":"Gel facial antiacn\u00e9 control gel antiacn\u00e9 tratamiento acn\u00e9 20 Ml NiceAcne removal face gel control anti-acne gel treatment acne 20 Ml Nice"},"content":{"rendered":"<p>Chaito acn\u00e9 o espinillas!<br \/>Es lo m\u00e1ximo para despedirse de los granitos y todo natural! A base de Tea Tree Oil y extractos naturales para reducir el acn\u00e9, eliminando las bacterias que lo causan y controlando la grasa. <\/p>\n<p><strong>\u00bfC\u00f3mo funciona?<\/strong><\/p>\n<ul>\n<li>Penetra en la piel eliminando puntos negros y puntos blancos. Seca las espinillas. <\/li>\n<li>Contiene aceite de \u00e1rbol de t\u00e9 100% puro, un ingrediente natural con propiedades antibacterianas que ayuda a disminuir el acn\u00e9.<\/li>\n<li>El aceite de \u00e1rbol de t\u00e9 ha demostrado ser eficaz en la disminuci\u00f3n del acn\u00e9 leve a moderado, con menos efectos secundarios que el per\u00f3xido de benzoilo.<\/li>\n<\/ul>\n<p><strong>Modo de uso<\/strong><\/p>\n<p>Aplicar diariamente sobre el \u00e1rea que se desea tratar. Es ideal para pieles grasas con acn\u00e9. Se puede usar sobre el rostro y espalda. No requiere enjuagar.   <\/p>\n<h5><strong>Precausi\u00f3n:<\/strong><\/h5>\n<ul>\n<li>Evita exponerte directamente al sol con el producto aplicado.<\/li>\n<li>Uso externo<\/li>\n<li>No aplicar sobre la piel irritada o lastimada.<\/li>\n<li>En caso de alguna reacci\u00f3n desfavorable suspenda inmediatamente su uso.<\/li>\n<li>Mant\u00e9ngase siempre bien cerrado, protegido de la luz y el calor, y fuera del alcance de los ni\u00f1os.<\/li>\n<\/ul>\n<p><strong>Las im\u00e1genes representan el producto real, el color puede variar dependiendo del dispositivo en el que se est\u00e9n viendo.<\/strong><\/p>\n","protected":false},"excerpt":{"rendered":"<p>Chaito acn\u00e9 o espinillas!<br \/>Es lo m\u00e1ximo para despedirse de los granitos y todo natural! A base de Tea Tree Oil y extractos naturales para reducir el acn\u00e9, eliminando las bacterias que lo causan y controlando la grasa. <\/p>\n","protected":false},"featured_media":20083,"comment_status":"open","ping_status":"closed","template":"","meta":[],"product_brand":[],"product_cat":[565],"product_tag":[611],"class_list":{"0":"post-23555","1":"product","2":"type-product","3":"status-publish","4":"has-post-thumbnail","6":"product_cat-articulos-de-cuidado-de-la-piel","7":"product_tag-10-es","8":"product_shipping_class-1169-es","10":"first","11":"instock","12":"taxable","13":"shipping-taxable","14":"purchasable","15":"product-type-simple"},"_links":{"self":[{"href":"https:\/\/findit.webapp-market.com\/es\/wp-json\/wp\/v2\/product\/23555","targetHints":{"allow":["GET"]}}],"collection":[{"href":"https:\/\/findit.webapp-market.com\/es\/wp-json\/wp\/v2\/product"}],"about":[{"href":"https:\/\/findit.webapp-market.com\/es\/wp-json\/wp\/v2\/types\/product"}],"replies":[{"embeddable":true,"href":"https:\/\/findit.webapp-market.com\/es\/wp-json\/wp\/v2\/comments?post=23555"}],"wp:featuredmedia":[{"embeddable":true,"href":"https:\/\/findit.webapp-market.com\/es\/wp-json\/wp\/v2\/media\/20083"}],"wp:attachment":[{"href":"https:\/\/findit.webapp-market.com\/es\/wp-json\/wp\/v2\/media?parent=23555"}],"wp:term":[{"taxonomy":"product_brand","embeddable":true,"href":"https:\/\/findit.webapp-market.com\/es\/wp-json\/wp\/v2\/product_brand?post=23555"},{"taxonomy":"product_cat","embeddable":true,"href":"https:\/\/findit.webapp-market.com\/es\/wp-json\/wp\/v2\/product_cat?post=23555"},{"taxonomy":"product_tag","embeddable":true,"href":"https:\/\/findit.webapp-market.com\/es\/wp-json\/wp\/v2\/product_tag?post=23555"}],"curies":[{"name":"wp","href":"https:\/\/api.w.org\/{rel}","templated":true}]}}