{"id":23556,"date":"2024-03-27T20:16:43","date_gmt":"2024-03-27T20:16:43","guid":{"rendered":"https:\/\/findit.webapp-market.com\/product\/tonico-facial-210-ml-nice\/"},"modified":"2024-03-27T20:16:43","modified_gmt":"2024-03-27T20:16:43","slug":"tonico-facial-210-ml-nice","status":"publish","type":"product","link":"https:\/\/findit.webapp-market.com\/es\/producto\/tonico-facial-210-ml-nice\/","title":{"rendered":"T\u00f3nico facial 210 ml | Nice"},"content":{"rendered":"<h5><strong>\u00a1LO AMAR\u00c1S!<\/strong><\/h5>\n<p>Elimina la contaminaci\u00f3n, ayuda a controlar la grasa de tu piel, suavemente y sin resecar. Deja un toque aterciopelado y sensaci\u00f3n de frescor, adem\u00e1s de purificar de manera natural tu cutis. Y la mejor parte es que no contiene alcohol.  <\/p>\n<h5><strong>Beneficios:<\/strong><\/h5>\n<ul>\n<li>Vegano.<\/li>\n<li>Desobstruye los poros y elimina el exceso de grasa.<\/li>\n<li>Elimina la contaminaci\u00f3n.<\/li>\n<li>Promueve una sensaci\u00f3n de frescor y un toque aterciopelado en la piel.<\/li>\n<li>Ayuda a minimizar los poros y las l\u00edneas finas.<\/li>\n<li>Deja la piel luminosa y fresca.<\/li>\n<\/ul>\n<h5><strong>Modo de uso:<\/strong><\/h5>\n<ul>\n<li style=\"list-style-type: none\" data-mce-style=\"list-style-type: none;\">\n<ul>\n<li>Con la piel limpia, agita el producto antes de usar y aplica una cantidad generosa en un algod\u00f3n;<\/li>\n<li>Extiende suavemente sobre rostro y cuello. Repite este paso todos los d\u00edas, por la ma\u00f1ana y por la noche. Sugerimos este paso despu\u00e9s de usar la espuma Facial.  <\/li>\n<li>No contiene parabenos 100% natural. <\/li>\n<li>Para uso diario<\/li>\n<\/ul>\n<\/li>\n<\/ul>\n<h5><strong>Precausi\u00f3n:<\/strong><\/h5>\n<ul>\n<li>Uso externo<\/li>\n<li>No aplicar sobre la piel irritada o lastimada.<\/li>\n<li>En caso de alguna reacci\u00f3n desfavorable suspenda inmediatamente su uso.<\/li>\n<li>Mant\u00e9ngase siempre bien cerrado, protegido de la luz y el calor, y fuera del alcance de los ni\u00f1os.<\/li>\n<\/ul>\n<p>Las im\u00e1genes representan el producto real, el color puede variar dependiendo del dispositivo en el que se est\u00e9n viendo.<\/p>\n","protected":false},"excerpt":{"rendered":"<h5><strong>\u00a1LO AMAR\u00c1S!<\/strong><\/h5>\n<p>Elimina la contaminaci\u00f3n, ayuda a controlar la grasa de tu piel, suavemente y sin resecar. Deja un toque aterciopelado y sensaci\u00f3n de frescor, adem\u00e1s de purificar de manera natural tu cutis. Y la mejor parte es que no contiene alcohol.  <\/p>\n","protected":false},"featured_media":20074,"comment_status":"open","ping_status":"closed","template":"","meta":[],"product_brand":[],"product_cat":[565],"product_tag":[611],"class_list":{"0":"post-23556","1":"product","2":"type-product","3":"status-publish","4":"has-post-thumbnail","6":"product_cat-articulos-de-cuidado-de-la-piel","7":"product_tag-10-es","8":"product_shipping_class-1169-es","10":"first","11":"instock","12":"taxable","13":"shipping-taxable","14":"purchasable","15":"product-type-simple"},"_links":{"self":[{"href":"https:\/\/findit.webapp-market.com\/es\/wp-json\/wp\/v2\/product\/23556","targetHints":{"allow":["GET"]}}],"collection":[{"href":"https:\/\/findit.webapp-market.com\/es\/wp-json\/wp\/v2\/product"}],"about":[{"href":"https:\/\/findit.webapp-market.com\/es\/wp-json\/wp\/v2\/types\/product"}],"replies":[{"embeddable":true,"href":"https:\/\/findit.webapp-market.com\/es\/wp-json\/wp\/v2\/comments?post=23556"}],"wp:featuredmedia":[{"embeddable":true,"href":"https:\/\/findit.webapp-market.com\/es\/wp-json\/wp\/v2\/media\/20074"}],"wp:attachment":[{"href":"https:\/\/findit.webapp-market.com\/es\/wp-json\/wp\/v2\/media?parent=23556"}],"wp:term":[{"taxonomy":"product_brand","embeddable":true,"href":"https:\/\/findit.webapp-market.com\/es\/wp-json\/wp\/v2\/product_brand?post=23556"},{"taxonomy":"product_cat","embeddable":true,"href":"https:\/\/findit.webapp-market.com\/es\/wp-json\/wp\/v2\/product_cat?post=23556"},{"taxonomy":"product_tag","embeddable":true,"href":"https:\/\/findit.webapp-market.com\/es\/wp-json\/wp\/v2\/product_tag?post=23556"}],"curies":[{"name":"wp","href":"https:\/\/api.w.org\/{rel}","templated":true}]}}