{"id":23567,"date":"2024-03-27T20:16:34","date_gmt":"2024-03-27T20:16:34","guid":{"rendered":"https:\/\/findit.webapp-market.com\/product\/set-de-brochas-de-maquillaje-de-12-star-motion\/"},"modified":"2024-03-27T20:16:34","modified_gmt":"2024-03-27T20:16:34","slug":"set-de-brochas-de-maquillaje-de-12-star-motion","status":"publish","type":"product","link":"https:\/\/findit.webapp-market.com\/es\/producto\/set-de-brochas-de-maquillaje-de-12-star-motion\/","title":{"rendered":"Set de brochas de maquillaje de 12 Star motion"},"content":{"rendered":"<div id=\"featurebullets_feature_div\" class=\"celwidget\" data-feature-name=\"featurebullets\" data-csa-c-type=\"widget\" data-csa-c-content-id=\"featurebullets\" data-csa-c-slot-id=\"featurebullets_feature_div\" data-csa-c-asin=\"B08D9K3996\" data-csa-c-is-in-initial-active-row=\"false\" data-csa-c-id=\"jp49jd-hip68d-7hbmbq-f3ghjs\" data-cel-widget=\"featurebullets_feature_div\">\n<div id=\"feature-bullets\" class=\"a-section a-spacing-medium a-spacing-top-small\">\n<h2 id=\"title\" class=\"a-size-large a-spacing-none\"><span id=\"productTitle\" class=\"a-size-large product-title-word-break\">Juego de brochas de maquillaje, 12 Uds., correctores de polvo de base sint\u00e9tica Premium, sombras de ojos, brochas de maquillaje para colorete, brochas cosm\u00e9ticas con estuche<\/span><\/h2>\n<h3><img fetchpriority=\"high\" decoding=\"async\" class=\" wp-image-23560 aligncenter\" src=\"https:\/\/findit.webapp-market.com\/wp-content\/uploads\/2024\/10\/1_8d337b89-80d5-42c6-bfe1-184a35b1f503_1024x1024-266x300.webp\" alt=\"\" width=\"848\" height=\"956\" srcset=\"https:\/\/findit.webapp-market.com\/wp-content\/uploads\/2024\/10\/1_8d337b89-80d5-42c6-bfe1-184a35b1f503_1024x1024-266x300.webp 266w, https:\/\/findit.webapp-market.com\/wp-content\/uploads\/2024\/10\/1_8d337b89-80d5-42c6-bfe1-184a35b1f503_1024x1024-250x282.webp 250w, https:\/\/findit.webapp-market.com\/wp-content\/uploads\/2024\/10\/1_8d337b89-80d5-42c6-bfe1-184a35b1f503_1024x1024-600x677.webp 600w, https:\/\/findit.webapp-market.com\/wp-content\/uploads\/2024\/10\/1_8d337b89-80d5-42c6-bfe1-184a35b1f503_1024x1024-150x169.webp 150w, https:\/\/findit.webapp-market.com\/wp-content\/uploads\/2024\/10\/1_8d337b89-80d5-42c6-bfe1-184a35b1f503_1024x1024.webp 750w\" sizes=\"(max-width: 848px) 100vw, 848px\" \/><\/h3>\n<h3><img decoding=\"async\" class=\"alignnone wp-image-23563\" src=\"https:\/\/findit.webapp-market.com\/wp-content\/uploads\/2024\/03\/5_MakeupBrush-ColorsCalendar_StarMotionMakeupBrushSetOf12_-2021MostPopularMakeupBrush-Detail-141x300.webp\" alt=\"\" width=\"804\" height=\"1711\" srcset=\"https:\/\/findit.webapp-market.com\/wp-content\/uploads\/2024\/03\/5_MakeupBrush-ColorsCalendar_StarMotionMakeupBrushSetOf12_-2021MostPopularMakeupBrush-Detail-141x300.webp 141w, https:\/\/findit.webapp-market.com\/wp-content\/uploads\/2024\/03\/5_MakeupBrush-ColorsCalendar_StarMotionMakeupBrushSetOf12_-2021MostPopularMakeupBrush-Detail-481x1024.webp 481w, https:\/\/findit.webapp-market.com\/wp-content\/uploads\/2024\/03\/5_MakeupBrush-ColorsCalendar_StarMotionMakeupBrushSetOf12_-2021MostPopularMakeupBrush-Detail-722x1536.webp 722w, https:\/\/findit.webapp-market.com\/wp-content\/uploads\/2024\/03\/5_MakeupBrush-ColorsCalendar_StarMotionMakeupBrushSetOf12_-2021MostPopularMakeupBrush-Detail-250x532.webp 250w, https:\/\/findit.webapp-market.com\/wp-content\/uploads\/2024\/03\/5_MakeupBrush-ColorsCalendar_StarMotionMakeupBrushSetOf12_-2021MostPopularMakeupBrush-Detail-600x1277.webp 600w, https:\/\/findit.webapp-market.com\/wp-content\/uploads\/2024\/03\/5_MakeupBrush-ColorsCalendar_StarMotionMakeupBrushSetOf12_-2021MostPopularMakeupBrush-Detail-150x319.webp 150w, https:\/\/findit.webapp-market.com\/wp-content\/uploads\/2024\/03\/5_MakeupBrush-ColorsCalendar_StarMotionMakeupBrushSetOf12_-2021MostPopularMakeupBrush-Detail.webp 750w\" sizes=\"(max-width: 804px) 100vw, 804px\" \/><\/h3>\n<h3 class=\"a-size-base-plus a-text-bold\">Detalles del producto<\/h3>\n<ul class=\"a-unordered-list a-vertical a-spacing-mini\">\n<li><span class=\"a-list-item\">Juego de brochas de maquillaje, 12 Uds., correctores de polvo de base sint\u00e9tica Premium, sombras de ojos, brochas de maquillaje para colorete, brochas cosm\u00e9ticas con estuche<\/span><\/li>\n<li><span class=\"a-list-item\">Brochas para sombras de ojos, sombras para pliegues, correctores, rubores, bases, polvos compactos o sueltos, iluminadores y cejas. Ideal para aplicar, difuminar y matizar productos. F\u00e1cil y conveniente para el uso diario de maquillaje.  <\/span><\/li>\n<li><span class=\"a-list-item\">FIBRA SINT\u00c9TICA PREMIUM: Los mangos de los cepillos cosm\u00e9ticos est\u00e1n hechos de aleaci\u00f3n de alta calidad y material de madera. Las cerdas est\u00e1n bien hechas de nailon suave y sedoso, garantizado para un uso prolongado. Todas las brochas son finas y densas, adecuados incluso para las pieles m\u00e1s sensibles.  <\/span><\/li>\n<li><span class=\"a-list-item\">El pack contiene 12 brochas para maquillaje de ojos y rostro, <\/span><\/li>\n<li><span class=\"a-list-item\">IDEAL PARA REGALO: Dise\u00f1ado para principiantes y entusiastas del maquillaje, ya que el kit de brochas de maquillaje es f\u00e1cil de usar y de calidad superior a un precio asequible, un surtido completo que le permite conservar su maquillaje. Regalo ideal para mam\u00e1, esposa, amigas. <\/span><\/li>\n<\/ul>\n<p><a href=\"https:\/\/findit.deliriosmakeup.com\/wp-content\/uploads\/2023\/04\/6_MakeupBrush-ColorsCalendar_StarMotionMakeupBrushSetOf12_-2021MostPopularMakeupBrush-Detail.webp\"><img decoding=\"async\" class=\"alignnone wp-image-23565\" src=\"https:\/\/findit.webapp-market.com\/wp-content\/uploads\/2024\/03\/6_MakeupBrush-ColorsCalendar_StarMotionMakeupBrushSetOf12_-2021MostPopularMakeupBrush-Detail-679x1536-1-133x300.webp\" alt=\"\" width=\"839\" height=\"1892\" srcset=\"https:\/\/findit.webapp-market.com\/wp-content\/uploads\/2024\/03\/6_MakeupBrush-ColorsCalendar_StarMotionMakeupBrushSetOf12_-2021MostPopularMakeupBrush-Detail-679x1536-1-133x300.webp 133w, https:\/\/findit.webapp-market.com\/wp-content\/uploads\/2024\/03\/6_MakeupBrush-ColorsCalendar_StarMotionMakeupBrushSetOf12_-2021MostPopularMakeupBrush-Detail-679x1536-1-150x339.webp 150w\" sizes=\"(max-width: 839px) 100vw, 839px\" \/><\/a><\/p>\n<\/div>\n<\/div>\n<div id=\"serviceCapabilities_feature_div\" class=\"celwidget\" data-feature-name=\"serviceCapabilities\" data-csa-c-type=\"widget\" data-csa-c-content-id=\"serviceCapabilities\" data-csa-c-slot-id=\"serviceCapabilities_feature_div\" data-csa-c-asin=\"B08D9K3996\" data-csa-c-is-in-initial-active-row=\"false\" data-csa-c-id=\"k2qt1n-6ajbli-y4ukaz-fg4wqd\" data-cel-widget=\"serviceCapabilities_feature_div\"><\/div>\n","protected":false},"excerpt":{"rendered":"<p>Juego de brochas de maquillaje, 12 Uds., correctores de polvo de base sint\u00e9tica Premium, sombras de ojos, brochas de maquillaje<\/p>\n","protected":false},"featured_media":20061,"comment_status":"open","ping_status":"closed","template":"","meta":[],"product_brand":[],"product_cat":[539,584],"product_tag":[611],"class_list":{"0":"post-23567","1":"product","2":"type-product","3":"status-publish","4":"has-post-thumbnail","6":"product_cat-kit-de-brochas","7":"product_cat-outlet-es","8":"product_tag-10-es","10":"first","11":"instock","12":"sale","13":"taxable","14":"shipping-taxable","15":"purchasable","16":"product-type-simple"},"_links":{"self":[{"href":"https:\/\/findit.webapp-market.com\/es\/wp-json\/wp\/v2\/product\/23567","targetHints":{"allow":["GET"]}}],"collection":[{"href":"https:\/\/findit.webapp-market.com\/es\/wp-json\/wp\/v2\/product"}],"about":[{"href":"https:\/\/findit.webapp-market.com\/es\/wp-json\/wp\/v2\/types\/product"}],"replies":[{"embeddable":true,"href":"https:\/\/findit.webapp-market.com\/es\/wp-json\/wp\/v2\/comments?post=23567"}],"wp:featuredmedia":[{"embeddable":true,"href":"https:\/\/findit.webapp-market.com\/es\/wp-json\/wp\/v2\/media\/20061"}],"wp:attachment":[{"href":"https:\/\/findit.webapp-market.com\/es\/wp-json\/wp\/v2\/media?parent=23567"}],"wp:term":[{"taxonomy":"product_brand","embeddable":true,"href":"https:\/\/findit.webapp-market.com\/es\/wp-json\/wp\/v2\/product_brand?post=23567"},{"taxonomy":"product_cat","embeddable":true,"href":"https:\/\/findit.webapp-market.com\/es\/wp-json\/wp\/v2\/product_cat?post=23567"},{"taxonomy":"product_tag","embeddable":true,"href":"https:\/\/findit.webapp-market.com\/es\/wp-json\/wp\/v2\/product_tag?post=23567"}],"curies":[{"name":"wp","href":"https:\/\/api.w.org\/{rel}","templated":true}]}}