{"id":23577,"date":"2024-03-27T20:16:07","date_gmt":"2024-03-27T20:16:07","guid":{"rendered":"https:\/\/findit.webapp-market.com\/product\/labial-mate-beso\/"},"modified":"2024-03-27T20:16:07","modified_gmt":"2024-03-27T20:16:07","slug":"labial-mate-beso","status":"publish","type":"product","link":"https:\/\/findit.webapp-market.com\/es\/producto\/labial-mate-beso\/","title":{"rendered":"Labial mate beso"},"content":{"rendered":"<div id=\"featurebullets_feature_div\" class=\"celwidget\" data-feature-name=\"featurebullets\" data-csa-c-type=\"widget\" data-csa-c-content-id=\"featurebullets\" data-csa-c-slot-id=\"featurebullets_feature_div\" data-csa-c-asin=\"B09YN9HQWB\" data-csa-c-is-in-initial-active-row=\"false\" data-csa-c-id=\"mcj6rr-8heeif-4xxry7-ivg2ae\">\n<div id=\"feature-bullets\" class=\"a-section a-spacing-medium a-spacing-top-small\">\n<h3>Labial mate beso<\/h3>\n<\/div>\n<p><img fetchpriority=\"high\" decoding=\"async\" class=\"alignnone wp-image-23568\" src=\"https:\/\/findit.webapp-market.com\/wp-content\/uploads\/2024\/03\/Kiss-matte-lipstick-7-300x186.jpg\" alt=\"\" width=\"803\" height=\"498\" srcset=\"https:\/\/findit.webapp-market.com\/wp-content\/uploads\/2024\/03\/Kiss-matte-lipstick-7-300x186.jpg 300w, https:\/\/findit.webapp-market.com\/wp-content\/uploads\/2024\/03\/Kiss-matte-lipstick-7-768x475.jpg 768w, https:\/\/findit.webapp-market.com\/wp-content\/uploads\/2024\/03\/Kiss-matte-lipstick-7-250x155.jpg 250w, https:\/\/findit.webapp-market.com\/wp-content\/uploads\/2024\/03\/Kiss-matte-lipstick-7-600x371.jpg 600w, https:\/\/findit.webapp-market.com\/wp-content\/uploads\/2024\/03\/Kiss-matte-lipstick-7-150x93.jpg 150w, https:\/\/findit.webapp-market.com\/wp-content\/uploads\/2024\/03\/Kiss-matte-lipstick-7.jpg 970w\" sizes=\"(max-width: 803px) 100vw, 803px\" \/><\/p>\n<div id=\"feature-bullets\" class=\"a-section a-spacing-medium a-spacing-top-small\">\n<p><span class=\"a-list-item\"><strong>Dise\u00f1o s\u00faper personalizado y conveniente: <\/strong>dise\u00f1ado para personas perezosas o aquellos que necesitan maquillaje r\u00e1pido. Con un dise\u00f1o en forma de labios, se adapta a la mayor\u00eda de las formas de labios. Te permite completar tu maquillaje de labios en tres segundos, ahorr\u00e1ndote mucho tiempo.  <\/span><\/p>\n<p><span class=\"a-list-item\"><strong>L\u00e1piz labial oscuro:<\/strong> Este brillo de labios tiene un efecto mate y puede complementar todos los tonos de piel. Suave sin saltar ni tirar, impermeable, taza antiadherente, no te preocupes por que el sudor da\u00f1e tu maquillaje. <\/span><\/p>\n<p><span class=\"a-list-item\"><strong>Mate e hidratante: <\/strong>Con un labio mate inmediatamente atrevido, el pintalabios l\u00edquido mate tiene un pigmento de alta intensidad. El l\u00e1piz labial incre\u00edblemente duradero incluye ingredientes hidratantes para hacer que tus labios se sientan relajados, emolientes y sedosos que no se secan. <\/span><\/p>\n<p><span class=\"a-list-item\"><strong>Uso: <\/strong>Gira la tapa y abre el l\u00e1piz labial, luego coloca el l\u00e1piz labial entre tus labios, aplica el color uniformemente, obt\u00e9n un acabado mate aterciopelado.<\/span><\/p>\n<p><span class=\"a-list-item\"><strong>F\u00e1cil de aplicar y limpiar: <\/strong>Este es un juego de maquillaje de labios muy c\u00f3modo, muy hermoso, f\u00e1cil de llevar. Ideal para todos, tanto si eres un principiante del maquillaje como un artista del maquillaje. F\u00e1cil de quitar, r\u00e1pido y limpio. No te preocupes por la pigmentaci\u00f3n.  <\/span><\/p>\n<\/div>\n<\/div>\n<ul>\n<li><span class=\"a-list-item\">Este l\u00e1piz labial est\u00e1 dise\u00f1ado en forma de labio para hacer que el l\u00e1piz labial sea m\u00e1s c\u00f3modo y f\u00e1cil de usar<\/span><\/li>\n<li><span style=\"color: #333333; font-size: 14.4px;\">Este l\u00e1piz labial tiene 12 l\u00e1pices de labios de diferentes colores, por lo que puedes elegir el color que te guste<\/span><\/li>\n<li><span style=\"color: #333333; font-size: 14.4px;\">Este l\u00e1piz labial es impermeable, duradero y antiadherente, lo que te permite mantener un maquillaje perfecto durante todo el d\u00eda<\/span><\/li>\n<li><span class=\"a-list-item\">Este l\u00e1piz labial te permite completar tu maquillaje de labios en tres segundos, ahorrando mucho tiempo<\/span><\/li>\n<li><span class=\"a-list-item\">Este l\u00e1piz labial es ligero y compacto, f\u00e1cil de llevar<\/span><\/li>\n<\/ul>\n<p><img decoding=\"async\" class=\"alignnone wp-image-23574\" src=\"https:\/\/findit.webapp-market.com\/wp-content\/uploads\/2024\/03\/Kiss-matte-lipstick-5-300x186.jpg\" alt=\"\" width=\"790\" height=\"490\" srcset=\"https:\/\/findit.webapp-market.com\/wp-content\/uploads\/2024\/03\/Kiss-matte-lipstick-5-300x186.jpg 300w, https:\/\/findit.webapp-market.com\/wp-content\/uploads\/2024\/03\/Kiss-matte-lipstick-5-768x475.jpg 768w, https:\/\/findit.webapp-market.com\/wp-content\/uploads\/2024\/03\/Kiss-matte-lipstick-5-250x155.jpg 250w, https:\/\/findit.webapp-market.com\/wp-content\/uploads\/2024\/03\/Kiss-matte-lipstick-5-600x371.jpg 600w, https:\/\/findit.webapp-market.com\/wp-content\/uploads\/2024\/03\/Kiss-matte-lipstick-5-150x93.jpg 150w, https:\/\/findit.webapp-market.com\/wp-content\/uploads\/2024\/03\/Kiss-matte-lipstick-5.jpg 970w\" sizes=\"(max-width: 790px) 100vw, 790px\" \/><\/p>\n<p><img decoding=\"async\" class=\"alignnone wp-image-23572\" src=\"https:\/\/findit.webapp-market.com\/wp-content\/uploads\/2024\/03\/hpw-tu-use-300x186.jpg\" alt=\"\" width=\"795\" height=\"493\" srcset=\"https:\/\/findit.webapp-market.com\/wp-content\/uploads\/2024\/03\/hpw-tu-use-300x186.jpg 300w, https:\/\/findit.webapp-market.com\/wp-content\/uploads\/2024\/03\/hpw-tu-use-768x475.jpg 768w, https:\/\/findit.webapp-market.com\/wp-content\/uploads\/2024\/03\/hpw-tu-use-250x155.jpg 250w, https:\/\/findit.webapp-market.com\/wp-content\/uploads\/2024\/03\/hpw-tu-use-600x371.jpg 600w, https:\/\/findit.webapp-market.com\/wp-content\/uploads\/2024\/03\/hpw-tu-use-150x93.jpg 150w, https:\/\/findit.webapp-market.com\/wp-content\/uploads\/2024\/03\/hpw-tu-use.jpg 970w\" sizes=\"(max-width: 795px) 100vw, 795px\" \/><\/p>\n<p><img loading=\"lazy\" decoding=\"async\" class=\"alignnone wp-image-23570\" src=\"https:\/\/findit.webapp-market.com\/wp-content\/uploads\/2024\/03\/Kiss-matte-lipstick-6-300x186.jpg\" alt=\"\" width=\"797\" height=\"494\" srcset=\"https:\/\/findit.webapp-market.com\/wp-content\/uploads\/2024\/03\/Kiss-matte-lipstick-6-300x186.jpg 300w, https:\/\/findit.webapp-market.com\/wp-content\/uploads\/2024\/03\/Kiss-matte-lipstick-6-768x475.jpg 768w, https:\/\/findit.webapp-market.com\/wp-content\/uploads\/2024\/03\/Kiss-matte-lipstick-6-250x155.jpg 250w, https:\/\/findit.webapp-market.com\/wp-content\/uploads\/2024\/03\/Kiss-matte-lipstick-6-600x371.jpg 600w, https:\/\/findit.webapp-market.com\/wp-content\/uploads\/2024\/03\/Kiss-matte-lipstick-6-150x93.jpg 150w, https:\/\/findit.webapp-market.com\/wp-content\/uploads\/2024\/03\/Kiss-matte-lipstick-6.jpg 970w\" sizes=\"(max-width: 797px) 100vw, 797px\" \/><\/p>\n","protected":false},"excerpt":{"rendered":"<p>Labial mate beso Dise\u00f1o s\u00faper personalizado y conveniente: dise\u00f1ado para personas perezosas o aquellos que necesitan maquillaje r\u00e1pido. Con un<\/p>\n","protected":false},"featured_media":20036,"comment_status":"open","ping_status":"closed","template":"","meta":[],"product_brand":[],"product_cat":[560],"product_tag":[611],"class_list":{"0":"post-23577","1":"product","2":"type-product","3":"status-publish","4":"has-post-thumbnail","6":"product_cat-labios","7":"product_tag-10-es","8":"product_shipping_class-1101-es","10":"first","11":"instock","12":"taxable","13":"shipping-taxable","14":"purchasable","15":"product-type-variable"},"_links":{"self":[{"href":"https:\/\/findit.webapp-market.com\/es\/wp-json\/wp\/v2\/product\/23577","targetHints":{"allow":["GET"]}}],"collection":[{"href":"https:\/\/findit.webapp-market.com\/es\/wp-json\/wp\/v2\/product"}],"about":[{"href":"https:\/\/findit.webapp-market.com\/es\/wp-json\/wp\/v2\/types\/product"}],"replies":[{"embeddable":true,"href":"https:\/\/findit.webapp-market.com\/es\/wp-json\/wp\/v2\/comments?post=23577"}],"wp:featuredmedia":[{"embeddable":true,"href":"https:\/\/findit.webapp-market.com\/es\/wp-json\/wp\/v2\/media\/20036"}],"wp:attachment":[{"href":"https:\/\/findit.webapp-market.com\/es\/wp-json\/wp\/v2\/media?parent=23577"}],"wp:term":[{"taxonomy":"product_brand","embeddable":true,"href":"https:\/\/findit.webapp-market.com\/es\/wp-json\/wp\/v2\/product_brand?post=23577"},{"taxonomy":"product_cat","embeddable":true,"href":"https:\/\/findit.webapp-market.com\/es\/wp-json\/wp\/v2\/product_cat?post=23577"},{"taxonomy":"product_tag","embeddable":true,"href":"https:\/\/findit.webapp-market.com\/es\/wp-json\/wp\/v2\/product_tag?post=23577"}],"curies":[{"name":"wp","href":"https:\/\/api.w.org\/{rel}","templated":true}]}}