{"id":23587,"date":"2024-03-27T19:22:25","date_gmt":"2024-03-27T19:22:25","guid":{"rendered":"https:\/\/findit.webapp-market.com\/product\/lenceria-sexy-babydoll-de-encaje-sally\/"},"modified":"2024-03-27T19:22:25","modified_gmt":"2024-03-27T19:22:25","slug":"lenceria-sexy-babydoll-de-encaje-sally","status":"publish","type":"product","link":"https:\/\/findit.webapp-market.com\/es\/producto\/lenceria-sexy-babydoll-de-encaje-sally\/","title":{"rendered":"Babydoll de encaje de lencer\u00eda sexy para mujer &#8211; Sally"},"content":{"rendered":"","protected":false},"excerpt":{"rendered":"<p>BabyDoll para noches especiales. Transparencias, encajes y un dise\u00f1o \u00fanico son los que hacen de esta prenda algo especial. Lucir sensual es muy f\u00e1cil y m\u00e1s cuando llevas una prenda como esta. <strong>Contiene:<\/strong> babydoll y pantimedias <strong>Material:<\/strong> 100% poli\u00e9ster.<strong> Cuidados:<\/strong> Lavar a mano o en proceso de prendas delicadas.  <\/p>\n<p><strong>Confidencialidad :<\/strong> Tus pedidos se env\u00edan en una caja o sobre totalmente sellado opaco sin ning\u00fan tipo de marcas externas. Para nosotros es muy importante tu privacidad. Tu privacidad es muy importante para nosotros.<\/p>\n","protected":false},"featured_media":16276,"comment_status":"open","ping_status":"closed","template":"","meta":[],"product_brand":[],"product_cat":[586,585],"product_tag":[611],"class_list":{"0":"post-23587","1":"product","2":"type-product","3":"status-publish","4":"has-post-thumbnail","6":"product_cat-lenceria-y-disfraces","7":"product_cat-tienda-erotica","8":"product_tag-10-es","9":"product_shipping_class-1169-es","11":"first","12":"instock","13":"taxable","14":"shipping-taxable","15":"purchasable","16":"product-type-simple"},"_links":{"self":[{"href":"https:\/\/findit.webapp-market.com\/es\/wp-json\/wp\/v2\/product\/23587","targetHints":{"allow":["GET"]}}],"collection":[{"href":"https:\/\/findit.webapp-market.com\/es\/wp-json\/wp\/v2\/product"}],"about":[{"href":"https:\/\/findit.webapp-market.com\/es\/wp-json\/wp\/v2\/types\/product"}],"replies":[{"embeddable":true,"href":"https:\/\/findit.webapp-market.com\/es\/wp-json\/wp\/v2\/comments?post=23587"}],"wp:featuredmedia":[{"embeddable":true,"href":"https:\/\/findit.webapp-market.com\/es\/wp-json\/wp\/v2\/media\/16276"}],"wp:attachment":[{"href":"https:\/\/findit.webapp-market.com\/es\/wp-json\/wp\/v2\/media?parent=23587"}],"wp:term":[{"taxonomy":"product_brand","embeddable":true,"href":"https:\/\/findit.webapp-market.com\/es\/wp-json\/wp\/v2\/product_brand?post=23587"},{"taxonomy":"product_cat","embeddable":true,"href":"https:\/\/findit.webapp-market.com\/es\/wp-json\/wp\/v2\/product_cat?post=23587"},{"taxonomy":"product_tag","embeddable":true,"href":"https:\/\/findit.webapp-market.com\/es\/wp-json\/wp\/v2\/product_tag?post=23587"}],"curies":[{"name":"wp","href":"https:\/\/api.w.org\/{rel}","templated":true}]}}